{"id":17,"date":"2025-11-16T01:48:55","date_gmt":"2025-11-16T00:48:55","guid":{"rendered":"https:\/\/ko-co.com\/?page_id=17"},"modified":"2026-03-20T22:05:44","modified_gmt":"2026-03-20T21:05:44","slug":"producten","status":"publish","type":"page","link":"https:\/\/ko-co.com\/fr\/producten\/","title":{"rendered":"Produits"},"content":{"rendered":"<div data-elementor-type=\"wp-page\" data-elementor-id=\"17\" class=\"elementor elementor-17\">\n\t\t\t\t<div class=\"elementor-element elementor-element-528228d e-flex e-con-boxed e-con e-parent\" data-id=\"528228d\" data-element_type=\"container\" data-settings=\"{&quot;background_background&quot;:&quot;classic&quot;}\">\n\t\t\t\t\t<div class=\"e-con-inner\">\n\t\t\t\t<div class=\"elementor-element elementor-element-dcb3296 elementor-widget elementor-widget-heading\" data-id=\"dcb3296\" data-element_type=\"widget\" data-widget_type=\"heading.default\">\n\t\t\t\t\t<h2 class=\"elementor-heading-title elementor-size-default\">PRODUITS<\/h2>\t\t\t\t<\/div>\n\t\t\t\t\t<\/div>\n\t\t\t\t<\/div>\n\t\t<div class=\"elementor-element elementor-element-ec8fb41 e-flex e-con-boxed e-con e-parent\" data-id=\"ec8fb41\" data-element_type=\"container\">\n\t\t\t\t\t<div class=\"e-con-inner\">\n\t\t<div class=\"elementor-element elementor-element-3298b13 e-con-full e-flex e-con e-child\" data-id=\"3298b13\" data-element_type=\"container\">\n\t\t\t\t<div class=\"elementor-element elementor-element-a4cdcc5 elementor-widget elementor-widget-image\" data-id=\"a4cdcc5\" data-element_type=\"widget\" data-widget_type=\"image.default\">\n\t\t\t\t\t\t\t\t\t\t\t\t\t\t\t\t<a href=\"https:\/\/ko-co.com\/fr\/gkd\/\">\n\t\t\t\t\t\t\t<img fetchpriority=\"high\" decoding=\"async\" width=\"720\" height=\"450\" src=\"https:\/\/ko-co.com\/wp-content\/uploads\/2025\/12\/weefsels-vlechtwerken-gaas-.png\" class=\"attachment-large size-large wp-image-319\" alt=\"weefsels-vlechtwerken-gaas\" srcset=\"https:\/\/ko-co.com\/wp-content\/uploads\/2025\/12\/weefsels-vlechtwerken-gaas-.png 720w, https:\/\/ko-co.com\/wp-content\/uploads\/2025\/12\/weefsels-vlechtwerken-gaas--300x188.png 300w\" sizes=\"(max-width: 720px) 100vw, 720px\" \/>\t\t\t\t\t\t\t\t<\/a>\n\t\t\t\t\t\t\t\t\t\t\t\t\t\t\t<\/div>\n\t\t\t\t<\/div>\n\t\t<div class=\"elementor-element elementor-element-fb4f2a4 e-con-full e-flex e-con e-child\" data-id=\"fb4f2a4\" data-element_type=\"container\">\n\t\t\t\t<div class=\"elementor-element elementor-element-e9cfb19 elementor-widget elementor-widget-heading\" data-id=\"e9cfb19\" data-element_type=\"widget\" data-widget_type=\"heading.default\">\n\t\t\t\t\t<h2 class=\"elementor-heading-title elementor-size-default\"><a href=\"https:\/\/ko-co.com\/fr\/gkd\/\">GKD<\/a><\/h2>\t\t\t\t<\/div>\n\t\t\t\t<div class=\"elementor-element elementor-element-4be3c43 elementor-widget elementor-widget-text-editor\" data-id=\"4be3c43\" data-element_type=\"widget\" data-widget_type=\"text-editor.default\">\n\t\t\t\t\t\t\t\t\t<p style=\"text-align: right;\">Les tissus m\u00e9talliques et treillis de GKD combinent pr\u00e9cision technique et qualit\u00e9 esth\u00e9tique. Les structures m\u00e9talliques sont durables, flexibles et utilis\u00e9es pour les fa\u00e7ades, les protections solaires et les applications int\u00e9rieures. Gr\u00e2ce \u00e0 leur transparence et \u00e0 leur robustesse, elles cr\u00e9ent des effets particuliers de lumi\u00e8re et d\u2019ombre. GKD continue d\u2019innover, ce qui rend ces mat\u00e9riaux haute gamme populaires aupr\u00e8s des architectes et des designers dans le monde entier.<\/p>\t\t\t\t\t\t\t\t<\/div>\n\t\t\t\t<\/div>\n\t\t\t\t\t<\/div>\n\t\t\t\t<\/div>\n\t\t<div class=\"elementor-element elementor-element-08435b3 e-flex e-con-boxed e-con e-parent\" data-id=\"08435b3\" data-element_type=\"container\">\n\t\t\t\t\t<div class=\"e-con-inner\">\n\t\t<div class=\"elementor-element elementor-element-09b0d62 e-con-full e-flex e-con e-child\" data-id=\"09b0d62\" data-element_type=\"container\">\n\t\t\t\t<div class=\"elementor-element elementor-element-37a3b1e elementor-widget elementor-widget-heading\" data-id=\"37a3b1e\" data-element_type=\"widget\" data-widget_type=\"heading.default\">\n\t\t\t\t\t<h2 class=\"elementor-heading-title elementor-size-default\"><a href=\"https:\/\/ko-co.com\/fr\/ring\/\">RING<\/a><\/h2>\t\t\t\t<\/div>\n\t\t\t\t<div class=\"elementor-element elementor-element-380b8a4 elementor-widget elementor-widget-text-editor\" data-id=\"380b8a4\" data-element_type=\"widget\" data-widget_type=\"text-editor.default\">\n\t\t\t\t\t\t\t\t\t<p>La cotte de mailles en acier inoxydable et en bronze combine durabilit\u00e9 et \u00e9l\u00e9gance. L\u2019inox repr\u00e9sente la modernit\u00e9 et la r\u00e9sistance \u00e0 la corrosion, tandis que le bronze apporte des accents chaleureux et luxueux. Ensemble, ils forment des \u00e9crans solides et d\u00e9coratifs, parfaits pour les fa\u00e7ades, les s\u00e9parations, le design int\u00e9rieur et bien plus encore. Ils allient robustesse, transparence, transmission de la lumi\u00e8re et finition \u00e9l\u00e9gante.<\/p>\t\t\t\t\t\t\t\t<\/div>\n\t\t\t\t<\/div>\n\t\t<div class=\"elementor-element elementor-element-d0c4603 e-con-full e-flex e-con e-child\" data-id=\"d0c4603\" data-element_type=\"container\">\n\t\t\t\t<div class=\"elementor-element elementor-element-33951b3 elementor-widget elementor-widget-image\" data-id=\"33951b3\" data-element_type=\"widget\" data-widget_type=\"image.default\">\n\t\t\t\t\t\t\t\t\t\t\t\t\t\t\t\t<a href=\"https:\/\/ko-co.com\/fr\/ring\/\">\n\t\t\t\t\t\t\t<img decoding=\"async\" width=\"768\" height=\"487\" src=\"https:\/\/ko-co.com\/wp-content\/uploads\/2026\/01\/alphamesh_ring_7.0-Bronze-2-768x487-1.jpg\" class=\"attachment-large size-large wp-image-622\" alt=\"ring_7-brons\" srcset=\"https:\/\/ko-co.com\/wp-content\/uploads\/2026\/01\/alphamesh_ring_7.0-Bronze-2-768x487-1.jpg 768w, https:\/\/ko-co.com\/wp-content\/uploads\/2026\/01\/alphamesh_ring_7.0-Bronze-2-768x487-1-300x190.jpg 300w\" sizes=\"(max-width: 768px) 100vw, 768px\" \/>\t\t\t\t\t\t\t\t<\/a>\n\t\t\t\t\t\t\t\t\t\t\t\t\t\t\t<\/div>\n\t\t\t\t<\/div>\n\t\t\t\t\t<\/div>\n\t\t\t\t<\/div>\n\t\t<div class=\"elementor-element elementor-element-311490b e-flex e-con-boxed e-con e-parent\" data-id=\"311490b\" data-element_type=\"container\">\n\t\t\t\t\t<div class=\"e-con-inner\">\n\t\t<div class=\"elementor-element elementor-element-15c67fd e-con-full e-flex e-con e-child\" data-id=\"15c67fd\" data-element_type=\"container\">\n\t\t\t\t<div class=\"elementor-element elementor-element-ff1171b elementor-widget elementor-widget-image\" data-id=\"ff1171b\" data-element_type=\"widget\" data-widget_type=\"image.default\">\n\t\t\t\t\t\t\t\t\t\t\t\t\t\t\t\t<a href=\"https:\/\/ko-co.com\/fr\/ko-tex\/\">\n\t\t\t\t\t\t\t<img decoding=\"async\" width=\"720\" height=\"450\" src=\"https:\/\/ko-co.com\/wp-content\/uploads\/2025\/12\/metal-fabric-brass.jpg\" class=\"attachment-large size-large wp-image-376\" alt=\"metal fabric brass\" srcset=\"https:\/\/ko-co.com\/wp-content\/uploads\/2025\/12\/metal-fabric-brass.jpg 720w, https:\/\/ko-co.com\/wp-content\/uploads\/2025\/12\/metal-fabric-brass-300x188.jpg 300w\" sizes=\"(max-width: 720px) 100vw, 720px\" \/>\t\t\t\t\t\t\t\t<\/a>\n\t\t\t\t\t\t\t\t\t\t\t\t\t\t\t<\/div>\n\t\t\t\t<\/div>\n\t\t<div class=\"elementor-element elementor-element-dedc5e6 e-con-full e-flex e-con e-child\" data-id=\"dedc5e6\" data-element_type=\"container\">\n\t\t\t\t<div class=\"elementor-element elementor-element-62ef1e8 elementor-widget elementor-widget-heading\" data-id=\"62ef1e8\" data-element_type=\"widget\" data-widget_type=\"heading.default\">\n\t\t\t\t\t<h2 class=\"elementor-heading-title elementor-size-default\"><a href=\"https:\/\/ko-co.com\/fr\/ko-tex\/\">KO-TEX<\/a><\/h2>\t\t\t\t<\/div>\n\t\t\t\t<div class=\"elementor-element elementor-element-a29ac23 elementor-widget elementor-widget-text-editor\" data-id=\"a29ac23\" data-element_type=\"widget\" data-widget_type=\"text-editor.default\">\n\t\t\t\t\t\t\t\t\t<p style=\"text-align: right;\">Les tissus m\u00e9talliques offrent une combinaison unique de r\u00e9sistance, de flexibilit\u00e9 et d'esth\u00e9tique. Gr\u00e2ce \u00e0 leur durabilit\u00e9 et \u00e0 leur aspect moderne, ils sont utilis\u00e9s dans les projets d'am\u00e9nagement int\u00e9rieur, ainsi que dans l'industrie du mobilier et la mode. Leur structure ajour\u00e9e permet la transmission de la lumi\u00e8re, la ventilation et cr\u00e9e une impression de profondeur. Polyvalents et faciles d'entretien, les tissus m\u00e9talliques sont id\u00e9aux pour des cr\u00e9ations \u00e0 la fois fonctionnelles et originales.<\/p>\t\t\t\t\t\t\t\t<\/div>\n\t\t\t\t<\/div>\n\t\t\t\t\t<\/div>\n\t\t\t\t<\/div>\n\t\t<div class=\"elementor-element elementor-element-2380307 e-flex e-con-boxed e-con e-parent\" data-id=\"2380307\" data-element_type=\"container\">\n\t\t\t\t\t<div class=\"e-con-inner\">\n\t\t<div class=\"elementor-element elementor-element-690440b e-con-full e-flex e-con e-child\" data-id=\"690440b\" data-element_type=\"container\">\n\t\t\t\t<div class=\"elementor-element elementor-element-5b4b5e2 elementor-widget elementor-widget-heading\" data-id=\"5b4b5e2\" data-element_type=\"widget\" data-widget_type=\"heading.default\">\n\t\t\t\t\t<h2 class=\"elementor-heading-title elementor-size-default\"><a href=\"https:\/\/ko-co.com\/fr\/ko-ket\/\">KO-KETT<\/a><\/h2>\t\t\t\t<\/div>\n\t\t\t\t<div class=\"elementor-element elementor-element-f7dcc78 elementor-widget elementor-widget-text-editor\" data-id=\"f7dcc78\" data-element_type=\"widget\" data-widget_type=\"text-editor.default\">\n\t\t\t\t\t\t\t\t\t<p>Les cloisons \u00e0 cha\u00eenettes sont des s\u00e9parations d\u00e9coratives et flexibles, compos\u00e9es de cha\u00eenes m\u00e9talliques. Elles cr\u00e9ent une s\u00e9paration \u00e9l\u00e9gante tout en pr\u00e9servant la sensation d'ouverture. Gr\u00e2ce \u00e0 leur mouvement fluide et leur transparence, elles sont id\u00e9ales pour les int\u00e9rieurs, les espaces commerciaux et les \u00e9tablissements h\u00f4teliers. Les cloisons \u00e0 cha\u00eenettes allient fonctionnalit\u00e9, durabilit\u00e9 et esth\u00e9tique dans un design int\u00e9rieur moderne et ludique. Elles conjuguent robustesse, transparence, translucide et finitions \u00e9l\u00e9gantes.<\/p>\t\t\t\t\t\t\t\t<\/div>\n\t\t\t\t<\/div>\n\t\t<div class=\"elementor-element elementor-element-2717eb1 e-con-full e-flex e-con e-child\" data-id=\"2717eb1\" data-element_type=\"container\">\n\t\t\t\t<div class=\"elementor-element elementor-element-656d616 elementor-widget elementor-widget-image\" data-id=\"656d616\" data-element_type=\"widget\" data-widget_type=\"image.default\">\n\t\t\t\t\t\t\t\t\t\t\t\t\t\t\t\t<a href=\"https:\/\/ko-co.com\/fr\/ko-ket\/\">\n\t\t\t\t\t\t\t<img loading=\"lazy\" decoding=\"async\" width=\"720\" height=\"450\" src=\"https:\/\/ko-co.com\/wp-content\/uploads\/2025\/12\/Ketting-scherm-vernikkeld.jpg\" class=\"attachment-large size-large wp-image-385\" alt=\"Ketting scherm - vernikkeld\" srcset=\"https:\/\/ko-co.com\/wp-content\/uploads\/2025\/12\/Ketting-scherm-vernikkeld.jpg 720w, https:\/\/ko-co.com\/wp-content\/uploads\/2025\/12\/Ketting-scherm-vernikkeld-300x188.jpg 300w\" sizes=\"(max-width: 720px) 100vw, 720px\" \/>\t\t\t\t\t\t\t\t<\/a>\n\t\t\t\t\t\t\t\t\t\t\t\t\t\t\t<\/div>\n\t\t\t\t<\/div>\n\t\t\t\t\t<\/div>\n\t\t\t\t<\/div>\n\t\t<div class=\"elementor-element elementor-element-f2ae1aa e-flex e-con-boxed e-con e-parent\" data-id=\"f2ae1aa\" data-element_type=\"container\">\n\t\t\t\t\t<div class=\"e-con-inner\">\n\t\t<div class=\"elementor-element elementor-element-e6884b4 e-con-full e-flex e-con e-child\" data-id=\"e6884b4\" data-element_type=\"container\">\n\t\t\t\t<div class=\"elementor-element elementor-element-28d30c7 elementor-widget elementor-widget-image\" data-id=\"28d30c7\" data-element_type=\"widget\" data-widget_type=\"image.default\">\n\t\t\t\t\t\t\t\t\t\t\t\t\t\t\t\t<a href=\"https:\/\/ko-co.com\/fr\/flex\/?preview_id=25&#038;preview_nonce=bb91a6d7da&#038;preview=true\">\n\t\t\t\t\t\t\t<img loading=\"lazy\" decoding=\"async\" width=\"720\" height=\"450\" src=\"https:\/\/ko-co.com\/wp-content\/uploads\/2025\/12\/flexline-kabelnet.jpg\" class=\"attachment-large size-large wp-image-386\" alt=\"flexline kabelnet\" srcset=\"https:\/\/ko-co.com\/wp-content\/uploads\/2025\/12\/flexline-kabelnet.jpg 720w, https:\/\/ko-co.com\/wp-content\/uploads\/2025\/12\/flexline-kabelnet-300x188.jpg 300w\" sizes=\"(max-width: 720px) 100vw, 720px\" \/>\t\t\t\t\t\t\t\t<\/a>\n\t\t\t\t\t\t\t\t\t\t\t\t\t\t\t<\/div>\n\t\t\t\t<\/div>\n\t\t<div class=\"elementor-element elementor-element-7d35e76 e-con-full e-flex e-con e-child\" data-id=\"7d35e76\" data-element_type=\"container\">\n\t\t\t\t<div class=\"elementor-element elementor-element-de6c111 elementor-widget elementor-widget-heading\" data-id=\"de6c111\" data-element_type=\"widget\" data-widget_type=\"heading.default\">\n\t\t\t\t\t<h2 class=\"elementor-heading-title elementor-size-default\"><a href=\"https:\/\/ko-co.com\/fr\/flex\/?preview_id=25&#038;preview_nonce=bb91a6d7da&#038;preview=true\">FLEX<\/a><\/h2>\t\t\t\t<\/div>\n\t\t\t\t<div class=\"elementor-element elementor-element-da7808f elementor-widget elementor-widget-text-editor\" data-id=\"da7808f\" data-element_type=\"widget\" data-widget_type=\"text-editor.default\">\n\t\t\t\t\t\t\t\t\t<p style=\"text-align: right;\">Les filets de c\u00e2bles sont des structures robustes et flexibles, compos\u00e9es de c\u00e2bles en acier inoxydable, qui allient s\u00e9curit\u00e9 et transparence. Ils sont utilis\u00e9s pour la protection antichute, les fa\u00e7ades, l'am\u00e9nagement paysager et les enclos pour animaux. Gr\u00e2ce \u00e0 leur structure ajour\u00e9e, les filets \u00e0 c\u00e2bles laissent passer la lumi\u00e8re et l'air tout en garantissant une r\u00e9sistance maximale. Ils conjuguent durabilit\u00e9, \u00e9l\u00e9gance et grande polyvalence de conception.<\/p>\t\t\t\t\t\t\t\t<\/div>\n\t\t\t\t<\/div>\n\t\t\t\t\t<\/div>\n\t\t\t\t<\/div>\n\t\t<div class=\"elementor-element elementor-element-840fc43 e-flex e-con-boxed e-con e-parent\" data-id=\"840fc43\" data-element_type=\"container\">\n\t\t\t\t\t<div class=\"e-con-inner\">\n\t\t<div class=\"elementor-element elementor-element-3697d01 e-con-full e-flex e-con e-child\" data-id=\"3697d01\" data-element_type=\"container\">\n\t\t\t\t<div class=\"elementor-element elementor-element-d050ea3 elementor-widget elementor-widget-heading\" data-id=\"d050ea3\" data-element_type=\"widget\" data-widget_type=\"heading.default\">\n\t\t\t\t\t<h2 class=\"elementor-heading-title elementor-size-default\"><a href=\"https:\/\/ko-co.com\/fr\/ko-ket\/\">KO-SLOT<\/a><\/h2>\t\t\t\t<\/div>\n\t\t\t\t<div class=\"elementor-element elementor-element-927b567 elementor-widget elementor-widget-text-editor\" data-id=\"927b567\" data-element_type=\"widget\" data-widget_type=\"text-editor.default\">\n\t\t\t\t\t\t\t\t\t<p>Les grilles en acier inoxydable soud\u00e9 allient robustesse, durabilit\u00e9 et esth\u00e9tique en une solution unique pour l'architecture moderne. L'acier inoxydable offre une excellente r\u00e9sistance \u00e0 la corrosion et un entretien facile, ce qui le rend id\u00e9al pour les applications int\u00e9rieures et ext\u00e9rieures. Gr\u00e2ce \u00e0 un proc\u00e9d\u00e9 de soudage pr\u00e9cis, les panneaux sont r\u00e9sistants, tandis que la conception ajour\u00e9e des grilles assure la ventilation, la transmission de la lumi\u00e8re et une transparence visuelle optimale. Disponibles en diff\u00e9rentes dimensions, formes et finitions, les grilles en acier inoxydable soud\u00e9 sont parfaites pour les fa\u00e7ades, les murs, les grilles de ventilation et les balustrades. Elles offrent une combinaison optimale de s\u00e9curit\u00e9, de fonctionnalit\u00e9 et d'\u00e9l\u00e9gance intemporelle.<\/p>\t\t\t\t\t\t\t\t<\/div>\n\t\t\t\t<\/div>\n\t\t<div class=\"elementor-element elementor-element-2e58b5d e-con-full e-flex e-con e-child\" data-id=\"2e58b5d\" data-element_type=\"container\">\n\t\t\t\t<div class=\"elementor-element elementor-element-16dd377 elementor-widget elementor-widget-image\" data-id=\"16dd377\" data-element_type=\"widget\" data-widget_type=\"image.default\">\n\t\t\t\t\t\t\t\t\t\t\t\t\t\t\t\t<a href=\"https:\/\/ko-co.com\/fr\/ko-slot\/\">\n\t\t\t\t\t\t\t<img loading=\"lazy\" decoding=\"async\" width=\"720\" height=\"450\" src=\"https:\/\/ko-co.com\/wp-content\/uploads\/2025\/12\/RVS-gelaste-roosters.jpg\" class=\"attachment-large size-large wp-image-318\" alt=\"RVS-gelaste-roosters\" srcset=\"https:\/\/ko-co.com\/wp-content\/uploads\/2025\/12\/RVS-gelaste-roosters.jpg 720w, https:\/\/ko-co.com\/wp-content\/uploads\/2025\/12\/RVS-gelaste-roosters-300x188.jpg 300w\" sizes=\"(max-width: 720px) 100vw, 720px\" \/>\t\t\t\t\t\t\t\t<\/a>\n\t\t\t\t\t\t\t\t\t\t\t\t\t\t\t<\/div>\n\t\t\t\t<\/div>\n\t\t\t\t\t<\/div>\n\t\t\t\t<\/div>\n\t\t<div class=\"elementor-element elementor-element-c9466b5 e-flex e-con-boxed e-con e-parent\" data-id=\"c9466b5\" data-element_type=\"container\">\n\t\t\t\t\t<div class=\"e-con-inner\">\n\t\t<div class=\"elementor-element elementor-element-86122ef e-con-full e-flex e-con e-child\" data-id=\"86122ef\" data-element_type=\"container\">\n\t\t\t\t<div class=\"elementor-element elementor-element-c401751 elementor-widget elementor-widget-image\" data-id=\"c401751\" data-element_type=\"widget\" data-widget_type=\"image.default\">\n\t\t\t\t\t\t\t\t\t\t\t\t\t\t\t\t<a href=\"https:\/\/ko-co.com\/fr\/ko-cel\/\">\n\t\t\t\t\t\t\t<img loading=\"lazy\" decoding=\"async\" width=\"720\" height=\"450\" src=\"https:\/\/ko-co.com\/wp-content\/uploads\/2025\/12\/Schuimaluminium-panelen-1.jpg\" class=\"attachment-large size-large wp-image-340\" alt=\"Schuimaluminium panelen\" srcset=\"https:\/\/ko-co.com\/wp-content\/uploads\/2025\/12\/Schuimaluminium-panelen-1.jpg 720w, https:\/\/ko-co.com\/wp-content\/uploads\/2025\/12\/Schuimaluminium-panelen-1-300x188.jpg 300w\" sizes=\"(max-width: 720px) 100vw, 720px\" \/>\t\t\t\t\t\t\t\t<\/a>\n\t\t\t\t\t\t\t\t\t\t\t\t\t\t\t<\/div>\n\t\t\t\t<\/div>\n\t\t<div class=\"elementor-element elementor-element-5c86bf9 e-con-full e-flex e-con e-child\" data-id=\"5c86bf9\" data-element_type=\"container\">\n\t\t\t\t<div class=\"elementor-element elementor-element-e02baf1 elementor-widget elementor-widget-heading\" data-id=\"e02baf1\" data-element_type=\"widget\" data-widget_type=\"heading.default\">\n\t\t\t\t\t<h2 class=\"elementor-heading-title elementor-size-default\"><a href=\"https:\/\/ko-co.com\/fr\/ko-cel\/\">KO-CEL<\/a><\/h2>\t\t\t\t<\/div>\n\t\t\t\t<div class=\"elementor-element elementor-element-e100d2b elementor-widget elementor-widget-text-editor\" data-id=\"e100d2b\" data-element_type=\"widget\" data-widget_type=\"text-editor.default\">\n\t\t\t\t\t\t\t\t\t<p style=\"text-align: right;\">Gestabiliseerd schuim aluminium panelen bieden architecten een unieke combinatie van lichtgewicht constructie, structurele sterkte en innovatieve esthetiek.\u00a0 De panelen zijn duurzaam, onderhoudsarm en volledig recyclebaar, waardoor ze bijdragen aan toekomstbestendige gebouwen. Flexibel toepasbaar in gevels, wanden, plafonds en interieurdetails, cre\u00ebren aluminium schuimpanelen een opvallende textuur en visuele diepte. Met hun balans tussen functionaliteit, prestaties en design zijn ze een perfecte oplossing voor moderne architectuurprojecten die innovatie en duurzaamheid willen combineren.<\/p>\t\t\t\t\t\t\t\t<\/div>\n\t\t\t\t<\/div>\n\t\t\t\t\t<\/div>\n\t\t\t\t<\/div>\n\t\t<div class=\"elementor-element elementor-element-6e26c94 e-flex e-con-boxed e-con e-parent\" data-id=\"6e26c94\" data-element_type=\"container\">\n\t\t\t\t\t<div class=\"e-con-inner\">\n\t\t<div class=\"elementor-element elementor-element-fbbfeb1 e-con-full e-flex e-con e-child\" data-id=\"fbbfeb1\" data-element_type=\"container\">\n\t\t\t\t<div class=\"elementor-element elementor-element-19b7f11 elementor-widget elementor-widget-heading\" data-id=\"19b7f11\" data-element_type=\"widget\" data-widget_type=\"heading.default\">\n\t\t\t\t\t<h2 class=\"elementor-heading-title elementor-size-default\"><a href=\"https:\/\/ko-co.com\/fr\/ko-rip\/\">KO-RIPP\n\n<\/a><\/h2>\t\t\t\t<\/div>\n\t\t\t\t<div class=\"elementor-element elementor-element-1a2c63f elementor-widget elementor-widget-text-editor\" data-id=\"1a2c63f\" data-element_type=\"widget\" data-widget_type=\"text-editor.default\">\n\t\t\t\t\t\t\t\t\t<p>Les effets de vagues apportent une esth\u00e9tique et un dynamisme uniques aux projets architecturaux. Ces motifs ondulatoires subtils, inspir\u00e9s par la nature, cr\u00e9ent une interaction ludique entre la lumi\u00e8re et les reflets. Id\u00e9aux pour les fa\u00e7ades, les \u00e9l\u00e9ments int\u00e9rieurs ou les am\u00e9nagements paysagers, les effets de vagues conf\u00e8rent une impression de s\u00e9r\u00e9nit\u00e9 et de raffinement.<\/p>\t\t\t\t\t\t\t\t<\/div>\n\t\t\t\t<\/div>\n\t\t<div class=\"elementor-element elementor-element-636206c e-con-full e-flex e-con e-child\" data-id=\"636206c\" data-element_type=\"container\">\n\t\t\t\t<div class=\"elementor-element elementor-element-929a27d elementor-widget elementor-widget-image\" data-id=\"929a27d\" data-element_type=\"widget\" data-widget_type=\"image.default\">\n\t\t\t\t\t\t\t\t\t\t\t\t\t\t\t\t<a href=\"https:\/\/ko-co.com\/fr\/ko-rip\/\">\n\t\t\t\t\t\t\t<img loading=\"lazy\" decoding=\"async\" width=\"720\" height=\"450\" src=\"https:\/\/ko-co.com\/wp-content\/uploads\/2025\/12\/water-ripple-panels.jpg\" class=\"attachment-large size-large wp-image-391\" alt=\"water ripple panels\" srcset=\"https:\/\/ko-co.com\/wp-content\/uploads\/2025\/12\/water-ripple-panels.jpg 720w, https:\/\/ko-co.com\/wp-content\/uploads\/2025\/12\/water-ripple-panels-300x188.jpg 300w\" sizes=\"(max-width: 720px) 100vw, 720px\" \/>\t\t\t\t\t\t\t\t<\/a>\n\t\t\t\t\t\t\t\t\t\t\t\t\t\t\t<\/div>\n\t\t\t\t<\/div>\n\t\t\t\t\t<\/div>\n\t\t\t\t<\/div>\n\t\t<div class=\"elementor-element elementor-element-0658f02 e-flex e-con-boxed e-con e-parent\" data-id=\"0658f02\" data-element_type=\"container\">\n\t\t\t\t\t<div class=\"e-con-inner\">\n\t\t<div class=\"elementor-element elementor-element-9ad2b27 e-con-full e-flex e-con e-child\" data-id=\"9ad2b27\" data-element_type=\"container\">\n\t\t\t\t<div class=\"elementor-element elementor-element-683e95e elementor-widget elementor-widget-image\" data-id=\"683e95e\" data-element_type=\"widget\" data-widget_type=\"image.default\">\n\t\t\t\t\t\t\t\t\t\t\t\t\t\t\t\t<a href=\"https:\/\/ko-co.com\/fr\/ko-tab\/\">\n\t\t\t\t\t\t\t<img loading=\"lazy\" decoding=\"async\" width=\"1024\" height=\"672\" src=\"https:\/\/ko-co.com\/wp-content\/uploads\/2026\/01\/Naamloos-2-1024x672.jpg\" class=\"attachment-large size-large wp-image-412\" alt=\"Geprofileerde_panelen\" srcset=\"https:\/\/ko-co.com\/wp-content\/uploads\/2026\/01\/Naamloos-2-1024x672.jpg 1024w, https:\/\/ko-co.com\/wp-content\/uploads\/2026\/01\/Naamloos-2-300x197.jpg 300w, https:\/\/ko-co.com\/wp-content\/uploads\/2026\/01\/Naamloos-2-768x504.jpg 768w, https:\/\/ko-co.com\/wp-content\/uploads\/2026\/01\/Naamloos-2.jpg 1258w\" sizes=\"(max-width: 1024px) 100vw, 1024px\" \/>\t\t\t\t\t\t\t\t<\/a>\n\t\t\t\t\t\t\t\t\t\t\t\t\t\t\t<\/div>\n\t\t\t\t<\/div>\n\t\t<div class=\"elementor-element elementor-element-ffd5be1 e-con-full e-flex e-con e-child\" data-id=\"ffd5be1\" data-element_type=\"container\">\n\t\t\t\t<div class=\"elementor-element elementor-element-dc8fe09 elementor-widget elementor-widget-heading\" data-id=\"dc8fe09\" data-element_type=\"widget\" data-widget_type=\"heading.default\">\n\t\t\t\t\t<h2 class=\"elementor-heading-title elementor-size-default\"><a href=\"https:\/\/ko-co.com\/fr\/ko-tab\/\">KO-TAB<\/a><\/h2>\t\t\t\t<\/div>\n\t\t\t\t<div class=\"elementor-element elementor-element-57e156e elementor-widget elementor-widget-text-editor\" data-id=\"57e156e\" data-element_type=\"widget\" data-widget_type=\"text-editor.default\">\n\t\t\t\t\t\t\t\t\t<p style=\"text-align: right;\">Les panneaux profil\u00e9s sont la solution id\u00e9ale pour allier esth\u00e9tique et fonctionnalit\u00e9. Gr\u00e2ce \u00e0 leurs lignes \u00e9pur\u00e9es, leurs mat\u00e9riaux r\u00e9sistants et leurs finitions vari\u00e9es, ces panneaux polyvalents offrent une libert\u00e9 de conception sans pr\u00e9c\u00e9dent. Qu'il s'agisse de fa\u00e7ades, de plafonds ou de murs, les panneaux profil\u00e9s conf\u00e8rent un caract\u00e8re moderne et intemporel. Optez pour les panneaux profil\u00e9s et donnez vie \u00e0 des projets innovants, durables et impressionnants !<\/p>\t\t\t\t\t\t\t\t<\/div>\n\t\t\t\t<\/div>\n\t\t\t\t\t<\/div>\n\t\t\t\t<\/div>\n\t\t\t\t<\/div>","protected":false},"excerpt":{"rendered":"<p>PRODUCTEN GKD GKD-weefsels en vlechtwerken combineren technische precisie met esthetische kwaliteit. De metalen structuren zijn duurzaam, flexibel en geschikt voor gevels, zonwering en interieurtoepassingen. Door hun transparantie en robuustheid cre\u00ebren ze bijzondere licht- en schaduweffecten. GKD blijft innoveren, waardoor deze hoogwaardige materialen wereldwijd populair zijn bij architecten en ontwerpers. RING RVS- en brons ringweefsel combineren [&hellip;]<\/p>\n","protected":false},"author":1,"featured_media":0,"parent":0,"menu_order":0,"comment_status":"closed","ping_status":"closed","template":"","meta":{"footnotes":""},"class_list":["post-17","page","type-page","status-publish","hentry"],"blocksy_meta":[],"_links":{"self":[{"href":"https:\/\/ko-co.com\/fr\/wp-json\/wp\/v2\/pages\/17","targetHints":{"allow":["GET"]}}],"collection":[{"href":"https:\/\/ko-co.com\/fr\/wp-json\/wp\/v2\/pages"}],"about":[{"href":"https:\/\/ko-co.com\/fr\/wp-json\/wp\/v2\/types\/page"}],"author":[{"embeddable":true,"href":"https:\/\/ko-co.com\/fr\/wp-json\/wp\/v2\/users\/1"}],"replies":[{"embeddable":true,"href":"https:\/\/ko-co.com\/fr\/wp-json\/wp\/v2\/comments?post=17"}],"version-history":[{"count":82,"href":"https:\/\/ko-co.com\/fr\/wp-json\/wp\/v2\/pages\/17\/revisions"}],"predecessor-version":[{"id":2048,"href":"https:\/\/ko-co.com\/fr\/wp-json\/wp\/v2\/pages\/17\/revisions\/2048"}],"wp:attachment":[{"href":"https:\/\/ko-co.com\/fr\/wp-json\/wp\/v2\/media?parent=17"}],"curies":[{"name":"wp","href":"https:\/\/api.w.org\/{rel}","templated":true}]}}