{"id":20,"date":"2025-11-16T01:48:55","date_gmt":"2025-11-16T00:48:55","guid":{"rendered":"https:\/\/ko-co.com\/?page_id=20"},"modified":"2026-03-14T23:24:46","modified_gmt":"2026-03-14T22:24:46","slug":"duurzaam","status":"publish","type":"page","link":"https:\/\/ko-co.com\/fr\/duurzaam\/","title":{"rendered":"Duurzaam"},"content":{"rendered":"<div data-elementor-type=\"wp-page\" data-elementor-id=\"20\" class=\"elementor elementor-20\">\n\t\t\t\t<div class=\"elementor-element elementor-element-d811523 e-flex e-con-boxed e-con e-parent\" data-id=\"d811523\" data-element_type=\"container\" data-settings=\"{&quot;background_background&quot;:&quot;classic&quot;}\">\n\t\t\t\t\t<div class=\"e-con-inner\">\n\t\t\t\t<div class=\"elementor-element elementor-element-cd7e44e elementor-widget elementor-widget-heading\" data-id=\"cd7e44e\" data-element_type=\"widget\" data-widget_type=\"heading.default\">\n\t\t\t\t\t<h2 class=\"elementor-heading-title elementor-size-default\">DUURZAAMHEID<\/h2>\t\t\t\t<\/div>\n\t\t\t\t\t<\/div>\n\t\t\t\t<\/div>\n\t\t<div class=\"elementor-element elementor-element-f023679 e-flex e-con-boxed e-con e-parent\" data-id=\"f023679\" data-element_type=\"container\">\n\t\t\t\t\t<div class=\"e-con-inner\">\n\t\t\t\t<div class=\"elementor-element elementor-element-b501b35 elementor-widget elementor-widget-heading\" data-id=\"b501b35\" data-element_type=\"widget\" data-widget_type=\"heading.default\">\n\t\t\t\t\t<h2 class=\"elementor-heading-title elementor-size-default\">Durabilit\u00e9 : investir dans l'avenir<\/h2>\t\t\t\t<\/div>\n\t\t\t\t<div class=\"elementor-element elementor-element-b663fd8 elementor-widget elementor-widget-text-editor\" data-id=\"b663fd8\" data-element_type=\"widget\" data-widget_type=\"text-editor.default\">\n\t\t\t\t\t\t\t\t\t<p>En architecture moderne, les m\u00e9taux ferreux et non ferreux jouent un r\u00f4le essentiel dans la r\u00e9alisation de b\u00e2timents durables et tourn\u00e9s vers l'avenir. Des m\u00e9taux comme l'acier, l'acier inoxydable, l'aluminium, le cuivre, le laiton et le zinc allient une longue dur\u00e9e de vie \u00e0 une excellente recyclabilit\u00e9, ce qui en fait un choix responsable pour les projets de construction contemporains.<\/p><p>Gr\u00e2ce \u00e0 leur robustesse, leur flexibilit\u00e9 et leurs possibilit\u00e9s esth\u00e9tiques, les m\u00e9taux offrent aux architectes et aux professionnels du b\u00e2timent la libert\u00e9 de cr\u00e9er des designs innovants sans compromettre le d\u00e9veloppement durable. Les m\u00e9taux ferreux et non ferreux r\u00e9sistent \u00e0 l'usure, n\u00e9cessitent peu d'entretien et conservent leur qualit\u00e9 pendant des d\u00e9cennies.<\/p><p>De plus, ces m\u00e9taux sont presque enti\u00e8rement recyclables sans perte de propri\u00e9t\u00e9s. Ils contribuent ainsi \u00e0 une \u00e9conomie circulaire dans le secteur de la construction, o\u00f9 les mat\u00e9riaux sont r\u00e9utilis\u00e9s \u00e0 l'infini. Les m\u00e9taux constituent donc un choix non seulement pratique, mais aussi respectueux de l'environnement pour les fa\u00e7ades, les structures et les \u00e9l\u00e9ments architecturaux.<\/p><p>En choisissant des m\u00e9taux ferreux et non ferreux, vous investissez dans des solutions robustes, durables et esth\u00e9tiquement de haute qualit\u00e9, pr\u00eates pour l'architecture de demain.<\/p>\t\t\t\t\t\t\t\t<\/div>\n\t\t\t\t\t<\/div>\n\t\t\t\t<\/div>\n\t\t<div class=\"elementor-element elementor-element-1749ea7 e-flex e-con-boxed e-con e-parent\" data-id=\"1749ea7\" data-element_type=\"container\">\n\t\t\t\t\t<div class=\"e-con-inner\">\n\t\t\t\t<div class=\"elementor-element elementor-element-2cd7278 elementor-widget elementor-widget-text-editor\" data-id=\"2cd7278\" data-element_type=\"widget\" data-widget_type=\"text-editor.default\">\n\t\t\t\t\t\t\t\t\t<table width=\"991\"><tbody><tr><td width=\"143\"><p><strong>Mati\u00e8re<\/strong><\/p><\/td><td width=\"143\"><strong>Dur\u00e9e de vie<\/strong><\/td><td width=\"182\"><strong>R\u00e9sistance \u00e0 la corrosion<\/strong><\/td><td width=\"143\"><strong>Recyclebaarheid<\/strong><\/td><td width=\"237\"><strong>Productie-impact<\/strong><\/td><td width=\"143\"><strong>Gebruik van beschermlaag<\/strong><\/td><\/tr><tr data-start=\"280\" data-end=\"362\"><td width=\"143\" data-start=\"280\" data-end=\"292\" data-col-size=\"sm\"><strong>Acier<\/strong><\/td><td width=\"143\" data-start=\"292\" data-end=\"299\" data-col-size=\"sm\">long<\/td><td width=\"182\" data-start=\"299\" data-end=\"320\" data-col-size=\"sm\">faible (peut rouiller)<\/td><td width=\"143\" data-start=\"320\" data-end=\"332\" data-col-size=\"sm\">tr\u00e8s bien<\/td><td width=\"237\" data-start=\"332\" data-end=\"344\" data-col-size=\"sm\">moyennement<\/td><td width=\"143\">requis<\/td><\/tr><tr data-start=\"363\" data-end=\"457\"><td width=\"143\" data-start=\"363\" data-end=\"391\" data-col-size=\"sm\"><strong>Inox (acier inoxydable)<\/strong><\/td><td width=\"143\" data-start=\"391\" data-end=\"403\" data-col-size=\"sm\">tr\u00e8s long<\/td><td width=\"182\" data-start=\"403\" data-end=\"415\" data-col-size=\"sm\">tr\u00e8s haut<\/td><td width=\"143\" data-start=\"415\" data-end=\"427\" data-col-size=\"sm\">tr\u00e8s bien<\/td><td width=\"237\" data-start=\"427\" data-end=\"435\" data-col-size=\"sm\">haut<\/td><td width=\"143\">non<\/td><\/tr><tr data-start=\"458\" data-end=\"556\"><td width=\"143\" data-start=\"458\" data-end=\"474\" data-col-size=\"sm\"><strong>Aluminium<\/strong><\/td><td width=\"143\" data-start=\"474\" data-end=\"481\" data-col-size=\"sm\">long<\/td><td width=\"182\" data-start=\"481\" data-end=\"488\" data-col-size=\"sm\">haut<\/td><td width=\"143\" data-start=\"488\" data-end=\"500\" data-col-size=\"sm\">tr\u00e8s bien<\/td><td width=\"237\" data-start=\"500\" data-end=\"535\" data-col-size=\"sm\">tr\u00e8s haut pour production primaire, recycler jusqu'\u00e0 95 % plus efficace.<\/td><td width=\"143\">autoris\u00e9, non requis<\/td><\/tr><tr data-start=\"557\" data-end=\"640\"><td width=\"143\" data-start=\"557\" data-end=\"569\" data-col-size=\"sm\"><strong>Cuivre<\/strong><\/td><td width=\"143\" data-start=\"569\" data-end=\"581\" data-col-size=\"sm\">tr\u00e8s long<\/td><td width=\"182\" data-start=\"581\" data-end=\"593\" data-col-size=\"sm\">tr\u00e8s haut<\/td><td width=\"143\" data-start=\"593\" data-end=\"605\" data-col-size=\"sm\">tr\u00e8s bien<\/td><td width=\"237\" data-start=\"605\" data-end=\"612\" data-col-size=\"sm\">haut<\/td><td width=\"143\">non<\/td><\/tr><tr data-start=\"641\" data-end=\"719\"><td width=\"143\" data-start=\"641\" data-end=\"653\" data-col-size=\"sm\"><strong>Cuivre<\/strong><\/td><td width=\"143\" data-start=\"653\" data-end=\"665\" data-col-size=\"sm\">tr\u00e8s long<\/td><td width=\"182\" data-start=\"665\" data-end=\"677\" data-col-size=\"sm\">tr\u00e8s haut<\/td><td width=\"143\" data-start=\"677\" data-end=\"684\" data-col-size=\"sm\">bien<\/td><td width=\"237\" data-start=\"684\" data-end=\"691\" data-col-size=\"sm\">haut<\/td><td width=\"143\">non<\/td><\/tr><tr data-start=\"720\" data-end=\"783\"><td width=\"143\" data-start=\"720\" data-end=\"734\" data-col-size=\"sm\"><strong>Laiton<\/strong><\/td><td width=\"143\" data-start=\"734\" data-end=\"741\" data-col-size=\"sm\">long<\/td><td width=\"182\" data-start=\"741\" data-end=\"748\" data-col-size=\"sm\">haut<\/td><td width=\"143\" data-start=\"748\" data-end=\"755\" data-col-size=\"sm\">bien<\/td><td width=\"237\" data-start=\"755\" data-end=\"762\" data-col-size=\"sm\">haut<\/td><td width=\"143\">non<\/td><\/tr><\/tbody><\/table>\t\t\t\t\t\t\t\t<\/div>\n\t\t\t\t\t<\/div>\n\t\t\t\t<\/div>\n\t\t\t\t<\/div>","protected":false},"excerpt":{"rendered":"<p>DUURZAAMHEID Duurzaam: investeren in de toekomst In de moderne architectuur spelen ferro- en non-ferrometalen een sleutelrol in het realiseren van duurzame en toekomstgerichte gebouwen. Metalen zoals staal, RVS, aluminium, koper, messing en zink combineren een lange levensduur met uitstekende recyclebaarheid, waardoor ze een verantwoorde keuze vormen voor hedendaagse bouwprojecten. Dankzij hun sterkte, flexibiliteit en esthetische [&hellip;]<\/p>\n","protected":false},"author":1,"featured_media":0,"parent":0,"menu_order":0,"comment_status":"closed","ping_status":"closed","template":"","meta":{"footnotes":""},"class_list":["post-20","page","type-page","status-publish","hentry"],"blocksy_meta":[],"_links":{"self":[{"href":"https:\/\/ko-co.com\/fr\/wp-json\/wp\/v2\/pages\/20","targetHints":{"allow":["GET"]}}],"collection":[{"href":"https:\/\/ko-co.com\/fr\/wp-json\/wp\/v2\/pages"}],"about":[{"href":"https:\/\/ko-co.com\/fr\/wp-json\/wp\/v2\/types\/page"}],"author":[{"embeddable":true,"href":"https:\/\/ko-co.com\/fr\/wp-json\/wp\/v2\/users\/1"}],"replies":[{"embeddable":true,"href":"https:\/\/ko-co.com\/fr\/wp-json\/wp\/v2\/comments?post=20"}],"version-history":[{"count":32,"href":"https:\/\/ko-co.com\/fr\/wp-json\/wp\/v2\/pages\/20\/revisions"}],"predecessor-version":[{"id":1904,"href":"https:\/\/ko-co.com\/fr\/wp-json\/wp\/v2\/pages\/20\/revisions\/1904"}],"wp:attachment":[{"href":"https:\/\/ko-co.com\/fr\/wp-json\/wp\/v2\/media?parent=20"}],"curies":[{"name":"wp","href":"https:\/\/api.w.org\/{rel}","templated":true}]}}