{"id":23,"date":"2025-11-16T01:48:55","date_gmt":"2025-11-16T00:48:55","guid":{"rendered":"https:\/\/ko-co.com\/?page_id=23"},"modified":"2026-03-17T18:42:24","modified_gmt":"2026-03-17T17:42:24","slug":"ring","status":"publish","type":"page","link":"https:\/\/ko-co.com\/fr\/ring\/","title":{"rendered":"Ring"},"content":{"rendered":"<div data-elementor-type=\"wp-page\" data-elementor-id=\"23\" class=\"elementor elementor-23\">\n\t\t\t\t<div class=\"elementor-element elementor-element-7c94b2b e-flex e-con-boxed e-con e-parent\" data-id=\"7c94b2b\" data-element_type=\"container\" data-settings=\"{&quot;background_background&quot;:&quot;classic&quot;}\">\n\t\t\t\t\t<div class=\"e-con-inner\">\n\t\t\t\t<div class=\"elementor-element elementor-element-f67e94f elementor-widget elementor-widget-heading\" data-id=\"f67e94f\" data-element_type=\"widget\" data-widget_type=\"heading.default\">\n\t\t\t\t\t<h2 class=\"elementor-heading-title elementor-size-default\">RING  - Cotte de mailles<\/h2>\t\t\t\t<\/div>\n\t\t\t\t\t<\/div>\n\t\t\t\t<\/div>\n\t\t<div class=\"elementor-element elementor-element-f958ac3 e-flex e-con-boxed e-con e-parent\" data-id=\"f958ac3\" data-element_type=\"container\">\n\t\t\t\t\t<div class=\"e-con-inner\">\n\t\t\t\t<div class=\"elementor-element elementor-element-ca52172 elementor-widget elementor-widget-text-editor\" data-id=\"ca52172\" data-element_type=\"widget\" data-widget_type=\"text-editor.default\">\n\t\t\t\t\t\t\t\t\t<p data-start=\"176\" data-end=\"712\"><strong>RING <\/strong><\/strong>&nbsp;allie l'esth\u00e9tique des structures \u00e0 mailles ouvertes \u00e0 la robustesse de l'acier inoxydable, ce qui la rend id\u00e9ale pour les applications architecturales exigeantes. Sa structure annulaire pr\u00e9cise lui conf\u00e8re une haute r\u00e9sistance \u00e0 la traction et \u00e0 la compression, tandis que sa l\u00e9g\u00e8ret\u00e9 garantit une longue dur\u00e9e de vie. Gr\u00e2ce \u00e0 sa r\u00e9sistance \u00e0 la corrosion, son faible entretien et sa r\u00e9sistance aux conditions climatiques extr\u00eames, la toile annulaire en acier inoxydable est id\u00e9ale pour les fa\u00e7ades, les balustrades, les protections solaires et les cloisons.<\/p>\n<p data-start=\"719\" data-end=\"1191\"><strong>RING <\/strong>&nbsp;<\/strong>apporte une dimension esth\u00e9tique unique. Ce mat\u00e9riau se caract\u00e9rise par un aspect chaleureux et haut de gamme, et d\u00e9veloppe une patine naturelle au fil du temps, conf\u00e9rant \u00e0 chaque cr\u00e9ation un caract\u00e8re unique et intemporel. Associ\u00e9 \u00e0 la flexibilit\u00e9 des designs et \u00e0 la texture caract\u00e9ristique De la cotte de maille, il cr\u00e9e une harmonie entre fonctionnalit\u00e9, s\u00e9curit\u00e9 et impact visuel, s'int\u00e9grant parfaitement \u00e0 une architecture moderne et durable.<\/p>\t\t\t\t\t\t\t\t<\/div>\n\t\t\t\t\t<\/div>\n\t\t\t\t<\/div>\n\t\t<div class=\"elementor-element elementor-element-3db79b5 e-flex e-con-boxed e-con e-parent\" data-id=\"3db79b5\" data-element_type=\"container\">\n\t\t\t\t\t<div class=\"e-con-inner\">\n\t\t\t\t<div class=\"elementor-element elementor-element-b6ba925 elementor-widget elementor-widget-heading\" data-id=\"b6ba925\" data-element_type=\"widget\" data-widget_type=\"heading.default\">\n\t\t\t\t\t<h2 class=\"elementor-heading-title elementor-size-default\">Ring 12<\/h2>\t\t\t\t<\/div>\n\t\t\t\t\t<\/div>\n\t\t\t\t<\/div>\n\t\t<div class=\"elementor-element elementor-element-5b714d6 e-flex e-con-boxed e-con e-parent\" data-id=\"5b714d6\" data-element_type=\"container\">\n\t\t\t\t\t<div class=\"e-con-inner\">\n\t\t<div class=\"elementor-element elementor-element-d3a73d2 e-con-full e-flex e-con e-child\" data-id=\"d3a73d2\" data-element_type=\"container\">\n\t\t\t\t<div class=\"elementor-element elementor-element-2adad6d elementor-widget elementor-widget-image\" data-id=\"2adad6d\" data-element_type=\"widget\" data-widget_type=\"image.default\">\n\t\t\t\t\t\t\t\t\t\t\t\t\t\t\t<img fetchpriority=\"high\" decoding=\"async\" width=\"890\" height=\"564\" src=\"https:\/\/ko-co.com\/wp-content\/uploads\/2026\/01\/alphamesh_ring_12.0-Edelstahl.jpg\" class=\"attachment-large size-large wp-image-621\" alt=\"ring_12-rvs\" srcset=\"https:\/\/ko-co.com\/wp-content\/uploads\/2026\/01\/alphamesh_ring_12.0-Edelstahl.jpg 890w, https:\/\/ko-co.com\/wp-content\/uploads\/2026\/01\/alphamesh_ring_12.0-Edelstahl-300x190.jpg 300w, https:\/\/ko-co.com\/wp-content\/uploads\/2026\/01\/alphamesh_ring_12.0-Edelstahl-768x487.jpg 768w\" sizes=\"(max-width: 890px) 100vw, 890px\" \/>\t\t\t\t\t\t\t\t\t\t\t\t\t\t\t<\/div>\n\t\t\t\t<div class=\"elementor-element elementor-element-ac67fd4 elementor-widget elementor-widget-text-editor\" data-id=\"ac67fd4\" data-element_type=\"widget\" data-widget_type=\"text-editor.default\">\n\t\t\t\t\t\t\t\t\t<p>Ring 12 - Inox<br \/>Ouverture de \u00b163%<\/p>\t\t\t\t\t\t\t\t<\/div>\n\t\t\t\t<\/div>\n\t\t<div class=\"elementor-element elementor-element-77438df e-con-full e-flex e-con e-child\" data-id=\"77438df\" data-element_type=\"container\">\n\t\t\t\t<div class=\"elementor-element elementor-element-e7a539a elementor-widget elementor-widget-image\" data-id=\"e7a539a\" data-element_type=\"widget\" data-widget_type=\"image.default\">\n\t\t\t\t\t\t\t\t\t\t\t\t\t\t\t<img decoding=\"async\" width=\"768\" height=\"487\" src=\"https:\/\/ko-co.com\/wp-content\/uploads\/2026\/01\/alphamesh_ring_12.0-Bronze-768x487-1.jpg\" class=\"attachment-large size-large wp-image-627\" alt=\"ring_12-brons\" srcset=\"https:\/\/ko-co.com\/wp-content\/uploads\/2026\/01\/alphamesh_ring_12.0-Bronze-768x487-1.jpg 768w, https:\/\/ko-co.com\/wp-content\/uploads\/2026\/01\/alphamesh_ring_12.0-Bronze-768x487-1-300x190.jpg 300w\" sizes=\"(max-width: 768px) 100vw, 768px\" \/>\t\t\t\t\t\t\t\t\t\t\t\t\t\t\t<\/div>\n\t\t\t\t<div class=\"elementor-element elementor-element-1c590c9 elementor-widget elementor-widget-text-editor\" data-id=\"1c590c9\" data-element_type=\"widget\" data-widget_type=\"text-editor.default\">\n\t\t\t\t\t\t\t\t\t<p>Ring 12 - Bronze<br \/>Ouverture de \u00b163%<\/p>\t\t\t\t\t\t\t\t<\/div>\n\t\t\t\t<\/div>\n\t\t<div class=\"elementor-element elementor-element-72936fa e-con-full e-flex e-con e-child\" data-id=\"72936fa\" data-element_type=\"container\">\n\t\t\t\t<div class=\"elementor-element elementor-element-6de56f2 elementor-widget elementor-widget-image\" data-id=\"6de56f2\" data-element_type=\"widget\" data-widget_type=\"image.default\">\n\t\t\t\t\t\t\t\t\t\t\t\t\t\t\t<img decoding=\"async\" width=\"768\" height=\"487\" src=\"https:\/\/ko-co.com\/wp-content\/uploads\/2026\/01\/alphamesh_ring_12.0-Bicolor-768x487-1.jpg\" class=\"attachment-large size-large wp-image-625\" alt=\"ring_12-bicolor\" srcset=\"https:\/\/ko-co.com\/wp-content\/uploads\/2026\/01\/alphamesh_ring_12.0-Bicolor-768x487-1.jpg 768w, https:\/\/ko-co.com\/wp-content\/uploads\/2026\/01\/alphamesh_ring_12.0-Bicolor-768x487-1-300x190.jpg 300w\" sizes=\"(max-width: 768px) 100vw, 768px\" \/>\t\t\t\t\t\t\t\t\t\t\t\t\t\t\t<\/div>\n\t\t\t\t<div class=\"elementor-element elementor-element-acf8667 elementor-widget elementor-widget-text-editor\" data-id=\"acf8667\" data-element_type=\"widget\" data-widget_type=\"text-editor.default\">\n\t\t\t\t\t\t\t\t\t<p>Ring 12 &#8211; Bicolor<br \/>Ouverture de \u00b163%<br \/>Une combinaison de bronze &amp; d'inox<\/p>\t\t\t\t\t\t\t\t<\/div>\n\t\t\t\t<\/div>\n\t\t\t\t\t<\/div>\n\t\t\t\t<\/div>\n\t\t<div class=\"elementor-element elementor-element-09ef533 e-flex e-con-boxed e-con e-parent\" data-id=\"09ef533\" data-element_type=\"container\">\n\t\t\t\t\t<div class=\"e-con-inner\">\n\t\t\t\t<div class=\"elementor-element elementor-element-cef575a elementor-widget elementor-widget-heading\" data-id=\"cef575a\" data-element_type=\"widget\" data-widget_type=\"heading.default\">\n\t\t\t\t\t<h2 class=\"elementor-heading-title elementor-size-default\">Ring 7<\/h2>\t\t\t\t<\/div>\n\t\t\t\t\t<\/div>\n\t\t\t\t<\/div>\n\t\t<div class=\"elementor-element elementor-element-cc6e514 e-flex e-con-boxed e-con e-parent\" data-id=\"cc6e514\" data-element_type=\"container\">\n\t\t\t\t\t<div class=\"e-con-inner\">\n\t\t<div class=\"elementor-element elementor-element-f69f195 e-con-full e-flex e-con e-child\" data-id=\"f69f195\" data-element_type=\"container\">\n\t\t\t\t<div class=\"elementor-element elementor-element-84faa37 elementor-widget elementor-widget-image\" data-id=\"84faa37\" data-element_type=\"widget\" data-widget_type=\"image.default\">\n\t\t\t\t\t\t\t\t\t\t\t\t\t\t\t<img loading=\"lazy\" decoding=\"async\" width=\"890\" height=\"564\" src=\"https:\/\/ko-co.com\/wp-content\/uploads\/2026\/01\/alphamesh_ring_7.0-Edelstahl.jpg\" class=\"attachment-large size-large wp-image-623\" alt=\"ring_7-rvs\" srcset=\"https:\/\/ko-co.com\/wp-content\/uploads\/2026\/01\/alphamesh_ring_7.0-Edelstahl.jpg 890w, https:\/\/ko-co.com\/wp-content\/uploads\/2026\/01\/alphamesh_ring_7.0-Edelstahl-300x190.jpg 300w, https:\/\/ko-co.com\/wp-content\/uploads\/2026\/01\/alphamesh_ring_7.0-Edelstahl-768x487.jpg 768w\" sizes=\"(max-width: 890px) 100vw, 890px\" \/>\t\t\t\t\t\t\t\t\t\t\t\t\t\t\t<\/div>\n\t\t\t\t<div class=\"elementor-element elementor-element-a5e702d elementor-widget elementor-widget-text-editor\" data-id=\"a5e702d\" data-element_type=\"widget\" data-widget_type=\"text-editor.default\">\n\t\t\t\t\t\t\t\t\t<p>Ring 7 - Inox<br \/>Ouverture de \u00b160%<\/p>\t\t\t\t\t\t\t\t<\/div>\n\t\t\t\t<\/div>\n\t\t<div class=\"elementor-element elementor-element-22ba34a e-con-full e-flex e-con e-child\" data-id=\"22ba34a\" data-element_type=\"container\">\n\t\t\t\t<div class=\"elementor-element elementor-element-e2493e8 elementor-widget elementor-widget-image\" data-id=\"e2493e8\" data-element_type=\"widget\" data-widget_type=\"image.default\">\n\t\t\t\t\t\t\t\t\t\t\t\t\t\t\t<img loading=\"lazy\" decoding=\"async\" width=\"768\" height=\"487\" src=\"https:\/\/ko-co.com\/wp-content\/uploads\/2026\/01\/alphamesh_ring_7.0-Bronze-2-768x487-1.jpg\" class=\"attachment-large size-large wp-image-622\" alt=\"ring_7-brons\" srcset=\"https:\/\/ko-co.com\/wp-content\/uploads\/2026\/01\/alphamesh_ring_7.0-Bronze-2-768x487-1.jpg 768w, https:\/\/ko-co.com\/wp-content\/uploads\/2026\/01\/alphamesh_ring_7.0-Bronze-2-768x487-1-300x190.jpg 300w\" sizes=\"(max-width: 768px) 100vw, 768px\" \/>\t\t\t\t\t\t\t\t\t\t\t\t\t\t\t<\/div>\n\t\t\t\t<div class=\"elementor-element elementor-element-4d44731 elementor-widget elementor-widget-text-editor\" data-id=\"4d44731\" data-element_type=\"widget\" data-widget_type=\"text-editor.default\">\n\t\t\t\t\t\t\t\t\t<p>Ring 7 - Bronze<br \/>Ouverture de \u00b160%<\/p>\t\t\t\t\t\t\t\t<\/div>\n\t\t\t\t<\/div>\n\t\t<div class=\"elementor-element elementor-element-aad8834 e-con-full e-flex e-con e-child\" data-id=\"aad8834\" data-element_type=\"container\">\n\t\t\t\t<\/div>\n\t\t\t\t\t<\/div>\n\t\t\t\t<\/div>\n\t\t<div class=\"elementor-element elementor-element-50b5b30 e-flex e-con-boxed e-con e-parent\" data-id=\"50b5b30\" data-element_type=\"container\">\n\t\t\t\t\t<div class=\"e-con-inner\">\n\t\t\t\t<div class=\"elementor-element elementor-element-4ed49ba elementor-widget elementor-widget-heading\" data-id=\"4ed49ba\" data-element_type=\"widget\" data-widget_type=\"heading.default\">\n\t\t\t\t\t<h2 class=\"elementor-heading-title elementor-size-default\">Ring 12 en couleur<\/h2>\t\t\t\t<\/div>\n\t\t\t\t\t<\/div>\n\t\t\t\t<\/div>\n\t\t<div class=\"elementor-element elementor-element-cb57506 e-flex e-con-boxed e-con e-parent\" data-id=\"cb57506\" data-element_type=\"container\">\n\t\t\t\t\t<div class=\"e-con-inner\">\n\t\t<div class=\"elementor-element elementor-element-6a03334 e-con-full e-flex e-con e-child\" data-id=\"6a03334\" data-element_type=\"container\">\n\t\t\t\t<div class=\"elementor-element elementor-element-7513b3a elementor-widget elementor-widget-image\" data-id=\"7513b3a\" data-element_type=\"widget\" data-widget_type=\"image.default\">\n\t\t\t\t\t\t\t\t\t\t\t\t\t\t\t<img loading=\"lazy\" decoding=\"async\" width=\"768\" height=\"487\" src=\"https:\/\/ko-co.com\/wp-content\/uploads\/2026\/01\/alphamesh_ring_12.0-yellow-1-768x487-1.jpg\" class=\"attachment-large size-large wp-image-632\" alt=\"ring_12-yellow\" srcset=\"https:\/\/ko-co.com\/wp-content\/uploads\/2026\/01\/alphamesh_ring_12.0-yellow-1-768x487-1.jpg 768w, https:\/\/ko-co.com\/wp-content\/uploads\/2026\/01\/alphamesh_ring_12.0-yellow-1-768x487-1-300x190.jpg 300w\" sizes=\"(max-width: 768px) 100vw, 768px\" \/>\t\t\t\t\t\t\t\t\t\t\t\t\t\t\t<\/div>\n\t\t\t\t<div class=\"elementor-element elementor-element-3d7cb87 elementor-widget elementor-widget-text-editor\" data-id=\"3d7cb87\" data-element_type=\"widget\" data-widget_type=\"text-editor.default\">\n\t\t\t\t\t\t\t\t\t<p>Ring 12 - Inox ral 1003<br \/>Ouverture de \u00b163%<\/p>\t\t\t\t\t\t\t\t<\/div>\n\t\t\t\t<\/div>\n\t\t<div class=\"elementor-element elementor-element-4c6caca e-con-full e-flex e-con e-child\" data-id=\"4c6caca\" data-element_type=\"container\">\n\t\t\t\t<div class=\"elementor-element elementor-element-8c519d6 elementor-widget elementor-widget-image\" data-id=\"8c519d6\" data-element_type=\"widget\" data-widget_type=\"image.default\">\n\t\t\t\t\t\t\t\t\t\t\t\t\t\t\t<img loading=\"lazy\" decoding=\"async\" width=\"768\" height=\"487\" src=\"https:\/\/ko-co.com\/wp-content\/uploads\/2026\/01\/alphamesh_ring_12.0-red-768x487-1.jpg\" class=\"attachment-large size-large wp-image-631\" alt=\"ring_12-red\" srcset=\"https:\/\/ko-co.com\/wp-content\/uploads\/2026\/01\/alphamesh_ring_12.0-red-768x487-1.jpg 768w, https:\/\/ko-co.com\/wp-content\/uploads\/2026\/01\/alphamesh_ring_12.0-red-768x487-1-300x190.jpg 300w\" sizes=\"(max-width: 768px) 100vw, 768px\" \/>\t\t\t\t\t\t\t\t\t\t\t\t\t\t\t<\/div>\n\t\t\t\t<div class=\"elementor-element elementor-element-bd1a61b elementor-widget elementor-widget-text-editor\" data-id=\"bd1a61b\" data-element_type=\"widget\" data-widget_type=\"text-editor.default\">\n\t\t\t\t\t\t\t\t\t<p>Ring 12 - Inox ral 3001<br \/>Ouverture de \u00b163%<\/p>\t\t\t\t\t\t\t\t<\/div>\n\t\t\t\t<\/div>\n\t\t<div class=\"elementor-element elementor-element-4006a30 e-con-full e-flex e-con e-child\" data-id=\"4006a30\" data-element_type=\"container\">\n\t\t\t\t<div class=\"elementor-element elementor-element-f897f46 elementor-widget elementor-widget-image\" data-id=\"f897f46\" data-element_type=\"widget\" data-widget_type=\"image.default\">\n\t\t\t\t\t\t\t\t\t\t\t\t\t\t\t<img loading=\"lazy\" decoding=\"async\" width=\"768\" height=\"487\" src=\"https:\/\/ko-co.com\/wp-content\/uploads\/2026\/01\/alphamesh_ring_12.0-blue-768x487-1.jpg\" class=\"attachment-large size-large wp-image-626\" alt=\"ring_12-blue\" srcset=\"https:\/\/ko-co.com\/wp-content\/uploads\/2026\/01\/alphamesh_ring_12.0-blue-768x487-1.jpg 768w, https:\/\/ko-co.com\/wp-content\/uploads\/2026\/01\/alphamesh_ring_12.0-blue-768x487-1-300x190.jpg 300w\" sizes=\"(max-width: 768px) 100vw, 768px\" \/>\t\t\t\t\t\t\t\t\t\t\t\t\t\t\t<\/div>\n\t\t\t\t<div class=\"elementor-element elementor-element-f401ced elementor-widget elementor-widget-text-editor\" data-id=\"f401ced\" data-element_type=\"widget\" data-widget_type=\"text-editor.default\">\n\t\t\t\t\t\t\t\t\t<p>Ring 12 - Inox ral 5010<br \/>Ouverture de \u00b163%<\/p>\t\t\t\t\t\t\t\t<\/div>\n\t\t\t\t<\/div>\n\t\t\t\t\t<\/div>\n\t\t\t\t<\/div>\n\t\t<div class=\"elementor-element elementor-element-afaa279 e-flex e-con-boxed e-con e-parent\" data-id=\"afaa279\" data-element_type=\"container\">\n\t\t\t\t\t<div class=\"e-con-inner\">\n\t\t\t\t<div class=\"elementor-element elementor-element-4a31733 elementor-widget elementor-widget-heading\" data-id=\"4a31733\" data-element_type=\"widget\" data-widget_type=\"heading.default\">\n\t\t\t\t\t<h2 class=\"elementor-heading-title elementor-size-default\">Afwerking<\/h2>\t\t\t\t<\/div>\n\t\t\t\t\t<\/div>\n\t\t\t\t<\/div>\n\t\t<div class=\"elementor-element elementor-element-bd637ff e-flex e-con-boxed e-con e-parent\" data-id=\"bd637ff\" data-element_type=\"container\">\n\t\t\t\t\t<div class=\"e-con-inner\">\n\t\t<div class=\"elementor-element elementor-element-cc52df9 e-con-full e-flex e-con e-child\" data-id=\"cc52df9\" data-element_type=\"container\">\n\t\t\t\t<div class=\"elementor-element elementor-element-252d9f7 elementor-widget elementor-widget-image\" data-id=\"252d9f7\" data-element_type=\"widget\" data-widget_type=\"image.default\">\n\t\t\t\t\t\t\t\t\t\t\t\t\t\t\t<img loading=\"lazy\" decoding=\"async\" width=\"768\" height=\"501\" src=\"https:\/\/ko-co.com\/wp-content\/uploads\/2026\/01\/gepolijst-brons-768x501.jpg\" class=\"attachment-medium_large size-medium_large wp-image-671\" alt=\"\" srcset=\"https:\/\/ko-co.com\/wp-content\/uploads\/2026\/01\/gepolijst-brons-768x501.jpg 768w, https:\/\/ko-co.com\/wp-content\/uploads\/2026\/01\/gepolijst-brons-300x196.jpg 300w, https:\/\/ko-co.com\/wp-content\/uploads\/2026\/01\/gepolijst-brons-1024x667.jpg 1024w, https:\/\/ko-co.com\/wp-content\/uploads\/2026\/01\/gepolijst-brons.jpg 1536w\" sizes=\"(max-width: 768px) 100vw, 768px\" \/>\t\t\t\t\t\t\t\t\t\t\t\t\t\t\t<\/div>\n\t\t\t\t<\/div>\n\t\t<div class=\"elementor-element elementor-element-a6cb97a e-con-full e-flex e-con e-child\" data-id=\"a6cb97a\" data-element_type=\"container\">\n\t\t\t\t<div class=\"elementor-element elementor-element-b0cac32 elementor-widget elementor-widget-text-editor\" data-id=\"b0cac32\" data-element_type=\"widget\" data-widget_type=\"text-editor.default\">\n\t\t\t\t\t\t\t\t\t<p>Bronze poli<\/p>\t\t\t\t\t\t\t\t<\/div>\n\t\t\t\t<div class=\"elementor-element elementor-element-723eb59 elementor-widget elementor-widget-text-editor\" data-id=\"723eb59\" data-element_type=\"widget\" data-widget_type=\"text-editor.default\">\n\t\t\t\t\t\t\t\t\t<p style=\"text-align: right;\">Inox poli<\/p>\t\t\t\t\t\t\t\t<\/div>\n\t\t\t\t<\/div>\n\t\t<div class=\"elementor-element elementor-element-fbe9432 e-con-full e-flex e-con e-child\" data-id=\"fbe9432\" data-element_type=\"container\">\n\t\t\t\t<div class=\"elementor-element elementor-element-42e254a elementor-widget elementor-widget-image\" data-id=\"42e254a\" data-element_type=\"widget\" data-widget_type=\"image.default\">\n\t\t\t\t\t\t\t\t\t\t\t\t\t\t\t<img loading=\"lazy\" decoding=\"async\" width=\"686\" height=\"434\" src=\"https:\/\/ko-co.com\/wp-content\/uploads\/2026\/01\/gepolijst_rvs.jpg\" class=\"attachment-medium_large size-medium_large wp-image-675\" alt=\"gepolijst_rvs\" srcset=\"https:\/\/ko-co.com\/wp-content\/uploads\/2026\/01\/gepolijst_rvs.jpg 686w, https:\/\/ko-co.com\/wp-content\/uploads\/2026\/01\/gepolijst_rvs-300x190.jpg 300w\" sizes=\"(max-width: 686px) 100vw, 686px\" \/>\t\t\t\t\t\t\t\t\t\t\t\t\t\t\t<\/div>\n\t\t\t\t<\/div>\n\t\t\t\t\t<\/div>\n\t\t\t\t<\/div>\n\t\t<div class=\"elementor-element elementor-element-d4dfb80 e-flex e-con-boxed e-con e-parent\" data-id=\"d4dfb80\" data-element_type=\"container\">\n\t\t\t\t\t<div class=\"e-con-inner\">\n\t\t<div class=\"elementor-element elementor-element-eeaab8a e-con-full e-flex e-con e-child\" data-id=\"eeaab8a\" data-element_type=\"container\">\n\t\t\t\t<div class=\"elementor-element elementor-element-87d3e17 elementor-widget elementor-widget-image\" data-id=\"87d3e17\" data-element_type=\"widget\" data-widget_type=\"image.default\">\n\t\t\t\t\t\t\t\t\t\t\t\t\t\t\t<img loading=\"lazy\" decoding=\"async\" width=\"1024\" height=\"720\" src=\"https:\/\/ko-co.com\/wp-content\/uploads\/2026\/01\/gezuurd-brons2-1024x720.jpg\" class=\"attachment-large size-large wp-image-676\" alt=\"gezuurd bronsv\" srcset=\"https:\/\/ko-co.com\/wp-content\/uploads\/2026\/01\/gezuurd-brons2-1024x720.jpg 1024w, https:\/\/ko-co.com\/wp-content\/uploads\/2026\/01\/gezuurd-brons2-300x211.jpg 300w, https:\/\/ko-co.com\/wp-content\/uploads\/2026\/01\/gezuurd-brons2-768x540.jpg 768w, https:\/\/ko-co.com\/wp-content\/uploads\/2026\/01\/gezuurd-brons2-1536x1080.jpg 1536w, https:\/\/ko-co.com\/wp-content\/uploads\/2026\/01\/gezuurd-brons2.jpg 1921w\" sizes=\"(max-width: 1024px) 100vw, 1024px\" \/>\t\t\t\t\t\t\t\t\t\t\t\t\t\t\t<\/div>\n\t\t\t\t<\/div>\n\t\t<div class=\"elementor-element elementor-element-63164e1 e-con-full e-flex e-con e-child\" data-id=\"63164e1\" data-element_type=\"container\">\n\t\t\t\t<div class=\"elementor-element elementor-element-fa634e3 elementor-widget elementor-widget-text-editor\" data-id=\"fa634e3\" data-element_type=\"widget\" data-widget_type=\"text-editor.default\">\n\t\t\t\t\t\t\t\t\t<p>Bronze acidifi\u00e9<\/p>\t\t\t\t\t\t\t\t<\/div>\n\t\t\t\t<div class=\"elementor-element elementor-element-a5067e7 elementor-widget elementor-widget-text-editor\" data-id=\"a5067e7\" data-element_type=\"widget\" data-widget_type=\"text-editor.default\">\n\t\t\t\t\t\t\t\t\t<p style=\"text-align: right;\">Inox acidifi\u00e9<\/p>\t\t\t\t\t\t\t\t<\/div>\n\t\t\t\t<\/div>\n\t\t<div class=\"elementor-element elementor-element-65a0867 e-con-full e-flex e-con e-child\" data-id=\"65a0867\" data-element_type=\"container\">\n\t\t\t\t<div class=\"elementor-element elementor-element-d222f22 elementor-widget elementor-widget-image\" data-id=\"d222f22\" data-element_type=\"widget\" data-widget_type=\"image.default\">\n\t\t\t\t\t\t\t\t\t\t\t\t\t\t\t<img loading=\"lazy\" decoding=\"async\" width=\"1024\" height=\"679\" src=\"https:\/\/ko-co.com\/wp-content\/uploads\/2026\/01\/gezuurd-RVS-1024x679.jpg\" class=\"attachment-large size-large wp-image-674\" alt=\"gezuurd RVS\" srcset=\"https:\/\/ko-co.com\/wp-content\/uploads\/2026\/01\/gezuurd-RVS-1024x679.jpg 1024w, https:\/\/ko-co.com\/wp-content\/uploads\/2026\/01\/gezuurd-RVS-300x199.jpg 300w, https:\/\/ko-co.com\/wp-content\/uploads\/2026\/01\/gezuurd-RVS-768x510.jpg 768w, https:\/\/ko-co.com\/wp-content\/uploads\/2026\/01\/gezuurd-RVS.jpg 1536w\" sizes=\"(max-width: 1024px) 100vw, 1024px\" \/>\t\t\t\t\t\t\t\t\t\t\t\t\t\t\t<\/div>\n\t\t\t\t<\/div>\n\t\t\t\t\t<\/div>\n\t\t\t\t<\/div>\n\t\t\t\t<\/div>","protected":false},"excerpt":{"rendered":"<p>RING &#8211; Mali\u00ebnkolder RVS RING&nbsp;combineert de esthetiek van open geweven structuren met de robuustheid van roestvast staal en is daardoor uitermate geschikt voor veeleisende architectonische toepassingen. De precieze ringstructuur zorgt voor een hoge trek- en druksterkte, terwijl het materiaal licht van gewicht blijft en een lange levensduur garandeert. Dankzij de corrosiebestendigheid, het onderhoudsarme karakter en [&hellip;]<\/p>\n","protected":false},"author":1,"featured_media":0,"parent":0,"menu_order":0,"comment_status":"closed","ping_status":"closed","template":"","meta":{"footnotes":""},"class_list":["post-23","page","type-page","status-publish","hentry"],"blocksy_meta":[],"_links":{"self":[{"href":"https:\/\/ko-co.com\/fr\/wp-json\/wp\/v2\/pages\/23","targetHints":{"allow":["GET"]}}],"collection":[{"href":"https:\/\/ko-co.com\/fr\/wp-json\/wp\/v2\/pages"}],"about":[{"href":"https:\/\/ko-co.com\/fr\/wp-json\/wp\/v2\/types\/page"}],"author":[{"embeddable":true,"href":"https:\/\/ko-co.com\/fr\/wp-json\/wp\/v2\/users\/1"}],"replies":[{"embeddable":true,"href":"https:\/\/ko-co.com\/fr\/wp-json\/wp\/v2\/comments?post=23"}],"version-history":[{"count":83,"href":"https:\/\/ko-co.com\/fr\/wp-json\/wp\/v2\/pages\/23\/revisions"}],"predecessor-version":[{"id":1967,"href":"https:\/\/ko-co.com\/fr\/wp-json\/wp\/v2\/pages\/23\/revisions\/1967"}],"wp:attachment":[{"href":"https:\/\/ko-co.com\/fr\/wp-json\/wp\/v2\/media?parent=23"}],"curies":[{"name":"wp","href":"https:\/\/api.w.org\/{rel}","templated":true}]}}