{"id":24,"date":"2025-11-16T01:48:55","date_gmt":"2025-11-16T00:48:55","guid":{"rendered":"https:\/\/ko-co.com\/?page_id=24"},"modified":"2026-03-17T20:23:10","modified_gmt":"2026-03-17T19:23:10","slug":"ko-ket","status":"publish","type":"page","link":"https:\/\/ko-co.com\/fr\/ko-ket\/","title":{"rendered":"ko-ket"},"content":{"rendered":"<div data-elementor-type=\"wp-page\" data-elementor-id=\"24\" class=\"elementor elementor-24\">\n\t\t\t\t<div class=\"elementor-element elementor-element-f27d2f5 e-flex e-con-boxed e-con e-parent\" data-id=\"f27d2f5\" data-element_type=\"container\" data-settings=\"{&quot;background_background&quot;:&quot;classic&quot;}\">\n\t\t\t\t\t<div class=\"e-con-inner\">\n\t\t\t\t<div class=\"elementor-element elementor-element-dd94cfe elementor-widget elementor-widget-heading\" data-id=\"dd94cfe\" data-element_type=\"widget\" data-widget_type=\"heading.default\">\n\t\t\t\t\t<h2 class=\"elementor-heading-title elementor-size-default\">KO-KETT<\/h2>\t\t\t\t<\/div>\n\t\t\t\t\t<\/div>\n\t\t\t\t<\/div>\n\t\t<div class=\"elementor-element elementor-element-3d9cdc9 e-flex e-con-boxed e-con e-parent\" data-id=\"3d9cdc9\" data-element_type=\"container\">\n\t\t\t\t\t<div class=\"e-con-inner\">\n\t\t\t\t<div class=\"elementor-element elementor-element-10509a5 elementor-widget elementor-widget-heading\" data-id=\"10509a5\" data-element_type=\"widget\" data-widget_type=\"heading.default\">\n\t\t\t\t\t<h2 class=\"elementor-heading-title elementor-size-default\">ECRANS A CHA\u00ceNETTE<\/h2>\t\t\t\t<\/div>\n\t\t\t\t\t<\/div>\n\t\t\t\t<\/div>\n\t\t<div class=\"elementor-element elementor-element-da5a429 e-flex e-con-boxed e-con e-parent\" data-id=\"da5a429\" data-element_type=\"container\" data-settings=\"{&quot;background_background&quot;:&quot;classic&quot;}\">\n\t\t\t\t\t<div class=\"e-con-inner\">\n\t\t\t\t<div class=\"elementor-element elementor-element-136f703 elementor-widget elementor-widget-text-editor\" data-id=\"136f703\" data-element_type=\"widget\" data-widget_type=\"text-editor.default\">\n\t\t\t\t\t\t\t\t\t<p data-start=\"153\" data-end=\"201\">Les \u00e9crans \u00e0 cha\u00eenette offrent aux architectes, d\u00e9corateurs et architectes d'int\u00e9rieur un outil de conception clair et flexible. Gr\u00e2ce \u00e0 leur structure ouverte, ils apportent transparence, rythme et superposition aux concepts architecturaux sans dominer l'ensemble. Le mat\u00e9riau agit comme un filtre subtil et am\u00e9liore la lisibilit\u00e9 des volumes et des espaces.<br \/>Gr\u00e2ce aux mat\u00e9riaux durables et \u00e0 leurs finitions de haute qualit\u00e9, les \u00e9crans \u00e0 chainette sont adapt\u00e9s \u00e0 une utilisation \u00e0 long terme et intensive. <span style=\"font-family: inherit; font-size: inherit; font-style: inherit; font-variant-ligatures: inherit; font-variant-caps: inherit;\">Ketting\u00adschermen integreren moeiteloos in zowel nieuwe als bestaande architectuur en ondersteunen een functionele, eerlijke en tijdloze vormentaal.<\/span><br \/>Durable, n\u00e9cessitant peu d'entretien et enti\u00e8rement int\u00e9grable \u00e0 la conception.<\/p>\t\t\t\t\t\t\t\t<\/div>\n\t\t\t\t\t<\/div>\n\t\t\t\t<\/div>\n\t\t<div class=\"elementor-element elementor-element-4be4d81 e-flex e-con-boxed e-con e-parent\" data-id=\"4be4d81\" data-element_type=\"container\">\n\t\t\t\t\t<div class=\"e-con-inner\">\n\t\t\t\t<div class=\"elementor-element elementor-element-6274295 elementor-widget elementor-widget-heading\" data-id=\"6274295\" data-element_type=\"widget\" data-widget_type=\"heading.default\">\n\t\t\t\t\t<h2 class=\"elementor-heading-title elementor-size-default\">KO-LINK cha\u00eenes \u00e0 maillons<\/h2>\t\t\t\t<\/div>\n\t\t\t\t\t<\/div>\n\t\t\t\t<\/div>\n\t\t<div class=\"elementor-element elementor-element-faaaa90 e-flex e-con-boxed e-con e-parent\" data-id=\"faaaa90\" data-element_type=\"container\">\n\t\t\t\t\t<div class=\"e-con-inner\">\n\t\t<div class=\"elementor-element elementor-element-fe7e994 e-con-full e-flex e-con e-child\" data-id=\"fe7e994\" data-element_type=\"container\">\n\t\t\t\t<div class=\"elementor-element elementor-element-fcc5c55 elementor-widget elementor-widget-image\" data-id=\"fcc5c55\" data-element_type=\"widget\" data-widget_type=\"image.default\">\n\t\t\t\t\t\t\t\t\t\t\t\t\t\t\t<img fetchpriority=\"high\" decoding=\"async\" width=\"388\" height=\"1024\" src=\"https:\/\/ko-co.com\/wp-content\/uploads\/2026\/01\/IMG_20220629_160256-b-388x1024.jpg\" class=\"attachment-large size-large wp-image-922\" alt=\"Chain_curtains\" srcset=\"https:\/\/ko-co.com\/wp-content\/uploads\/2026\/01\/IMG_20220629_160256-b-388x1024.jpg 388w, https:\/\/ko-co.com\/wp-content\/uploads\/2026\/01\/IMG_20220629_160256-b-114x300.jpg 114w, https:\/\/ko-co.com\/wp-content\/uploads\/2026\/01\/IMG_20220629_160256-b-768x2026.jpg 768w, https:\/\/ko-co.com\/wp-content\/uploads\/2026\/01\/IMG_20220629_160256-b-582x1536.jpg 582w, https:\/\/ko-co.com\/wp-content\/uploads\/2026\/01\/IMG_20220629_160256-b-776x2048.jpg 776w, https:\/\/ko-co.com\/wp-content\/uploads\/2026\/01\/IMG_20220629_160256-b-scaled.jpg 970w\" sizes=\"(max-width: 388px) 100vw, 388px\" \/>\t\t\t\t\t\t\t\t\t\t\t\t\t\t\t<\/div>\n\t\t\t\t<\/div>\n\t\t<div class=\"elementor-element elementor-element-45bbf65 e-con-full e-flex e-con e-child\" data-id=\"45bbf65\" data-element_type=\"container\">\n\t\t\t\t<div class=\"elementor-element elementor-element-ec1ddaa elementor-widget elementor-widget-image\" data-id=\"ec1ddaa\" data-element_type=\"widget\" data-widget_type=\"image.default\">\n\t\t\t\t\t\t\t\t\t\t\t\t\t\t\t<img decoding=\"async\" width=\"1934\" height=\"2560\" src=\"https:\/\/ko-co.com\/wp-content\/uploads\/2026\/01\/Rail-scaled.jpg\" class=\"attachment-full size-full wp-image-924\" alt=\"Ketting_gordijnen\" srcset=\"https:\/\/ko-co.com\/wp-content\/uploads\/2026\/01\/Rail-scaled.jpg 1934w, https:\/\/ko-co.com\/wp-content\/uploads\/2026\/01\/Rail-227x300.jpg 227w, https:\/\/ko-co.com\/wp-content\/uploads\/2026\/01\/Rail-774x1024.jpg 774w, https:\/\/ko-co.com\/wp-content\/uploads\/2026\/01\/Rail-768x1017.jpg 768w, https:\/\/ko-co.com\/wp-content\/uploads\/2026\/01\/Rail-1160x1536.jpg 1160w, https:\/\/ko-co.com\/wp-content\/uploads\/2026\/01\/Rail-1547x2048.jpg 1547w\" sizes=\"(max-width: 1934px) 100vw, 1934px\" \/>\t\t\t\t\t\t\t\t\t\t\t\t\t\t\t<\/div>\n\t\t\t\t<\/div>\n\t\t<div class=\"elementor-element elementor-element-739ac78 e-con-full e-flex e-con e-child\" data-id=\"739ac78\" data-element_type=\"container\">\n\t\t\t\t<div class=\"elementor-element elementor-element-7c646b1 elementor-widget__width-auto elementor-widget elementor-widget-image\" data-id=\"7c646b1\" data-element_type=\"widget\" data-widget_type=\"image.default\">\n\t\t\t\t\t\t\t\t\t\t\t\t\t\t\t<img decoding=\"async\" width=\"719\" height=\"534\" src=\"https:\/\/ko-co.com\/wp-content\/uploads\/2026\/01\/IMG20250610153607-1.jpg\" class=\"attachment-large size-large wp-image-933\" alt=\"\" srcset=\"https:\/\/ko-co.com\/wp-content\/uploads\/2026\/01\/IMG20250610153607-1.jpg 719w, https:\/\/ko-co.com\/wp-content\/uploads\/2026\/01\/IMG20250610153607-1-300x223.jpg 300w\" sizes=\"(max-width: 719px) 100vw, 719px\" \/>\t\t\t\t\t\t\t\t\t\t\t\t\t\t\t<\/div>\n\t\t\t\t<\/div>\n\t\t\t\t\t<\/div>\n\t\t\t\t<\/div>\n\t\t<div class=\"elementor-element elementor-element-e17ecd2 e-flex e-con-boxed e-con e-parent\" data-id=\"e17ecd2\" data-element_type=\"container\">\n\t\t\t\t\t<div class=\"e-con-inner\">\n\t\t\t\t<div class=\"elementor-element elementor-element-4b4275d elementor-widget__width-initial elementor-widget-mobile__width-initial elementor-widget elementor-widget-heading\" data-id=\"4b4275d\" data-element_type=\"widget\" data-widget_type=\"heading.default\">\n\t\t\t\t\t<h2 class=\"elementor-heading-title elementor-size-default translation-block\">Couleurs - <br>aluminium anodis\u00e9<\/h2>\t\t\t\t<\/div>\n\t\t\t\t<div class=\"elementor-element elementor-element-940a787 elementor-widget__width-initial elementor-widget-tablet__width-initial elementor-widget elementor-widget-text-editor\" data-id=\"940a787\" data-element_type=\"widget\" data-widget_type=\"text-editor.default\">\n\t\t\t\t\t\t\t\t\t<ol><li>Argent<\/li><li>Or jaune<\/li><li>Champagne<\/li><li>Sable<\/li><li>Cuivre orange<\/li><li>Cuivre<\/li><li>Brun fonc\u00e9<\/li><li>Noir<\/li><li>Bleu \u00e9lectrique<\/li><li>Vert<\/li><li>Mintgroen<\/li><li>Rouge<\/li><\/ol>\t\t\t\t\t\t\t\t<\/div>\n\t\t<div class=\"elementor-element elementor-element-5632f3a e-con-full e-flex e-con e-child\" data-id=\"5632f3a\" data-element_type=\"container\">\n\t\t\t\t<div class=\"elementor-element elementor-element-a430544 elementor-widget elementor-widget-image\" data-id=\"a430544\" data-element_type=\"widget\" data-widget_type=\"image.default\">\n\t\t\t\t\t\t\t\t\t\t\t\t\t\t\t<img loading=\"lazy\" decoding=\"async\" width=\"1024\" height=\"411\" src=\"https:\/\/ko-co.com\/wp-content\/uploads\/2026\/01\/kleur-1024x411.jpg\" class=\"attachment-large size-large wp-image-972\" alt=\"Ketting_scherm\" srcset=\"https:\/\/ko-co.com\/wp-content\/uploads\/2026\/01\/kleur-1024x411.jpg 1024w, https:\/\/ko-co.com\/wp-content\/uploads\/2026\/01\/kleur-300x120.jpg 300w, https:\/\/ko-co.com\/wp-content\/uploads\/2026\/01\/kleur-768x308.jpg 768w, https:\/\/ko-co.com\/wp-content\/uploads\/2026\/01\/kleur-1536x617.jpg 1536w, https:\/\/ko-co.com\/wp-content\/uploads\/2026\/01\/kleur-2048x822.jpg 2048w\" sizes=\"(max-width: 1024px) 100vw, 1024px\" \/>\t\t\t\t\t\t\t\t\t\t\t\t\t\t\t<\/div>\n\t\t\t\t<\/div>\n\t\t\t\t\t<\/div>\n\t\t\t\t<\/div>\n\t\t<div class=\"elementor-element elementor-element-4adbb72 e-flex e-con-boxed e-con e-parent\" data-id=\"4adbb72\" data-element_type=\"container\">\n\t\t\t\t\t<div class=\"e-con-inner\">\n\t\t<div class=\"elementor-element elementor-element-142d4e1 e-con-full e-flex e-con e-child\" data-id=\"142d4e1\" data-element_type=\"container\">\n\t\t\t\t<div class=\"elementor-element elementor-element-36ac689 elementor-widget elementor-widget-image\" data-id=\"36ac689\" data-element_type=\"widget\" data-widget_type=\"image.default\">\n\t\t\t\t\t\t\t\t\t\t\t\t\t\t\t<img loading=\"lazy\" decoding=\"async\" width=\"1024\" height=\"306\" src=\"https:\/\/ko-co.com\/wp-content\/uploads\/2026\/01\/IMG_20250904_014502-2-1024x306.jpg\" class=\"attachment-large size-large wp-image-961\" alt=\"Ketting_scherm\" srcset=\"https:\/\/ko-co.com\/wp-content\/uploads\/2026\/01\/IMG_20250904_014502-2-1024x306.jpg 1024w, https:\/\/ko-co.com\/wp-content\/uploads\/2026\/01\/IMG_20250904_014502-2-300x90.jpg 300w, https:\/\/ko-co.com\/wp-content\/uploads\/2026\/01\/IMG_20250904_014502-2-768x229.jpg 768w, https:\/\/ko-co.com\/wp-content\/uploads\/2026\/01\/IMG_20250904_014502-2-1536x459.jpg 1536w, https:\/\/ko-co.com\/wp-content\/uploads\/2026\/01\/IMG_20250904_014502-2-2048x611.jpg 2048w\" sizes=\"(max-width: 1024px) 100vw, 1024px\" \/>\t\t\t\t\t\t\t\t\t\t\t\t\t\t\t<\/div>\n\t\t\t\t<\/div>\n\t\t\t\t\t<\/div>\n\t\t\t\t<\/div>\n\t\t<div class=\"elementor-element elementor-element-3e16c8a e-flex e-con-boxed e-con e-parent\" data-id=\"3e16c8a\" data-element_type=\"container\">\n\t\t\t\t\t<div class=\"e-con-inner\">\n\t\t\t\t<div class=\"elementor-element elementor-element-bc0db04 elementor-widget elementor-widget-heading\" data-id=\"bc0db04\" data-element_type=\"widget\" data-widget_type=\"heading.default\">\n\t\t\t\t\t<h2 class=\"elementor-heading-title elementor-size-default\">KO-BOL - cha\u00eenettes \u00e0 billes<\/h2>\t\t\t\t<\/div>\n\t\t\t\t\t<\/div>\n\t\t\t\t<\/div>\n\t\t<div class=\"elementor-element elementor-element-e13c031 e-flex e-con-boxed e-con e-parent\" data-id=\"e13c031\" data-element_type=\"container\">\n\t\t\t\t\t<div class=\"e-con-inner\">\n\t\t<div class=\"elementor-element elementor-element-a318a10 e-con-full e-flex e-con e-child\" data-id=\"a318a10\" data-element_type=\"container\">\n\t\t\t\t<div class=\"elementor-element elementor-element-a4cf6fc elementor-widget elementor-widget-image\" data-id=\"a4cf6fc\" data-element_type=\"widget\" data-widget_type=\"image.default\">\n\t\t\t\t\t\t\t\t\t\t\t\t\t\t\t<img loading=\"lazy\" decoding=\"async\" width=\"379\" height=\"1024\" src=\"https:\/\/ko-co.com\/wp-content\/uploads\/2026\/01\/DSC_9356-379x1024.jpg\" class=\"attachment-large size-large wp-image-967\" alt=\"Ketting_scherm\" srcset=\"https:\/\/ko-co.com\/wp-content\/uploads\/2026\/01\/DSC_9356-379x1024.jpg 379w, https:\/\/ko-co.com\/wp-content\/uploads\/2026\/01\/DSC_9356-111x300.jpg 111w, https:\/\/ko-co.com\/wp-content\/uploads\/2026\/01\/DSC_9356.jpg 489w\" sizes=\"(max-width: 379px) 100vw, 379px\" \/>\t\t\t\t\t\t\t\t\t\t\t\t\t\t\t<\/div>\n\t\t\t\t<\/div>\n\t\t<div class=\"elementor-element elementor-element-599f0eb e-con-full e-flex e-con e-child\" data-id=\"599f0eb\" data-element_type=\"container\">\n\t\t\t\t<div class=\"elementor-element elementor-element-bf85628 elementor-widget elementor-widget-image\" data-id=\"bf85628\" data-element_type=\"widget\" data-widget_type=\"image.default\">\n\t\t\t\t\t\t\t\t\t\t\t\t\t\t\t<img loading=\"lazy\" decoding=\"async\" width=\"1000\" height=\"530\" src=\"https:\/\/ko-co.com\/wp-content\/uploads\/2026\/01\/LICHT-ACHTER-SCHERM.jpg\" class=\"attachment-full size-full wp-image-968\" alt=\"Ketting_scherm\" srcset=\"https:\/\/ko-co.com\/wp-content\/uploads\/2026\/01\/LICHT-ACHTER-SCHERM.jpg 1000w, https:\/\/ko-co.com\/wp-content\/uploads\/2026\/01\/LICHT-ACHTER-SCHERM-300x159.jpg 300w, https:\/\/ko-co.com\/wp-content\/uploads\/2026\/01\/LICHT-ACHTER-SCHERM-768x407.jpg 768w\" sizes=\"(max-width: 1000px) 100vw, 1000px\" \/>\t\t\t\t\t\t\t\t\t\t\t\t\t\t\t<\/div>\n\t\t\t\t<div class=\"elementor-element elementor-element-5459b16 elementor-widget elementor-widget-image\" data-id=\"5459b16\" data-element_type=\"widget\" data-widget_type=\"image.default\">\n\t\t\t\t\t\t\t\t\t\t\t\t\t\t\t<img loading=\"lazy\" decoding=\"async\" width=\"1000\" height=\"530\" src=\"https:\/\/ko-co.com\/wp-content\/uploads\/2026\/01\/LICHT-VOOR-SCHERM.jpg\" class=\"attachment-full size-full wp-image-969\" alt=\"Ketting_scherm\" srcset=\"https:\/\/ko-co.com\/wp-content\/uploads\/2026\/01\/LICHT-VOOR-SCHERM.jpg 1000w, https:\/\/ko-co.com\/wp-content\/uploads\/2026\/01\/LICHT-VOOR-SCHERM-300x159.jpg 300w, https:\/\/ko-co.com\/wp-content\/uploads\/2026\/01\/LICHT-VOOR-SCHERM-768x407.jpg 768w\" sizes=\"(max-width: 1000px) 100vw, 1000px\" \/>\t\t\t\t\t\t\t\t\t\t\t\t\t\t\t<\/div>\n\t\t\t\t<div class=\"elementor-element elementor-element-131f400 elementor-widget elementor-widget-image\" data-id=\"131f400\" data-element_type=\"widget\" data-widget_type=\"image.default\">\n\t\t\t\t\t\t\t\t\t\t\t\t\t\t\t<img loading=\"lazy\" decoding=\"async\" width=\"630\" height=\"420\" src=\"https:\/\/ko-co.com\/wp-content\/uploads\/2026\/01\/pixaria_image3.jpg\" class=\"attachment-full size-full wp-image-970\" alt=\"Ketting_scherm\" srcset=\"https:\/\/ko-co.com\/wp-content\/uploads\/2026\/01\/pixaria_image3.jpg 630w, https:\/\/ko-co.com\/wp-content\/uploads\/2026\/01\/pixaria_image3-300x200.jpg 300w\" sizes=\"(max-width: 630px) 100vw, 630px\" \/>\t\t\t\t\t\t\t\t\t\t\t\t\t\t\t<\/div>\n\t\t\t\t<\/div>\n\t\t\t\t\t<\/div>\n\t\t\t\t<\/div>\n\t\t<div class=\"elementor-element elementor-element-83fc9ef e-flex e-con-boxed e-con e-parent\" data-id=\"83fc9ef\" data-element_type=\"container\">\n\t\t\t\t\t<div class=\"e-con-inner\">\n\t\t\t\t<div class=\"elementor-element elementor-element-76ed6ae elementor-widget__width-initial elementor-widget-mobile__width-initial elementor-widget elementor-widget-heading\" data-id=\"76ed6ae\" data-element_type=\"widget\" data-widget_type=\"heading.default\">\n\t\t\t\t\t<h2 class=\"elementor-heading-title elementor-size-default\">Afwerking<\/h2>\t\t\t\t<\/div>\n\t\t\t\t<div class=\"elementor-element elementor-element-2113dfa elementor-widget__width-initial elementor-widget-tablet__width-initial elementor-widget elementor-widget-text-editor\" data-id=\"2113dfa\" data-element_type=\"widget\" data-widget_type=\"text-editor.default\">\n\t\t\t\t\t\t\t\t\t<ol><li>Laiton<\/li><li>Brun antique<\/li><li>Bronze fonc\u00e9<\/li><li>Cuivre<\/li><li>Canon de fusil<\/li><li>Inox<\/li><li>Acier nickel\u00e9<\/li><li>\u00a0Couleur sur demande<\/li><\/ol>\t\t\t\t\t\t\t\t<\/div>\n\t\t\t\t\t<\/div>\n\t\t\t\t<\/div>\n\t\t\t\t<\/div>","protected":false},"excerpt":{"rendered":"<p>KO-KETT KETTINGSCHERMEN Ketting\u00adschermen bieden architecten, interieur architecten en decorateurs een helder en flexibel ontwerpmiddel. Door hun open structuur voegen ze transparantie, ritme en gelaagdheid toe aan architectonische concepten, zonder het ontwerp te domineren. Het materiaal werkt als een subtiel filter en versterkt de leesbaarheid van volumes en ruimtes.Dankzij duurzame materialen en hoogwaardige afwerkingen zijn kettingschermen [&hellip;]<\/p>\n","protected":false},"author":1,"featured_media":0,"parent":0,"menu_order":0,"comment_status":"closed","ping_status":"closed","template":"","meta":{"footnotes":""},"class_list":["post-24","page","type-page","status-publish","hentry"],"blocksy_meta":[],"_links":{"self":[{"href":"https:\/\/ko-co.com\/fr\/wp-json\/wp\/v2\/pages\/24","targetHints":{"allow":["GET"]}}],"collection":[{"href":"https:\/\/ko-co.com\/fr\/wp-json\/wp\/v2\/pages"}],"about":[{"href":"https:\/\/ko-co.com\/fr\/wp-json\/wp\/v2\/types\/page"}],"author":[{"embeddable":true,"href":"https:\/\/ko-co.com\/fr\/wp-json\/wp\/v2\/users\/1"}],"replies":[{"embeddable":true,"href":"https:\/\/ko-co.com\/fr\/wp-json\/wp\/v2\/comments?post=24"}],"version-history":[{"count":72,"href":"https:\/\/ko-co.com\/fr\/wp-json\/wp\/v2\/pages\/24\/revisions"}],"predecessor-version":[{"id":1983,"href":"https:\/\/ko-co.com\/fr\/wp-json\/wp\/v2\/pages\/24\/revisions\/1983"}],"wp:attachment":[{"href":"https:\/\/ko-co.com\/fr\/wp-json\/wp\/v2\/media?parent=24"}],"curies":[{"name":"wp","href":"https:\/\/api.w.org\/{rel}","templated":true}]}}