{"id":25,"date":"2025-11-16T01:48:55","date_gmt":"2025-11-16T00:48:55","guid":{"rendered":"https:\/\/ko-co.com\/?page_id=25"},"modified":"2026-03-18T11:32:29","modified_gmt":"2026-03-18T10:32:29","slug":"flex","status":"publish","type":"page","link":"https:\/\/ko-co.com\/fr\/flex\/","title":{"rendered":"Flex"},"content":{"rendered":"<div data-elementor-type=\"wp-page\" data-elementor-id=\"25\" class=\"elementor elementor-25\">\n\t\t\t\t<div class=\"elementor-element elementor-element-5bd455f e-flex e-con-boxed e-con e-parent\" data-id=\"5bd455f\" data-element_type=\"container\" data-settings=\"{&quot;background_background&quot;:&quot;classic&quot;}\">\n\t\t\t\t\t<div class=\"e-con-inner\">\n\t\t<div class=\"elementor-element elementor-element-71d3c61 e-con-full e-flex e-con e-child\" data-id=\"71d3c61\" data-element_type=\"container\" data-settings=\"{&quot;background_background&quot;:&quot;classic&quot;}\">\n\t\t\t\t<div class=\"elementor-element elementor-element-9d89219 elementor-widget elementor-widget-heading\" data-id=\"9d89219\" data-element_type=\"widget\" data-widget_type=\"heading.default\">\n\t\t\t\t\t<h2 class=\"elementor-heading-title elementor-size-default\">FLEX<\/h2>\t\t\t\t<\/div>\n\t\t\t\t<\/div>\n\t\t\t\t\t<\/div>\n\t\t\t\t<\/div>\n\t\t<div class=\"elementor-element elementor-element-59c8bd6 e-flex e-con-boxed e-con e-parent\" data-id=\"59c8bd6\" data-element_type=\"container\">\n\t\t\t\t\t<div class=\"e-con-inner\">\n\t\t\t\t<div class=\"elementor-element elementor-element-e7605f2 elementor-widget elementor-widget-heading\" data-id=\"e7605f2\" data-element_type=\"widget\" data-widget_type=\"heading.default\">\n\t\t\t\t\t<h2 class=\"elementor-heading-title elementor-size-default\">Filets FLEX<\/h2>\t\t\t\t<\/div>\n\t\t\t\t<div class=\"elementor-element elementor-element-46f4f28 elementor-widget elementor-widget-text-editor\" data-id=\"46f4f28\" data-element_type=\"widget\" data-widget_type=\"text-editor.default\">\n\t\t\t\t\t\t\t\t\t<p><strong>FLEX<\/strong> FLEX est le choix id\u00e9al pour les architectes en qu\u00eate d'une combinaison unique de fonctionnalit\u00e9 et d'esth\u00e9tique. Ce treillis flexible en acier inoxydable offre des possibilit\u00e9s in\u00e9dites pour les fa\u00e7ades, les balustrades, les protections solaires et les am\u00e9nagements int\u00e9rieurs. Sa structure ajour\u00e9e cr\u00e9e un effet de transparence et de transmission de la lumi\u00e8re, tandis que le mat\u00e9riau est robuste, facile d'entretien et durable. R\u00e9sistant aux intemp\u00e9ries, son aspect intemporel s'int\u00e8gre parfaitement aux styles modernes et classiques. Transformez vos espaces avec le treillis m\u00e9tallique : l'alliance parfaite de l'esth\u00e9tique et de la fonctionnalit\u00e9.<\/p>\t\t\t\t\t\t\t\t<\/div>\n\t\t\t\t\t<\/div>\n\t\t\t\t<\/div>\n\t\t<div class=\"elementor-element elementor-element-7c63f97 e-flex e-con-boxed e-con e-parent\" data-id=\"7c63f97\" data-element_type=\"container\">\n\t\t\t\t\t<div class=\"e-con-inner\">\n\t\t<div class=\"elementor-element elementor-element-795a74f e-con-full e-flex e-con e-child\" data-id=\"795a74f\" data-element_type=\"container\">\n\t\t\t\t<div class=\"elementor-element elementor-element-8c62b59 elementor-widget elementor-widget-heading\" data-id=\"8c62b59\" data-element_type=\"widget\" data-widget_type=\"heading.default\">\n\t\t\t\t\t<h2 class=\"elementor-heading-title elementor-size-default\">Flex-line<\/h2>\t\t\t\t<\/div>\n\t\t\t\t<\/div>\n\t\t<div class=\"elementor-element elementor-element-5f9edc2 e-con-full e-flex e-con e-child\" data-id=\"5f9edc2\" data-element_type=\"container\">\n\t\t\t\t<div class=\"elementor-element elementor-element-f9309e0 elementor-widget elementor-widget-image\" data-id=\"f9309e0\" data-element_type=\"widget\" data-widget_type=\"image.default\">\n\t\t\t\t\t\t\t\t\t\t\t\t\t\t\t<img fetchpriority=\"high\" decoding=\"async\" width=\"1024\" height=\"768\" src=\"https:\/\/ko-co.com\/wp-content\/uploads\/2026\/03\/IMG_20201119_171007-1024x768.jpg\" class=\"attachment-large size-large wp-image-1454\" alt=\"Flexline\" srcset=\"https:\/\/ko-co.com\/wp-content\/uploads\/2026\/03\/IMG_20201119_171007-1024x768.jpg 1024w, https:\/\/ko-co.com\/wp-content\/uploads\/2026\/03\/IMG_20201119_171007-300x225.jpg 300w, https:\/\/ko-co.com\/wp-content\/uploads\/2026\/03\/IMG_20201119_171007-768x576.jpg 768w, https:\/\/ko-co.com\/wp-content\/uploads\/2026\/03\/IMG_20201119_171007-1536x1152.jpg 1536w, https:\/\/ko-co.com\/wp-content\/uploads\/2026\/03\/IMG_20201119_171007-2048x1536.jpg 2048w\" sizes=\"(max-width: 1024px) 100vw, 1024px\" \/>\t\t\t\t\t\t\t\t\t\t\t\t\t\t\t<\/div>\n\t\t\t\t<\/div>\n\t\t<div class=\"elementor-element elementor-element-0a12c0a e-con-full e-flex e-con e-child\" data-id=\"0a12c0a\" data-element_type=\"container\">\n\t\t\t\t<div class=\"elementor-element elementor-element-e7d89ae elementor-widget elementor-widget-image\" data-id=\"e7d89ae\" data-element_type=\"widget\" data-widget_type=\"image.default\">\n\t\t\t\t\t\t\t\t\t\t\t\t\t\t\t<img decoding=\"async\" width=\"512\" height=\"384\" src=\"https:\/\/ko-co.com\/wp-content\/uploads\/2026\/03\/kader-in-kader3.jpg\" class=\"attachment-large size-large wp-image-1486\" alt=\"Flex-line\" srcset=\"https:\/\/ko-co.com\/wp-content\/uploads\/2026\/03\/kader-in-kader3.jpg 512w, https:\/\/ko-co.com\/wp-content\/uploads\/2026\/03\/kader-in-kader3-300x225.jpg 300w\" sizes=\"(max-width: 512px) 100vw, 512px\" \/>\t\t\t\t\t\t\t\t\t\t\t\t\t\t\t<\/div>\n\t\t\t\t<\/div>\n\t\t<div class=\"elementor-element elementor-element-fb2d4b4 e-con-full e-flex e-con e-child\" data-id=\"fb2d4b4\" data-element_type=\"container\">\n\t\t\t\t<div class=\"elementor-element elementor-element-1593907 elementor-widget elementor-widget-text-editor\" data-id=\"1593907\" data-element_type=\"widget\" data-widget_type=\"text-editor.default\">\n\t\t\t\t\t\t\t\t\t<p>Les filets en c\u00e2bles inox Flex-line sont disponibles en mailles verticales ou horizontales et forment une unit\u00e9 solide, transparente et l\u00e9g\u00e8re.<\/p><p>Cables: 1mm, 1,5mm, 2mm &amp; 3mm\u00a0<span style=\"font-family: inherit; font-size: inherit; font-style: inherit; font-variant-ligatures: inherit; font-variant-caps: inherit; font-weight: inherit;\"><br \/><\/span>Ouverture: 40mm tot 400mm<\/p>\t\t\t\t\t\t\t\t<\/div>\n\t\t\t\t<\/div>\n\t\t\t\t\t<\/div>\n\t\t\t\t<\/div>\n\t\t<div class=\"elementor-element elementor-element-f73c89c e-flex e-con-boxed e-con e-parent\" data-id=\"f73c89c\" data-element_type=\"container\">\n\t\t\t\t\t<div class=\"e-con-inner\">\n\t\t<div class=\"elementor-element elementor-element-62562ca e-con-full e-flex e-con e-child\" data-id=\"62562ca\" data-element_type=\"container\">\n\t\t\t\t<div class=\"elementor-element elementor-element-4eaf02e elementor-widget elementor-widget-heading\" data-id=\"4eaf02e\" data-element_type=\"widget\" data-widget_type=\"heading.default\">\n\t\t\t\t\t<h2 class=\"elementor-heading-title elementor-size-default\">Flex-nop<\/h2>\t\t\t\t<\/div>\n\t\t\t\t<\/div>\n\t\t<div class=\"elementor-element elementor-element-41e0b56 e-con-full e-flex e-con e-child\" data-id=\"41e0b56\" data-element_type=\"container\">\n\t\t\t\t<div class=\"elementor-element elementor-element-d3a23fe elementor-widget elementor-widget-text-editor\" data-id=\"d3a23fe\" data-element_type=\"widget\" data-widget_type=\"text-editor.default\">\n\t\t\t\t\t\t\t\t\t<p>Flex-nop sont des filets Flex-line \u00e9quip\u00e9s de plots en b\u00e9ton. Ces plots peuvent \u00eatre ronds, rectangulaires, triangulaires ou en forme de losange. Avec ou sans zones ouvertes, les dimensions et la couleur sont personnalisables.<\/p>\t\t\t\t\t\t\t\t<\/div>\n\t\t\t\t<\/div>\n\t\t<div class=\"elementor-element elementor-element-a92106a e-con-full e-flex e-con e-child\" data-id=\"a92106a\" data-element_type=\"container\">\n\t\t\t\t<div class=\"elementor-element elementor-element-90778c9 elementor-widget elementor-widget-image\" data-id=\"90778c9\" data-element_type=\"widget\" data-widget_type=\"image.default\">\n\t\t\t\t\t\t\t\t\t\t\t\t\t\t\t<img decoding=\"async\" width=\"1024\" height=\"768\" src=\"https:\/\/ko-co.com\/wp-content\/uploads\/2026\/03\/Maille-Zephyr-exposee-1024x768.jpg\" class=\"attachment-large size-large wp-image-1472\" alt=\"Flex-nop\" srcset=\"https:\/\/ko-co.com\/wp-content\/uploads\/2026\/03\/Maille-Zephyr-exposee-1024x768.jpg 1024w, https:\/\/ko-co.com\/wp-content\/uploads\/2026\/03\/Maille-Zephyr-exposee-300x225.jpg 300w, https:\/\/ko-co.com\/wp-content\/uploads\/2026\/03\/Maille-Zephyr-exposee-768x576.jpg 768w, https:\/\/ko-co.com\/wp-content\/uploads\/2026\/03\/Maille-Zephyr-exposee-rotated.jpg 1365w\" sizes=\"(max-width: 1024px) 100vw, 1024px\" \/>\t\t\t\t\t\t\t\t\t\t\t\t\t\t\t<\/div>\n\t\t\t\t<\/div>\n\t\t<div class=\"elementor-element elementor-element-039689c e-con-full e-flex e-con e-child\" data-id=\"039689c\" data-element_type=\"container\">\n\t\t\t\t<div class=\"elementor-element elementor-element-75cd1bb elementor-widget elementor-widget-image\" data-id=\"75cd1bb\" data-element_type=\"widget\" data-widget_type=\"image.default\">\n\t\t\t\t\t\t\t\t\t\t\t\t\t\t\t<img loading=\"lazy\" decoding=\"async\" width=\"1024\" height=\"769\" src=\"https:\/\/ko-co.com\/wp-content\/uploads\/2026\/03\/bandeau-large23-1024x769.jpg\" class=\"attachment-large size-large wp-image-1483\" alt=\"Flex-nop\" srcset=\"https:\/\/ko-co.com\/wp-content\/uploads\/2026\/03\/bandeau-large23-1024x769.jpg 1024w, https:\/\/ko-co.com\/wp-content\/uploads\/2026\/03\/bandeau-large23-300x225.jpg 300w, https:\/\/ko-co.com\/wp-content\/uploads\/2026\/03\/bandeau-large23-768x577.jpg 768w, https:\/\/ko-co.com\/wp-content\/uploads\/2026\/03\/bandeau-large23.jpg 1365w\" sizes=\"(max-width: 1024px) 100vw, 1024px\" \/>\t\t\t\t\t\t\t\t\t\t\t\t\t\t\t<\/div>\n\t\t\t\t<\/div>\n\t\t\t\t\t<\/div>\n\t\t\t\t<\/div>\n\t\t<div class=\"elementor-element elementor-element-da94785 e-flex e-con-boxed e-con e-parent\" data-id=\"da94785\" data-element_type=\"container\">\n\t\t\t\t\t<div class=\"e-con-inner\">\n\t\t<div class=\"elementor-element elementor-element-8f892bc e-con-full e-flex e-con e-child\" data-id=\"8f892bc\" data-element_type=\"container\">\n\t\t\t\t<div class=\"elementor-element elementor-element-cfdd05c elementor-widget elementor-widget-heading\" data-id=\"cfdd05c\" data-element_type=\"widget\" data-widget_type=\"heading.default\">\n\t\t\t\t\t<h2 class=\"elementor-heading-title elementor-size-default\">Flex-flat<\/h2>\t\t\t\t<\/div>\n\t\t\t\t<\/div>\n\t\t<div class=\"elementor-element elementor-element-93f01e9 e-con-full e-flex e-con e-child\" data-id=\"93f01e9\" data-element_type=\"container\">\n\t\t\t\t<div class=\"elementor-element elementor-element-2d0a932 elementor-widget elementor-widget-image\" data-id=\"2d0a932\" data-element_type=\"widget\" data-widget_type=\"image.default\">\n\t\t\t\t\t\t\t\t\t\t\t\t\t\t\t<img loading=\"lazy\" decoding=\"async\" width=\"1024\" height=\"771\" src=\"https:\/\/ko-co.com\/wp-content\/uploads\/2026\/03\/Schermafbeelding-2026-03-07-184755-1024x771.jpg\" class=\"attachment-large size-large wp-image-1466\" alt=\"Flex-flat\" srcset=\"https:\/\/ko-co.com\/wp-content\/uploads\/2026\/03\/Schermafbeelding-2026-03-07-184755-1024x771.jpg 1024w, https:\/\/ko-co.com\/wp-content\/uploads\/2026\/03\/Schermafbeelding-2026-03-07-184755-300x226.jpg 300w, https:\/\/ko-co.com\/wp-content\/uploads\/2026\/03\/Schermafbeelding-2026-03-07-184755-768x578.jpg 768w, https:\/\/ko-co.com\/wp-content\/uploads\/2026\/03\/Schermafbeelding-2026-03-07-184755.jpg 1195w\" sizes=\"(max-width: 1024px) 100vw, 1024px\" \/>\t\t\t\t\t\t\t\t\t\t\t\t\t\t\t<\/div>\n\t\t\t\t<\/div>\n\t\t<div class=\"elementor-element elementor-element-e4a4295 e-con-full e-flex e-con e-child\" data-id=\"e4a4295\" data-element_type=\"container\">\n\t\t\t\t<div class=\"elementor-element elementor-element-b9336ff elementor-widget elementor-widget-image\" data-id=\"b9336ff\" data-element_type=\"widget\" data-widget_type=\"image.default\">\n\t\t\t\t\t\t\t\t\t\t\t\t\t\t\t<img loading=\"lazy\" decoding=\"async\" width=\"1024\" height=\"697\" src=\"https:\/\/ko-co.com\/wp-content\/uploads\/2026\/03\/1666764050685-1024x697.jpg\" class=\"attachment-large size-large wp-image-1488\" alt=\"Flex-flat\" srcset=\"https:\/\/ko-co.com\/wp-content\/uploads\/2026\/03\/1666764050685-1024x697.jpg 1024w, https:\/\/ko-co.com\/wp-content\/uploads\/2026\/03\/1666764050685-300x204.jpg 300w, https:\/\/ko-co.com\/wp-content\/uploads\/2026\/03\/1666764050685-768x523.jpg 768w, https:\/\/ko-co.com\/wp-content\/uploads\/2026\/03\/1666764050685-1536x1046.jpg 1536w, https:\/\/ko-co.com\/wp-content\/uploads\/2026\/03\/1666764050685.jpg 2048w\" sizes=\"(max-width: 1024px) 100vw, 1024px\" \/>\t\t\t\t\t\t\t\t\t\t\t\t\t\t\t<\/div>\n\t\t\t\t<\/div>\n\t\t<div class=\"elementor-element elementor-element-c10494d e-con-full e-flex e-con e-child\" data-id=\"c10494d\" data-element_type=\"container\">\n\t\t\t\t<div class=\"elementor-element elementor-element-1585a9a elementor-widget elementor-widget-text-editor\" data-id=\"1585a9a\" data-element_type=\"widget\" data-widget_type=\"text-editor.default\">\n\t\t\t\t\t\t\t\t\t<p>C\u00e2bles et fils plats en acier inoxydable soud\u00e9s par points.\u00a0<span style=\"font-family: inherit; font-size: inherit; font-style: inherit; font-variant-ligatures: inherit; font-variant-caps: inherit; font-weight: inherit;\"><br \/><\/span>Maille : 25 x 4 mm<br \/>Ouverture +-64%<br \/><br \/><\/p>\t\t\t\t\t\t\t\t<\/div>\n\t\t\t\t<\/div>\n\t\t\t\t\t<\/div>\n\t\t\t\t<\/div>\n\t\t<div class=\"elementor-element elementor-element-7982677 e-flex e-con-boxed e-con e-parent\" data-id=\"7982677\" data-element_type=\"container\">\n\t\t\t\t\t<div class=\"e-con-inner\">\n\t\t<div class=\"elementor-element elementor-element-8903158 e-con-full e-flex e-con e-child\" data-id=\"8903158\" data-element_type=\"container\">\n\t\t\t\t<div class=\"elementor-element elementor-element-6103192 elementor-widget elementor-widget-heading\" data-id=\"6103192\" data-element_type=\"widget\" data-widget_type=\"heading.default\">\n\t\t\t\t\t<h2 class=\"elementor-heading-title elementor-size-default\">Flex-sqaure<\/h2>\t\t\t\t<\/div>\n\t\t\t\t<\/div>\n\t\t<div class=\"elementor-element elementor-element-581b94f e-con-full e-flex e-con e-child\" data-id=\"581b94f\" data-element_type=\"container\">\n\t\t\t\t<div class=\"elementor-element elementor-element-39d4847 elementor-widget elementor-widget-text-editor\" data-id=\"39d4847\" data-element_type=\"widget\" data-widget_type=\"text-editor.default\">\n\t\t\t\t\t\t\t\t\t<pre>Filets de c\u00e2bles en acier inoxydable soud\u00e9s par points&nbsp;<br><br><span style=\"font-family: inherit; font-size: inherit; font-style: inherit; font-variant-ligatures: inherit; font-variant-caps: inherit; font-weight: inherit;\">C\u00e2ble: 1,5mm<br><\/span>Maille: 25*25mm, 40*40mm et 50*25mm <br>.<\/pre>\t\t\t\t\t\t\t\t<\/div>\n\t\t\t\t<\/div>\n\t\t<div class=\"elementor-element elementor-element-1a7b1a6 e-con-full e-flex e-con e-child\" data-id=\"1a7b1a6\" data-element_type=\"container\">\n\t\t\t\t<div class=\"elementor-element elementor-element-6704271 elementor-widget elementor-widget-image\" data-id=\"6704271\" data-element_type=\"widget\" data-widget_type=\"image.default\">\n\t\t\t\t\t\t\t\t\t\t\t\t\t\t\t<img loading=\"lazy\" decoding=\"async\" width=\"1024\" height=\"683\" src=\"https:\/\/ko-co.com\/wp-content\/uploads\/2026\/03\/Schermafbeelding-2026-03-07-191753-1024x683.jpg\" class=\"attachment-large size-large wp-image-1473\" alt=\"Flex-sqaure\" srcset=\"https:\/\/ko-co.com\/wp-content\/uploads\/2026\/03\/Schermafbeelding-2026-03-07-191753-1024x683.jpg 1024w, https:\/\/ko-co.com\/wp-content\/uploads\/2026\/03\/Schermafbeelding-2026-03-07-191753-300x200.jpg 300w, https:\/\/ko-co.com\/wp-content\/uploads\/2026\/03\/Schermafbeelding-2026-03-07-191753-768x512.jpg 768w, https:\/\/ko-co.com\/wp-content\/uploads\/2026\/03\/Schermafbeelding-2026-03-07-191753.jpg 1343w\" sizes=\"(max-width: 1024px) 100vw, 1024px\" \/>\t\t\t\t\t\t\t\t\t\t\t\t\t\t\t<\/div>\n\t\t\t\t<\/div>\n\t\t<div class=\"elementor-element elementor-element-3141d9b e-con-full e-flex e-con e-child\" data-id=\"3141d9b\" data-element_type=\"container\">\n\t\t\t\t<div class=\"elementor-element elementor-element-760f755 elementor-widget elementor-widget-image\" data-id=\"760f755\" data-element_type=\"widget\" data-widget_type=\"image.default\">\n\t\t\t\t\t\t\t\t\t\t\t\t\t\t\t<img loading=\"lazy\" decoding=\"async\" width=\"1024\" height=\"768\" src=\"https:\/\/ko-co.com\/wp-content\/uploads\/2026\/03\/FlexNet-5025-flexibles-SG-1024x768.jpg\" class=\"attachment-large size-large wp-image-1487\" alt=\"Flex-sqaure\" srcset=\"https:\/\/ko-co.com\/wp-content\/uploads\/2026\/03\/FlexNet-5025-flexibles-SG-1024x768.jpg 1024w, https:\/\/ko-co.com\/wp-content\/uploads\/2026\/03\/FlexNet-5025-flexibles-SG-300x225.jpg 300w, https:\/\/ko-co.com\/wp-content\/uploads\/2026\/03\/FlexNet-5025-flexibles-SG-768x576.jpg 768w, https:\/\/ko-co.com\/wp-content\/uploads\/2026\/03\/FlexNet-5025-flexibles-SG-1536x1152.jpg 1536w, https:\/\/ko-co.com\/wp-content\/uploads\/2026\/03\/FlexNet-5025-flexibles-SG-2048x1536.jpg 2048w\" sizes=\"(max-width: 1024px) 100vw, 1024px\" \/>\t\t\t\t\t\t\t\t\t\t\t\t\t\t\t<\/div>\n\t\t\t\t<\/div>\n\t\t\t\t\t<\/div>\n\t\t\t\t<\/div>\n\t\t\t\t<\/div>","protected":false},"excerpt":{"rendered":"<p>FLEX Flex netten FLEX is d\u00e9 veelzijdige keuze voor architecten die op zoek zijn naar een unieke combinatie van functionaliteit en design. Dit flexibele, roestvast stalen gaas biedt ongekende mogelijkheden in gevels, balustrades, zonwering en interieurtoepassingen. De open structuur cre\u00ebert een transparant en licht doorlatend effect, terwijl het materiaal sterk, onderhoudsarm en duurzaam is. Het [&hellip;]<\/p>\n","protected":false},"author":1,"featured_media":0,"parent":0,"menu_order":0,"comment_status":"closed","ping_status":"closed","template":"","meta":{"footnotes":""},"class_list":["post-25","page","type-page","status-publish","hentry"],"blocksy_meta":[],"_links":{"self":[{"href":"https:\/\/ko-co.com\/fr\/wp-json\/wp\/v2\/pages\/25","targetHints":{"allow":["GET"]}}],"collection":[{"href":"https:\/\/ko-co.com\/fr\/wp-json\/wp\/v2\/pages"}],"about":[{"href":"https:\/\/ko-co.com\/fr\/wp-json\/wp\/v2\/types\/page"}],"author":[{"embeddable":true,"href":"https:\/\/ko-co.com\/fr\/wp-json\/wp\/v2\/users\/1"}],"replies":[{"embeddable":true,"href":"https:\/\/ko-co.com\/fr\/wp-json\/wp\/v2\/comments?post=25"}],"version-history":[{"count":97,"href":"https:\/\/ko-co.com\/fr\/wp-json\/wp\/v2\/pages\/25\/revisions"}],"predecessor-version":[{"id":2013,"href":"https:\/\/ko-co.com\/fr\/wp-json\/wp\/v2\/pages\/25\/revisions\/2013"}],"wp:attachment":[{"href":"https:\/\/ko-co.com\/fr\/wp-json\/wp\/v2\/media?parent=25"}],"curies":[{"name":"wp","href":"https:\/\/api.w.org\/{rel}","templated":true}]}}