{"id":26,"date":"2025-11-16T01:48:55","date_gmt":"2025-11-16T00:48:55","guid":{"rendered":"https:\/\/ko-co.com\/?page_id=26"},"modified":"2026-03-19T19:57:21","modified_gmt":"2026-03-19T18:57:21","slug":"ko-rip","status":"publish","type":"page","link":"https:\/\/ko-co.com\/fr\/ko-rip\/","title":{"rendered":"Ko-rip"},"content":{"rendered":"<div data-elementor-type=\"wp-page\" data-elementor-id=\"26\" class=\"elementor elementor-26\">\n\t\t\t\t<div class=\"elementor-element elementor-element-690bbd1 e-flex e-con-boxed e-con e-parent\" data-id=\"690bbd1\" data-element_type=\"container\" data-settings=\"{&quot;background_background&quot;:&quot;classic&quot;}\">\n\t\t\t\t\t<div class=\"e-con-inner\">\n\t\t<div class=\"elementor-element elementor-element-7e19c1a e-con-full e-flex e-con e-child\" data-id=\"7e19c1a\" data-element_type=\"container\">\n\t\t<div class=\"elementor-element elementor-element-355d075 e-con-full e-flex e-con e-child\" data-id=\"355d075\" data-element_type=\"container\">\n\t\t<div class=\"elementor-element elementor-element-2aeead2 e-con-full e-flex e-con e-child\" data-id=\"2aeead2\" data-element_type=\"container\">\n\t\t<div class=\"elementor-element elementor-element-12281cb e-con-full e-flex e-con e-child\" data-id=\"12281cb\" data-element_type=\"container\" data-settings=\"{&quot;background_background&quot;:&quot;classic&quot;}\">\n\t\t\t\t<div class=\"elementor-element elementor-element-643f0af elementor-widget elementor-widget-heading\" data-id=\"643f0af\" data-element_type=\"widget\" data-widget_type=\"heading.default\">\n\t\t\t\t\t<h2 class=\"elementor-heading-title elementor-size-default\">KO-RIPP<\/h2>\t\t\t\t<\/div>\n\t\t\t\t<\/div>\n\t\t\t\t<\/div>\n\t\t\t\t<\/div>\n\t\t\t\t<\/div>\n\t\t\t\t\t<\/div>\n\t\t\t\t<\/div>\n\t\t<div class=\"elementor-element elementor-element-74e9b15 e-flex e-con-boxed e-con e-parent\" data-id=\"74e9b15\" data-element_type=\"container\">\n\t\t\t\t\t<div class=\"e-con-inner\">\n\t\t\t\t<div class=\"elementor-element elementor-element-3f731ed elementor-widget elementor-widget-heading\" data-id=\"3f731ed\" data-element_type=\"widget\" data-widget_type=\"heading.default\">\n\t\t\t\t\t<h2 class=\"elementor-heading-title elementor-size-default\">Water Ripple <\/h2>\t\t\t\t<\/div>\n\t\t\t\t<div class=\"elementor-element elementor-element-4a93966 elementor-widget elementor-widget-text-editor\" data-id=\"4a93966\" data-element_type=\"widget\" data-widget_type=\"text-editor.default\">\n\t\t\t\t\t\t\t\t\t<p class=\"translation-block\">Apportez lumi\u00e8re, profondeur et \u00e9l\u00e9gance \u00e0 vos espaces gr\u00e2ce \u00e0 nos panneaux architecturaux <strong>KO-RIPP,<\/strong> \u00e9voquant les ondulations de l'eau. Ces panneaux muraux et de plafond exclusifs en acier inoxydable cr\u00e9ent un effet enchanteur, rappelant le doux clapotis de l'eau. Parfaits pour ceux qui recherchent une finition haut gamme pour des h\u00f4tels, halls d'accueil, boutiques, bureaux ou fa\u00e7ades modernes.<\/p><p>Onze <strong>KO-RIPP<\/strong>\u00a0Nos panneaux <strong>KO-RIPP<\/strong> sont fabriqu\u00e9s en acier inoxydable et disponibles en diff\u00e9rentes structures et finitions. Gr\u00e2ce \u00e0 leur qualit\u00e9 exceptionnelle et leur faible entretien, ils sont id\u00e9aux pour une utilisation aussi bien int\u00e9rieure qu'ext\u00e9rieure.<\/p><p>Enti\u00e8rement personnalis\u00e9 pour chaque projet.<\/p><p>Chaque panneau peut \u00eatre r\u00e9alis\u00e9 sur mesure pour s'harmoniser parfaitement avec la vision de l'architecte ou du d\u00e9corateur d'int\u00e9rieur. Vous choisissez vous-m\u00eame la structure ondul\u00e9e, les dimensions et la couleur, pour un rendu unique et luxueux qui refl\u00e8te la lumi\u00e8re naturellement.<\/p><p class=\"translation-block\">Les avantages des panneaux <strong> KO-RIPP<\/strong>\u00a0<\/p><p>\u2714 Un look moderne et exclusif<br \/>\u2714 Durable et n\u00e9cessitant peu d'entretien<br \/>\u2714 Convient \u00e0 une utilisation int\u00e9rieure et ext\u00e9rieure<br \/>\u2714 Panneaux sur mesure ou standard<\/p><p class=\"translation-block\">Donnez de l'\u00e9clat \u00e0 votre projet gr\u00e2ce \u00e0 l'effet ondul\u00e9 des panneaux <strong> KO-RIPP,\u00a0<\/strong>un m\u00e9lange de design, de savoir-faire et d'innovation.<\/p>\t\t\t\t\t\t\t\t<\/div>\n\t\t\t\t\t<\/div>\n\t\t\t\t<\/div>\n\t\t<div class=\"elementor-element elementor-element-7e212b7 e-flex e-con-boxed e-con e-parent\" data-id=\"7e212b7\" data-element_type=\"container\">\n\t\t\t\t\t<div class=\"e-con-inner\">\n\t\t<div class=\"elementor-element elementor-element-6d912b4 e-con-full e-flex e-con e-child\" data-id=\"6d912b4\" data-element_type=\"container\">\n\t\t\t\t<div class=\"elementor-element elementor-element-cf3f2e3 elementor-widget elementor-widget-image\" data-id=\"cf3f2e3\" data-element_type=\"widget\" data-widget_type=\"image.default\">\n\t\t\t\t\t\t\t\t\t\t\t\t\t\t\t<img fetchpriority=\"high\" decoding=\"async\" width=\"397\" height=\"300\" src=\"https:\/\/ko-co.com\/wp-content\/uploads\/2026\/02\/image-006-c.jpg\" class=\"attachment-large size-large wp-image-1244\" alt=\"water ripple panels\" srcset=\"https:\/\/ko-co.com\/wp-content\/uploads\/2026\/02\/image-006-c.jpg 397w, https:\/\/ko-co.com\/wp-content\/uploads\/2026\/02\/image-006-c-300x227.jpg 300w\" sizes=\"(max-width: 397px) 100vw, 397px\" \/>\t\t\t\t\t\t\t\t\t\t\t\t\t\t\t<\/div>\n\t\t\t\t<div class=\"elementor-element elementor-element-2741587 elementor-widget elementor-widget-text-editor\" data-id=\"2741587\" data-element_type=\"widget\" data-widget_type=\"text-editor.default\">\n\t\t\t\t\t\t\t\t\t<pre><strong>RIPPLE 1<\/strong><br \/>Mat\u00e9riau : Inox aisi304\/316 - Laiton<br \/>Motif:  50 \u00e0 120 mm<br \/><span style=\"font-family: inherit; font-size: inherit; font-style: inherit; font-variant-ligatures: inherit; font-variant-caps: inherit; font-weight: inherit;\">Profondeur : 2 \u00e0 6 mm<\/span><\/pre>\t\t\t\t\t\t\t\t<\/div>\n\t\t\t\t<\/div>\n\t\t<div class=\"elementor-element elementor-element-dbe169d e-con-full e-flex e-con e-child\" data-id=\"dbe169d\" data-element_type=\"container\">\n\t\t\t\t<div class=\"elementor-element elementor-element-beced30 elementor-widget elementor-widget-image\" data-id=\"beced30\" data-element_type=\"widget\" data-widget_type=\"image.default\">\n\t\t\t\t\t\t\t\t\t\t\t\t\t\t\t<img decoding=\"async\" width=\"395\" height=\"300\" src=\"https:\/\/ko-co.com\/wp-content\/uploads\/2026\/02\/image-005-b.jpg\" class=\"attachment-large size-large wp-image-1254\" alt=\"water ripple panels\" srcset=\"https:\/\/ko-co.com\/wp-content\/uploads\/2026\/02\/image-005-b.jpg 395w, https:\/\/ko-co.com\/wp-content\/uploads\/2026\/02\/image-005-b-300x228.jpg 300w\" sizes=\"(max-width: 395px) 100vw, 395px\" \/>\t\t\t\t\t\t\t\t\t\t\t\t\t\t\t<\/div>\n\t\t\t\t<div class=\"elementor-element elementor-element-9541401 elementor-widget elementor-widget-text-editor\" data-id=\"9541401\" data-element_type=\"widget\" data-widget_type=\"text-editor.default\">\n\t\t\t\t\t\t\t\t\t<pre><strong>RIPPLE 2<\/strong><br \/>Mat\u00e9riau : Inox aisi304\/316 - Laiton<br \/>Motif: 80 \u00e0 160mm<br \/><span style=\"font-family: inherit; font-size: inherit; font-style: inherit; font-variant-ligatures: inherit; font-variant-caps: inherit; font-weight: inherit;\">Profondeur : 0,5 \u00e0 1,5 mm<\/span><\/pre>\t\t\t\t\t\t\t\t<\/div>\n\t\t\t\t<\/div>\n\t\t<div class=\"elementor-element elementor-element-1fcc146 e-con-full e-flex e-con e-child\" data-id=\"1fcc146\" data-element_type=\"container\">\n\t\t\t\t<div class=\"elementor-element elementor-element-61458de elementor-widget elementor-widget-image\" data-id=\"61458de\" data-element_type=\"widget\" data-widget_type=\"image.default\">\n\t\t\t\t\t\t\t\t\t\t\t\t\t\t\t<img decoding=\"async\" width=\"400\" height=\"301\" src=\"https:\/\/ko-co.com\/wp-content\/uploads\/2026\/02\/image-007-b.jpg\" class=\"attachment-large size-large wp-image-1247\" alt=\"water ripple panels\" srcset=\"https:\/\/ko-co.com\/wp-content\/uploads\/2026\/02\/image-007-b.jpg 400w, https:\/\/ko-co.com\/wp-content\/uploads\/2026\/02\/image-007-b-300x226.jpg 300w\" sizes=\"(max-width: 400px) 100vw, 400px\" \/>\t\t\t\t\t\t\t\t\t\t\t\t\t\t\t<\/div>\n\t\t\t\t<div class=\"elementor-element elementor-element-1d013fe elementor-widget elementor-widget-text-editor\" data-id=\"1d013fe\" data-element_type=\"widget\" data-widget_type=\"text-editor.default\">\n\t\t\t\t\t\t\t\t\t<pre><strong>RIPPLE 3<\/strong><br \/>Mat\u00e9riau : Inox aisi304\/316 - Laiton<br \/>Motif: 50 \u00e0 120mm<br \/><span style=\"font-family: inherit; font-size: inherit; font-style: inherit; font-variant-ligatures: inherit; font-variant-caps: inherit; font-weight: inherit;\">Profondeur : 3 \u00e0 12 mm<\/span><\/pre>\t\t\t\t\t\t\t\t<\/div>\n\t\t\t\t<\/div>\n\t\t\t\t\t<\/div>\n\t\t\t\t<\/div>\n\t\t\t\t<\/div>","protected":false},"excerpt":{"rendered":"<p>KO-RIPP Water Ripple Breng licht, diepte en elegantie samen met onze architecturale KO-RIPP panelen. Deze exclusieve RVS wand- en plafondpanelen cre\u00ebren een betoverend effect dat doet denken aan zacht golvend water. Perfect voor wie kiest voor een hoogwaardige afwerking van hotels en ontvangsthallen tot winkels, kantoren en moderne gevels. Onze KO-RIPP\u00a0panelen worden vervaardigd uit roestvast [&hellip;]<\/p>\n","protected":false},"author":1,"featured_media":0,"parent":0,"menu_order":0,"comment_status":"closed","ping_status":"closed","template":"","meta":{"footnotes":""},"class_list":["post-26","page","type-page","status-publish","hentry"],"blocksy_meta":[],"_links":{"self":[{"href":"https:\/\/ko-co.com\/fr\/wp-json\/wp\/v2\/pages\/26","targetHints":{"allow":["GET"]}}],"collection":[{"href":"https:\/\/ko-co.com\/fr\/wp-json\/wp\/v2\/pages"}],"about":[{"href":"https:\/\/ko-co.com\/fr\/wp-json\/wp\/v2\/types\/page"}],"author":[{"embeddable":true,"href":"https:\/\/ko-co.com\/fr\/wp-json\/wp\/v2\/users\/1"}],"replies":[{"embeddable":true,"href":"https:\/\/ko-co.com\/fr\/wp-json\/wp\/v2\/comments?post=26"}],"version-history":[{"count":58,"href":"https:\/\/ko-co.com\/fr\/wp-json\/wp\/v2\/pages\/26\/revisions"}],"predecessor-version":[{"id":2038,"href":"https:\/\/ko-co.com\/fr\/wp-json\/wp\/v2\/pages\/26\/revisions\/2038"}],"wp:attachment":[{"href":"https:\/\/ko-co.com\/fr\/wp-json\/wp\/v2\/media?parent=26"}],"curies":[{"name":"wp","href":"https:\/\/api.w.org\/{rel}","templated":true}]}}