{"id":28,"date":"2025-11-16T01:48:55","date_gmt":"2025-11-16T00:48:55","guid":{"rendered":"https:\/\/ko-co.com\/?page_id=28"},"modified":"2026-03-18T10:39:09","modified_gmt":"2026-03-18T09:39:09","slug":"ko-cel","status":"publish","type":"page","link":"https:\/\/ko-co.com\/fr\/ko-cel\/","title":{"rendered":"Ko-cel"},"content":{"rendered":"<div data-elementor-type=\"wp-page\" data-elementor-id=\"28\" class=\"elementor elementor-28\">\n\t\t\t\t<div class=\"elementor-element elementor-element-887932b e-flex e-con-boxed e-con e-parent\" data-id=\"887932b\" data-element_type=\"container\" data-settings=\"{&quot;background_background&quot;:&quot;classic&quot;}\">\n\t\t\t\t\t<div class=\"e-con-inner\">\n\t\t<div class=\"elementor-element elementor-element-4ffab4a e-con-full e-flex e-con e-child\" data-id=\"4ffab4a\" data-element_type=\"container\">\n\t\t<div class=\"elementor-element elementor-element-74381f3 e-con-full e-flex e-con e-child\" data-id=\"74381f3\" data-element_type=\"container\">\n\t\t<div class=\"elementor-element elementor-element-929500d e-con-full e-flex e-con e-child\" data-id=\"929500d\" data-element_type=\"container\" data-settings=\"{&quot;background_background&quot;:&quot;classic&quot;}\">\n\t\t\t\t<div class=\"elementor-element elementor-element-2b382a3 elementor-widget elementor-widget-heading\" data-id=\"2b382a3\" data-element_type=\"widget\" data-widget_type=\"heading.default\">\n\t\t\t\t\t<h2 class=\"elementor-heading-title elementor-size-default\">KO-CEL<\/h2>\t\t\t\t<\/div>\n\t\t\t\t<\/div>\n\t\t\t\t<\/div>\n\t\t\t\t<\/div>\n\t\t\t\t\t<\/div>\n\t\t\t\t<\/div>\n\t\t<div class=\"elementor-element elementor-element-442c479 e-flex e-con-boxed e-con e-parent\" data-id=\"442c479\" data-element_type=\"container\">\n\t\t\t\t\t<div class=\"e-con-inner\">\n\t\t<div class=\"elementor-element elementor-element-309d966 e-con-full e-flex e-con e-child\" data-id=\"309d966\" data-element_type=\"container\">\n\t\t<div class=\"elementor-element elementor-element-34be906 e-con-full e-flex e-con e-child\" data-id=\"34be906\" data-element_type=\"container\">\n\t\t<div class=\"elementor-element elementor-element-80c3bef e-con-full e-flex e-con e-child\" data-id=\"80c3bef\" data-element_type=\"container\" data-settings=\"{&quot;background_background&quot;:&quot;classic&quot;}\">\n\t\t\t\t<div class=\"elementor-element elementor-element-8fafa52 elementor-widget elementor-widget-heading\" data-id=\"8fafa52\" data-element_type=\"widget\" data-widget_type=\"heading.default\">\n\t\t\t\t\t<h2 class=\"elementor-heading-title elementor-size-default\">Panneaux de mousse d'aluminium stabilis\u00e9<\/h2>\t\t\t\t<\/div>\n\t\t\t\t<\/div>\n\t\t\t\t<\/div>\n\t\t\t\t<\/div>\n\t\t\t\t\t<\/div>\n\t\t\t\t<\/div>\n\t\t<div class=\"elementor-element elementor-element-7e4ab20 e-flex e-con-boxed e-con e-parent\" data-id=\"7e4ab20\" data-element_type=\"container\">\n\t\t\t\t\t<div class=\"e-con-inner\">\n\t\t\t\t<div class=\"elementor-element elementor-element-fb16eae elementor-widget elementor-widget-text-editor\" data-id=\"fb16eae\" data-element_type=\"widget\" data-widget_type=\"text-editor.default\">\n\t\t\t\t\t\t\t\t\t<p class=\"translation-block\">La mouse d'aluminium stabilis\u00e9 ou <strong>KO-CEL<\/strong> est un mat\u00e9riau innovant qui allie technologie et esth\u00e9tique de fa\u00e7on unique. Il se compose d'une matrice d'aluminium emprisonnant un r\u00e9seau de pores d'air uniform\u00e9ment r\u00e9partis. Cette structure offre des propri\u00e9t\u00e9s remarquables\u00a0: l\u00e9g\u00e8ret\u00e9, rigidit\u00e9 et profondeur visuelle exceptionnelle. Gr\u00e2ce \u00e0 sa structure \u00e0 cellules ouvertes ou ferm\u00e9es, le mati\u00e8re refl\u00e8te la lumi\u00e8re de mani\u00e8re dynamique, cr\u00e9ant une surface m\u00e9tallique d'un r\u00e9alisme saisissant qui se transforme constamment selon l'incidence de la lumi\u00e8re.<\/p><p class=\"translation-block\">En architecture, le <strong>KO-CEL<\/strong> est de plus en plus utilis\u00e9 comme rev\u00eatement de fa\u00e7ade, cloison int\u00e9rieure, plafond suspendu ou dans des meubles. Ce mat\u00e9riau est non seulement esth\u00e9tiquement impressionnant, mais aussi fonctionnel\u00a0: il est ignifug\u00e9, r\u00e9sistant \u00e0 la corrosion et enti\u00e8rement recyclable. Gr\u00e2ce \u00e0 ces propri\u00e9t\u00e9s, il s\u2019inscrit parfaitement dans les objectifs de d\u00e9veloppement durable et les principes de l\u2019\u00e9conomie circulaire.<\/p><p class=\"translation-block\">De plus, <strong>KO-CEL<\/strong> offre une grande libert\u00e9 de conception. Il peut \u00eatre fabriqu\u00e9 sur mesure avec une finition aluminium brut ou color\u00e9e. Cela le rend adapt\u00e9 \u00e0 une vaste gamme d'applications, des mus\u00e9es et a\u00e9roports au mobilier design et aux installations artistiques.<\/p><p class=\"translation-block\">En r\u00e9sum\u00e9, <strong>KO-CEL<\/strong> allie performance technique et esth\u00e9tique exceptionnelle. Il repr\u00e9sente une nouvelle g\u00e9n\u00e9ration de mat\u00e9riaux \u00e0 la fois fonctionnels, expressifs et tourn\u00e9s vers l'avenir.<\/p>\t\t\t\t\t\t\t\t<\/div>\n\t\t\t\t\t<\/div>\n\t\t\t\t<\/div>\n\t\t<div class=\"elementor-element elementor-element-7d873b3 e-flex e-con-boxed e-con e-parent\" data-id=\"7d873b3\" data-element_type=\"container\">\n\t\t\t\t\t<div class=\"e-con-inner\">\n\t\t<div class=\"elementor-element elementor-element-a62f2d7 e-con-full e-flex e-con e-child\" data-id=\"a62f2d7\" data-element_type=\"container\">\n\t\t\t\t<div class=\"elementor-element elementor-element-1c8745b elementor-widget elementor-widget-image\" data-id=\"1c8745b\" data-element_type=\"widget\" data-widget_type=\"image.default\">\n\t\t\t\t\t\t\t\t\t\t\t\t\t\t\t<img fetchpriority=\"high\" decoding=\"async\" width=\"695\" height=\"918\" src=\"https:\/\/ko-co.com\/wp-content\/uploads\/2026\/02\/2-open-zijde.jpg\" class=\"attachment-large size-large wp-image-1167\" alt=\"aluminium foam - schuim aluminium\" srcset=\"https:\/\/ko-co.com\/wp-content\/uploads\/2026\/02\/2-open-zijde.jpg 695w, https:\/\/ko-co.com\/wp-content\/uploads\/2026\/02\/2-open-zijde-227x300.jpg 227w\" sizes=\"(max-width: 695px) 100vw, 695px\" \/>\t\t\t\t\t\t\t\t\t\t\t\t\t\t\t<\/div>\n\t\t\t\t<div class=\"elementor-element elementor-element-75fb1b8 elementor-widget elementor-widget-text-editor\" data-id=\"75fb1b8\" data-element_type=\"widget\" data-widget_type=\"text-editor.default\">\n\t\t\t\t\t\t\t\t\t<p>Structure \u00e0 cellules ouvertes<\/p>\t\t\t\t\t\t\t\t<\/div>\n\t\t\t\t<\/div>\n\t\t<div class=\"elementor-element elementor-element-2c81c61 e-con-full e-flex e-con e-child\" data-id=\"2c81c61\" data-element_type=\"container\">\n\t\t\t\t<div class=\"elementor-element elementor-element-755cf3f elementor-widget elementor-widget-image\" data-id=\"755cf3f\" data-element_type=\"widget\" data-widget_type=\"image.default\">\n\t\t\t\t\t\t\t\t\t\t\t\t\t\t\t<img decoding=\"async\" width=\"704\" height=\"918\" src=\"https:\/\/ko-co.com\/wp-content\/uploads\/2026\/02\/gesloten.jpg\" class=\"attachment-large size-large wp-image-1168\" alt=\"aluminium foam - schuim aluminium\" srcset=\"https:\/\/ko-co.com\/wp-content\/uploads\/2026\/02\/gesloten.jpg 704w, https:\/\/ko-co.com\/wp-content\/uploads\/2026\/02\/gesloten-230x300.jpg 230w\" sizes=\"(max-width: 704px) 100vw, 704px\" \/>\t\t\t\t\t\t\t\t\t\t\t\t\t\t\t<\/div>\n\t\t\t\t<div class=\"elementor-element elementor-element-eee376a elementor-widget elementor-widget-text-editor\" data-id=\"eee376a\" data-element_type=\"widget\" data-widget_type=\"text-editor.default\">\n\t\t\t\t\t\t\t\t\t<p>Structure \u00e0 cellules ferm\u00e9es<\/p>\t\t\t\t\t\t\t\t<\/div>\n\t\t\t\t<\/div>\n\t\t<div class=\"elementor-element elementor-element-ac58054 e-con-full e-flex e-con e-child\" data-id=\"ac58054\" data-element_type=\"container\">\n\t\t\t\t<div class=\"elementor-element elementor-element-4ffca77 elementor-widget elementor-widget-image\" data-id=\"4ffca77\" data-element_type=\"widget\" data-widget_type=\"image.default\">\n\t\t\t\t\t\t\t\t\t\t\t\t\t\t\t<img decoding=\"async\" width=\"704\" height=\"900\" src=\"https:\/\/ko-co.com\/wp-content\/uploads\/2026\/02\/kleur.jpg\" class=\"attachment-large size-large wp-image-1172\" alt=\"aluminium foam - schuim aluminium\" srcset=\"https:\/\/ko-co.com\/wp-content\/uploads\/2026\/02\/kleur.jpg 704w, https:\/\/ko-co.com\/wp-content\/uploads\/2026\/02\/kleur-235x300.jpg 235w\" sizes=\"(max-width: 704px) 100vw, 704px\" \/>\t\t\t\t\t\t\t\t\t\t\t\t\t\t\t<\/div>\n\t\t\t\t<div class=\"elementor-element elementor-element-781a839 elementor-widget elementor-widget-text-editor\" data-id=\"781a839\" data-element_type=\"widget\" data-widget_type=\"text-editor.default\">\n\t\t\t\t\t\t\t\t\t<p>Couleur sur demande<\/p>\t\t\t\t\t\t\t\t<\/div>\n\t\t\t\t<\/div>\n\t\t\t\t\t<\/div>\n\t\t\t\t<\/div>\n\t\t\t\t<\/div>","protected":false},"excerpt":{"rendered":"<p>KO-CEL Gestabiliseerd schuim aluminium panelen \u00a0Architecturaal gestabiliseerd schuim aluminium of KO-CEL is een innovatief materiaal dat techniek en esthetiek op unieke wijze verenigt. Het bestaat uit een aluminium matrix waarin een netwerk van gelijkmatig verdeelde luchtpori\u00ebn is opgesloten. Dit zorgt voor een opvallende combinatie van eigenschappen: een laag gewicht, stijfheid en een bijzondere visuele diepte. [&hellip;]<\/p>\n","protected":false},"author":1,"featured_media":0,"parent":0,"menu_order":0,"comment_status":"closed","ping_status":"closed","template":"","meta":{"footnotes":""},"class_list":["post-28","page","type-page","status-publish","hentry"],"blocksy_meta":[],"_links":{"self":[{"href":"https:\/\/ko-co.com\/fr\/wp-json\/wp\/v2\/pages\/28","targetHints":{"allow":["GET"]}}],"collection":[{"href":"https:\/\/ko-co.com\/fr\/wp-json\/wp\/v2\/pages"}],"about":[{"href":"https:\/\/ko-co.com\/fr\/wp-json\/wp\/v2\/types\/page"}],"author":[{"embeddable":true,"href":"https:\/\/ko-co.com\/fr\/wp-json\/wp\/v2\/users\/1"}],"replies":[{"embeddable":true,"href":"https:\/\/ko-co.com\/fr\/wp-json\/wp\/v2\/comments?post=28"}],"version-history":[{"count":46,"href":"https:\/\/ko-co.com\/fr\/wp-json\/wp\/v2\/pages\/28\/revisions"}],"predecessor-version":[{"id":2000,"href":"https:\/\/ko-co.com\/fr\/wp-json\/wp\/v2\/pages\/28\/revisions\/2000"}],"wp:attachment":[{"href":"https:\/\/ko-co.com\/fr\/wp-json\/wp\/v2\/media?parent=28"}],"curies":[{"name":"wp","href":"https:\/\/api.w.org\/{rel}","templated":true}]}}