{"id":29,"date":"2025-11-16T01:48:55","date_gmt":"2025-11-16T00:48:55","guid":{"rendered":"https:\/\/ko-co.com\/?page_id=29"},"modified":"2026-03-14T23:14:28","modified_gmt":"2026-03-14T22:14:28","slug":"ko-slot","status":"publish","type":"page","link":"https:\/\/ko-co.com\/fr\/ko-slot\/","title":{"rendered":"ko-slot"},"content":{"rendered":"<div data-elementor-type=\"wp-page\" data-elementor-id=\"29\" class=\"elementor elementor-29\">\n\t\t\t\t<div class=\"elementor-element elementor-element-3b89680 e-flex e-con-boxed e-con e-parent\" data-id=\"3b89680\" data-element_type=\"container\">\n\t\t\t\t\t<div class=\"e-con-inner\">\n\t\t<div class=\"elementor-element elementor-element-21b9329 e-con-full e-flex e-con e-child\" data-id=\"21b9329\" data-element_type=\"container\">\n\t\t<div class=\"elementor-element elementor-element-60d3ada e-con-full e-flex e-con e-child\" data-id=\"60d3ada\" data-element_type=\"container\" data-settings=\"{&quot;background_background&quot;:&quot;classic&quot;}\">\n\t\t\t\t<div class=\"elementor-element elementor-element-cf7ab91 elementor-widget elementor-widget-heading\" data-id=\"cf7ab91\" data-element_type=\"widget\" data-widget_type=\"heading.default\">\n\t\t\t\t\t<h2 class=\"elementor-heading-title elementor-size-default\">KO-SLOT<\/h2>\t\t\t\t<\/div>\n\t\t\t\t<\/div>\n\t\t\t\t<\/div>\n\t\t\t\t\t<\/div>\n\t\t\t\t<\/div>\n\t\t<div class=\"elementor-element elementor-element-588a8b1 e-flex e-con-boxed e-con e-parent\" data-id=\"588a8b1\" data-element_type=\"container\">\n\t\t\t\t\t<div class=\"e-con-inner\">\n\t\t\t\t<div class=\"elementor-element elementor-element-2da4b54 elementor-widget elementor-widget-heading\" data-id=\"2da4b54\" data-element_type=\"widget\" data-widget_type=\"heading.default\">\n\t\t\t\t\t<h2 class=\"elementor-heading-title elementor-size-default\">Grilles soud\u00e9s - Caillebotis<\/h2>\t\t\t\t<\/div>\n\t\t\t\t<div class=\"elementor-element elementor-element-6f7df40 elementor-widget elementor-widget-text-editor\" data-id=\"6f7df40\" data-element_type=\"widget\" data-widget_type=\"text-editor.default\">\n\t\t\t\t\t\t\t\t\t<p class=\"translation-block\">Les caillebotis architecturaux soud\u00e9s allient fonctionnalit\u00e9, durabilit\u00e9 et esth\u00e9tique au sein d'un syst\u00e8me sophistiqu\u00e9. Con\u00e7us sur mesure pour r\u00e9pondre aux exigences techniques et architecturales, ces caillebotis offrent un style industriel moderne qui s'int\u00e8gre parfaitement aux concepts architecturaux contemporains.<\/p><p class=\"translation-block\">La technique de soudage de pr\u00e9cision permet d'obtenir une structure solide aux lignes \u00e9pur\u00e9es. De ce fait, les grilles soud\u00e9es sont particuli\u00e8rement adapt\u00e9es \u00e0 des applications telles que les bardages de fa\u00e7ade, les garde-corps, les protections solaires, les plafonds et les cloisons. La porosit\u00e9 de la grille assure une circulation optimale de la lumi\u00e8re et de l'air, tandis que la pr\u00e9cision g\u00e9om\u00e9trique conf\u00e8re \u00e0 l'ensemble un rythme et une harmonie visuelles.<\/p><p>Les grilles peuvent \u00eatre fabriqu\u00e9es \u00e0 partir de divers mat\u00e9riaux \u2013 de l'acier inoxydable \u00e0 l'acier galvanis\u00e9 ou thermolaqu\u00e9 \u2013 selon l'aspect souhait\u00e9 et les conditions environnementales. Gr\u00e2ce \u00e0 leur robustesse, elles r\u00e9sistent aux intemp\u00e9ries et n\u00e9cessitent peu d'entretien, ce qui leur conf\u00e8re une longue dur\u00e9e de vie et un faible impact environnemental.<\/p><p class=\"translation-block\">Les caillebotis architecturaux soud\u00e9s offrent une grande libert\u00e9 de conception\u00a0: les variations d\u2019\u00e9paisseur du fil, de taille des mailles et de finition rendent chaque projet unique. Ils allient ing\u00e9nierie et design en un \u00e9l\u00e9ment de construction minimaliste et expressif, adapt\u00e9 aussi bien \u00e0 l\u2019architecture moderne qu\u2019industrielle.<\/p>\t\t\t\t\t\t\t\t<\/div>\n\t\t\t\t\t<\/div>\n\t\t\t\t<\/div>\n\t\t<div class=\"elementor-element elementor-element-2ea6c4b e-flex e-con-boxed e-con e-parent\" data-id=\"2ea6c4b\" data-element_type=\"container\">\n\t\t\t\t\t<div class=\"e-con-inner\">\n\t\t<div class=\"elementor-element elementor-element-70fe357 e-con-full e-flex e-con e-child\" data-id=\"70fe357\" data-element_type=\"container\">\n\t\t<div class=\"elementor-element elementor-element-bd35165 e-con-full e-flex e-con e-child\" data-id=\"bd35165\" data-element_type=\"container\">\n\t\t\t\t<div class=\"elementor-element elementor-element-179ce1b elementor-widget__width-initial elementor-widget elementor-widget-image\" data-id=\"179ce1b\" data-element_type=\"widget\" data-widget_type=\"image.default\">\n\t\t\t\t\t\t\t\t\t\t\t\t\t\t\t<img fetchpriority=\"high\" decoding=\"async\" width=\"369\" height=\"285\" src=\"https:\/\/ko-co.com\/wp-content\/uploads\/2026\/01\/ARRAS_D08-100.webp\" class=\"attachment-large size-large wp-image-1074\" alt=\"ARRAS_Gelaste roosters_grilles soud\u00e9es_Welded grids\" srcset=\"https:\/\/ko-co.com\/wp-content\/uploads\/2026\/01\/ARRAS_D08-100.webp 369w, https:\/\/ko-co.com\/wp-content\/uploads\/2026\/01\/ARRAS_D08-100-300x232.webp 300w\" sizes=\"(max-width: 369px) 100vw, 369px\" \/>\t\t\t\t\t\t\t\t\t\t\t\t\t\t\t<\/div>\n\t\t\t\t<div class=\"elementor-element elementor-element-1aaa119 elementor-widget__width-initial elementor-widget elementor-widget-text-editor\" data-id=\"1aaa119\" data-element_type=\"widget\" data-widget_type=\"text-editor.default\">\n\t\t\t\t\t\t\t\t\t<p><strong>A<\/strong><b>RRAS<\/b> D08 100<\/p>\t\t\t\t\t\t\t\t<\/div>\n\t\t\t\t<\/div>\n\t\t<div class=\"elementor-element elementor-element-94422e7 e-con-full e-flex e-con e-child\" data-id=\"94422e7\" data-element_type=\"container\">\n\t\t\t\t<div class=\"elementor-element elementor-element-4a6b639 elementor-widget__width-initial elementor-widget elementor-widget-image\" data-id=\"4a6b639\" data-element_type=\"widget\" data-widget_type=\"image.default\">\n\t\t\t\t\t\t\t\t\t\t\t\t\t\t\t<img decoding=\"async\" width=\"369\" height=\"285\" src=\"https:\/\/ko-co.com\/wp-content\/uploads\/2026\/01\/ARRAS_D08-120.webp\" class=\"attachment-large size-large wp-image-1068\" alt=\"ARRAS_Gelaste roosters_grilles soud\u00e9es_Welded grids\" srcset=\"https:\/\/ko-co.com\/wp-content\/uploads\/2026\/01\/ARRAS_D08-120.webp 369w, https:\/\/ko-co.com\/wp-content\/uploads\/2026\/01\/ARRAS_D08-120-300x232.webp 300w\" sizes=\"(max-width: 369px) 100vw, 369px\" \/>\t\t\t\t\t\t\t\t\t\t\t\t\t\t\t<\/div>\n\t\t\t\t<div class=\"elementor-element elementor-element-8c5b0fd elementor-widget elementor-widget-text-editor\" data-id=\"8c5b0fd\" data-element_type=\"widget\" data-widget_type=\"text-editor.default\">\n\t\t\t\t\t\t\t\t\t<p><strong>A<\/strong><b>RRAS<\/b> D08 120<\/p>\t\t\t\t\t\t\t\t<\/div>\n\t\t\t\t<\/div>\n\t\t<div class=\"elementor-element elementor-element-1b3660f e-con-full e-flex e-con e-child\" data-id=\"1b3660f\" data-element_type=\"container\">\n\t\t\t\t<div class=\"elementor-element elementor-element-8090376 elementor-widget elementor-widget-image\" data-id=\"8090376\" data-element_type=\"widget\" data-widget_type=\"image.default\">\n\t\t\t\t\t\t\t\t\t\t\t\t\t\t\t<img decoding=\"async\" width=\"320\" height=\"231\" src=\"https:\/\/ko-co.com\/wp-content\/uploads\/2026\/01\/ARRAS.jpg\" class=\"attachment-medium_large size-medium_large wp-image-1075\" alt=\"ARRAS_Gelaste roosters_grilles soud\u00e9es_Welded grids\" srcset=\"https:\/\/ko-co.com\/wp-content\/uploads\/2026\/01\/ARRAS.jpg 320w, https:\/\/ko-co.com\/wp-content\/uploads\/2026\/01\/ARRAS-300x217.jpg 300w\" sizes=\"(max-width: 320px) 100vw, 320px\" \/>\t\t\t\t\t\t\t\t\t\t\t\t\t\t\t<\/div>\n\t\t\t\t<div class=\"elementor-element elementor-element-6b26369 elementor-widget__width-initial elementor-widget elementor-widget-text-editor\" data-id=\"6b26369\" data-element_type=\"widget\" data-widget_type=\"text-editor.default\">\n\t\t\t\t\t\t\t\t\t<p><b>ARRAS<\/b><br \/><b>S = distance variable<\/b><\/p>\t\t\t\t\t\t\t\t<\/div>\n\t\t\t\t<\/div>\n\t\t\t\t<\/div>\n\t\t\t\t\t<\/div>\n\t\t\t\t<\/div>\n\t\t<div class=\"elementor-element elementor-element-d8e91ed e-flex e-con-boxed e-con e-parent\" data-id=\"d8e91ed\" data-element_type=\"container\">\n\t\t\t\t\t<div class=\"e-con-inner\">\n\t\t<div class=\"elementor-element elementor-element-b7869ae e-con-full e-flex e-con e-child\" data-id=\"b7869ae\" data-element_type=\"container\">\n\t\t<div class=\"elementor-element elementor-element-50d1aaf e-con-full e-flex e-con e-child\" data-id=\"50d1aaf\" data-element_type=\"container\">\n\t\t\t\t<div class=\"elementor-element elementor-element-b7163e3 elementor-widget__width-initial elementor-widget elementor-widget-image\" data-id=\"b7163e3\" data-element_type=\"widget\" data-widget_type=\"image.default\">\n\t\t\t\t\t\t\t\t\t\t\t\t\t\t\t<img loading=\"lazy\" decoding=\"async\" width=\"380\" height=\"285\" src=\"https:\/\/ko-co.com\/wp-content\/uploads\/2026\/01\/ELIOS_Z06040-3.jpg\" class=\"attachment-large size-large wp-image-1098\" alt=\"ELIOS_Gelaste roosters_grilles soud\u00e9es_Welded grids\" srcset=\"https:\/\/ko-co.com\/wp-content\/uploads\/2026\/01\/ELIOS_Z06040-3.jpg 380w, https:\/\/ko-co.com\/wp-content\/uploads\/2026\/01\/ELIOS_Z06040-3-300x225.jpg 300w\" sizes=\"(max-width: 380px) 100vw, 380px\" \/>\t\t\t\t\t\t\t\t\t\t\t\t\t\t\t<\/div>\n\t\t\t\t<div class=\"elementor-element elementor-element-9369826 elementor-widget__width-initial elementor-widget elementor-widget-text-editor\" data-id=\"9369826\" data-element_type=\"widget\" data-widget_type=\"text-editor.default\">\n\t\t\t\t\t\t\t\t\t<p><strong>ELIOS<\/strong> Z06 040<\/p>\t\t\t\t\t\t\t\t<\/div>\n\t\t\t\t<\/div>\n\t\t<div class=\"elementor-element elementor-element-b1154b9 e-con-full e-flex e-con e-child\" data-id=\"b1154b9\" data-element_type=\"container\">\n\t\t\t\t<div class=\"elementor-element elementor-element-f823921 elementor-widget__width-initial elementor-widget elementor-widget-image\" data-id=\"f823921\" data-element_type=\"widget\" data-widget_type=\"image.default\">\n\t\t\t\t\t\t\t\t\t\t\t\t\t\t\t<img loading=\"lazy\" decoding=\"async\" width=\"369\" height=\"285\" src=\"https:\/\/ko-co.com\/wp-content\/uploads\/2026\/01\/ELIOS_Z06-050.webp\" class=\"attachment-large size-large wp-image-1062\" alt=\"ELIOS_Gelaste roosters_grilles soud\u00e9es_Welded grids\" srcset=\"https:\/\/ko-co.com\/wp-content\/uploads\/2026\/01\/ELIOS_Z06-050.webp 369w, https:\/\/ko-co.com\/wp-content\/uploads\/2026\/01\/ELIOS_Z06-050-300x232.webp 300w\" sizes=\"(max-width: 369px) 100vw, 369px\" \/>\t\t\t\t\t\t\t\t\t\t\t\t\t\t\t<\/div>\n\t\t\t\t<div class=\"elementor-element elementor-element-ee26f85 elementor-widget elementor-widget-text-editor\" data-id=\"ee26f85\" data-element_type=\"widget\" data-widget_type=\"text-editor.default\">\n\t\t\t\t\t\t\t\t\t<p><strong>ELIOS<\/strong> Z06 050<\/p>\t\t\t\t\t\t\t\t<\/div>\n\t\t\t\t<\/div>\n\t\t<div class=\"elementor-element elementor-element-76146ef e-con-full e-flex e-con e-child\" data-id=\"76146ef\" data-element_type=\"container\">\n\t\t\t\t<div class=\"elementor-element elementor-element-2e329ec elementor-widget elementor-widget-image\" data-id=\"2e329ec\" data-element_type=\"widget\" data-widget_type=\"image.default\">\n\t\t\t\t\t\t\t\t\t\t\t\t\t\t\t<img loading=\"lazy\" decoding=\"async\" width=\"294\" height=\"250\" src=\"https:\/\/ko-co.com\/wp-content\/uploads\/2026\/01\/ELIOS.jpg\" class=\"attachment-medium_large size-medium_large wp-image-1077\" alt=\"ELIOS_Gelaste roosters_grilles soud\u00e9es_Welded grids\" \/>\t\t\t\t\t\t\t\t\t\t\t\t\t\t\t<\/div>\n\t\t\t\t<div class=\"elementor-element elementor-element-8b87cfc elementor-widget__width-initial elementor-widget elementor-widget-text-editor\" data-id=\"8b87cfc\" data-element_type=\"widget\" data-widget_type=\"text-editor.default\">\n\t\t\t\t\t\t\t\t\t<p><b>ELIOS<\/b><br \/><b>S = distance variable<\/b><\/p>\t\t\t\t\t\t\t\t<\/div>\n\t\t\t\t<\/div>\n\t\t\t\t<\/div>\n\t\t\t\t\t<\/div>\n\t\t\t\t<\/div>\n\t\t<div class=\"elementor-element elementor-element-a52db65 e-flex e-con-boxed e-con e-parent\" data-id=\"a52db65\" data-element_type=\"container\">\n\t\t\t\t\t<div class=\"e-con-inner\">\n\t\t<div class=\"elementor-element elementor-element-f6ef18a e-con-full e-flex e-con e-child\" data-id=\"f6ef18a\" data-element_type=\"container\">\n\t\t<div class=\"elementor-element elementor-element-012c8ce e-con-full e-flex e-con e-child\" data-id=\"012c8ce\" data-element_type=\"container\">\n\t\t\t\t<div class=\"elementor-element elementor-element-55ea8d7 elementor-widget__width-initial elementor-widget elementor-widget-image\" data-id=\"55ea8d7\" data-element_type=\"widget\" data-widget_type=\"image.default\">\n\t\t\t\t\t\t\t\t\t\t\t\t\t\t\t<img loading=\"lazy\" decoding=\"async\" width=\"369\" height=\"285\" src=\"https:\/\/ko-co.com\/wp-content\/uploads\/2026\/01\/FOBOS_Z09-040.webp\" class=\"attachment-large size-large wp-image-1099\" alt=\"FOBOS_Gelaste roosters_grilles soud\u00e9es_Welded grids\" srcset=\"https:\/\/ko-co.com\/wp-content\/uploads\/2026\/01\/FOBOS_Z09-040.webp 369w, https:\/\/ko-co.com\/wp-content\/uploads\/2026\/01\/FOBOS_Z09-040-300x232.webp 300w\" sizes=\"(max-width: 369px) 100vw, 369px\" \/>\t\t\t\t\t\t\t\t\t\t\t\t\t\t\t<\/div>\n\t\t\t\t<div class=\"elementor-element elementor-element-86a9a06 elementor-widget__width-initial elementor-widget elementor-widget-text-editor\" data-id=\"86a9a06\" data-element_type=\"widget\" data-widget_type=\"text-editor.default\">\n\t\t\t\t\t\t\t\t\t<p><strong>FORBOS\u00a0<\/strong>Z09040<\/p>\t\t\t\t\t\t\t\t<\/div>\n\t\t\t\t<\/div>\n\t\t<div class=\"elementor-element elementor-element-88e01b7 e-con-full e-flex e-con e-child\" data-id=\"88e01b7\" data-element_type=\"container\">\n\t\t\t\t<div class=\"elementor-element elementor-element-8564bf0 elementor-widget__width-initial elementor-widget elementor-widget-image\" data-id=\"8564bf0\" data-element_type=\"widget\" data-widget_type=\"image.default\">\n\t\t\t\t\t\t\t\t\t\t\t\t\t\t\t<img loading=\"lazy\" decoding=\"async\" width=\"369\" height=\"285\" src=\"https:\/\/ko-co.com\/wp-content\/uploads\/2026\/01\/FOBOS_Z09-070.webp\" class=\"attachment-large size-large wp-image-1100\" alt=\"FOBOS_Gelaste roosters_grilles soud\u00e9es_Welded grids\" srcset=\"https:\/\/ko-co.com\/wp-content\/uploads\/2026\/01\/FOBOS_Z09-070.webp 369w, https:\/\/ko-co.com\/wp-content\/uploads\/2026\/01\/FOBOS_Z09-070-300x232.webp 300w\" sizes=\"(max-width: 369px) 100vw, 369px\" \/>\t\t\t\t\t\t\t\t\t\t\t\t\t\t\t<\/div>\n\t\t\t\t<div class=\"elementor-element elementor-element-b217cc8 elementor-widget elementor-widget-text-editor\" data-id=\"b217cc8\" data-element_type=\"widget\" data-widget_type=\"text-editor.default\">\n\t\t\t\t\t\t\t\t\t<p><strong>FORBOS\u00a0<\/strong>Z09070<\/p>\t\t\t\t\t\t\t\t<\/div>\n\t\t\t\t<\/div>\n\t\t<div class=\"elementor-element elementor-element-8178569 e-con-full e-flex e-con e-child\" data-id=\"8178569\" data-element_type=\"container\">\n\t\t\t\t<div class=\"elementor-element elementor-element-c606561 elementor-widget elementor-widget-image\" data-id=\"c606561\" data-element_type=\"widget\" data-widget_type=\"image.default\">\n\t\t\t\t\t\t\t\t\t\t\t\t\t\t\t<img loading=\"lazy\" decoding=\"async\" width=\"299\" height=\"246\" src=\"https:\/\/ko-co.com\/wp-content\/uploads\/2026\/01\/FORBOS.jpg\" class=\"attachment-medium_large size-medium_large wp-image-1120\" alt=\"FORBOS_Gelaste roosters_grilles soud\u00e9es_Welded grids\" \/>\t\t\t\t\t\t\t\t\t\t\t\t\t\t\t<\/div>\n\t\t\t\t<div class=\"elementor-element elementor-element-82abae7 elementor-widget__width-initial elementor-widget elementor-widget-text-editor\" data-id=\"82abae7\" data-element_type=\"widget\" data-widget_type=\"text-editor.default\">\n\t\t\t\t\t\t\t\t\t<p><b>FORBOS<\/b><br \/><b>S = distance variable<\/b><\/p>\t\t\t\t\t\t\t\t<\/div>\n\t\t\t\t<\/div>\n\t\t\t\t<\/div>\n\t\t\t\t\t<\/div>\n\t\t\t\t<\/div>\n\t\t<div class=\"elementor-element elementor-element-4faefb8 e-flex e-con-boxed e-con e-parent\" data-id=\"4faefb8\" data-element_type=\"container\">\n\t\t\t\t\t<div class=\"e-con-inner\">\n\t\t<div class=\"elementor-element elementor-element-f8bf10c e-con-full e-flex e-con e-child\" data-id=\"f8bf10c\" data-element_type=\"container\">\n\t\t<div class=\"elementor-element elementor-element-efb4577 e-con-full e-flex e-con e-child\" data-id=\"efb4577\" data-element_type=\"container\">\n\t\t\t\t<div class=\"elementor-element elementor-element-02b9d42 elementor-widget__width-initial elementor-widget elementor-widget-image\" data-id=\"02b9d42\" data-element_type=\"widget\" data-widget_type=\"image.default\">\n\t\t\t\t\t\t\t\t\t\t\t\t\t\t\t<img loading=\"lazy\" decoding=\"async\" width=\"369\" height=\"285\" src=\"https:\/\/ko-co.com\/wp-content\/uploads\/2026\/01\/RADIUS_Z07-050.webp\" class=\"attachment-large size-large wp-image-1101\" alt=\"RADIUS_Gelaste roosters_grilles soud\u00e9es_Welded grids\" srcset=\"https:\/\/ko-co.com\/wp-content\/uploads\/2026\/01\/RADIUS_Z07-050.webp 369w, https:\/\/ko-co.com\/wp-content\/uploads\/2026\/01\/RADIUS_Z07-050-300x232.webp 300w\" sizes=\"(max-width: 369px) 100vw, 369px\" \/>\t\t\t\t\t\t\t\t\t\t\t\t\t\t\t<\/div>\n\t\t\t\t<div class=\"elementor-element elementor-element-b8d780b elementor-widget__width-initial elementor-widget elementor-widget-text-editor\" data-id=\"b8d780b\" data-element_type=\"widget\" data-widget_type=\"text-editor.default\">\n\t\t\t\t\t\t\t\t\t<p><b>RADIUS\u00a0<\/b>Z07 105<\/p>\t\t\t\t\t\t\t\t<\/div>\n\t\t\t\t<\/div>\n\t\t<div class=\"elementor-element elementor-element-af38d13 e-con-full e-flex e-con e-child\" data-id=\"af38d13\" data-element_type=\"container\">\n\t\t\t\t<div class=\"elementor-element elementor-element-ce7099c elementor-widget__width-initial elementor-widget elementor-widget-image\" data-id=\"ce7099c\" data-element_type=\"widget\" data-widget_type=\"image.default\">\n\t\t\t\t\t\t\t\t\t\t\t\t\t\t\t<img loading=\"lazy\" decoding=\"async\" width=\"369\" height=\"285\" src=\"https:\/\/ko-co.com\/wp-content\/uploads\/2026\/01\/RADIUS_Z10-105.webp\" class=\"attachment-large size-large wp-image-1103\" alt=\"RADIUS_Gelaste roosters_grilles soud\u00e9es_Welded grids\" srcset=\"https:\/\/ko-co.com\/wp-content\/uploads\/2026\/01\/RADIUS_Z10-105.webp 369w, https:\/\/ko-co.com\/wp-content\/uploads\/2026\/01\/RADIUS_Z10-105-300x232.webp 300w\" sizes=\"(max-width: 369px) 100vw, 369px\" \/>\t\t\t\t\t\t\t\t\t\t\t\t\t\t\t<\/div>\n\t\t\t\t<div class=\"elementor-element elementor-element-786c505 elementor-widget elementor-widget-text-editor\" data-id=\"786c505\" data-element_type=\"widget\" data-widget_type=\"text-editor.default\">\n\t\t\t\t\t\t\t\t\t<p><b>RADIUS\u00a0<\/b>Z10 125<\/p>\t\t\t\t\t\t\t\t<\/div>\n\t\t\t\t<\/div>\n\t\t<div class=\"elementor-element elementor-element-22fb4b2 e-con-full e-flex e-con e-child\" data-id=\"22fb4b2\" data-element_type=\"container\">\n\t\t\t\t<div class=\"elementor-element elementor-element-043488d elementor-widget elementor-widget-image\" data-id=\"043488d\" data-element_type=\"widget\" data-widget_type=\"image.default\">\n\t\t\t\t\t\t\t\t\t\t\t\t\t\t\t<img loading=\"lazy\" decoding=\"async\" width=\"312\" height=\"209\" src=\"https:\/\/ko-co.com\/wp-content\/uploads\/2026\/01\/RADIUS.jpg\" class=\"attachment-medium_large size-medium_large wp-image-1119\" alt=\"RADIUS_Gelaste roosters_grilles soud\u00e9es_Welded grids\" srcset=\"https:\/\/ko-co.com\/wp-content\/uploads\/2026\/01\/RADIUS.jpg 312w, https:\/\/ko-co.com\/wp-content\/uploads\/2026\/01\/RADIUS-300x201.jpg 300w\" sizes=\"(max-width: 312px) 100vw, 312px\" \/>\t\t\t\t\t\t\t\t\t\t\t\t\t\t\t<\/div>\n\t\t\t\t<div class=\"elementor-element elementor-element-d86e681 elementor-widget__width-initial elementor-widget elementor-widget-text-editor\" data-id=\"d86e681\" data-element_type=\"widget\" data-widget_type=\"text-editor.default\">\n\t\t\t\t\t\t\t\t\t<p><b>RADIUS<\/b><br \/><b>S = distance variable<\/b><\/p>\t\t\t\t\t\t\t\t<\/div>\n\t\t\t\t<\/div>\n\t\t\t\t<\/div>\n\t\t\t\t\t<\/div>\n\t\t\t\t<\/div>\n\t\t<div class=\"elementor-element elementor-element-3c8f598 e-flex e-con-boxed e-con e-parent\" data-id=\"3c8f598\" data-element_type=\"container\">\n\t\t\t\t\t<div class=\"e-con-inner\">\n\t\t<div class=\"elementor-element elementor-element-05bca20 e-con-full e-flex e-con e-child\" data-id=\"05bca20\" data-element_type=\"container\">\n\t\t\t\t<div class=\"elementor-element elementor-element-401ecd6 elementor-widget elementor-widget-image\" data-id=\"401ecd6\" data-element_type=\"widget\" data-widget_type=\"image.default\">\n\t\t\t\t\t\t\t\t\t\t\t\t\t\t\t<img loading=\"lazy\" decoding=\"async\" width=\"292\" height=\"282\" src=\"https:\/\/ko-co.com\/wp-content\/uploads\/2026\/01\/kleur-goud.webp\" class=\"attachment-large size-large wp-image-1104\" alt=\"kleur - goud\" \/>\t\t\t\t\t\t\t\t\t\t\t\t\t\t\t<\/div>\n\t\t\t\t<div class=\"elementor-element elementor-element-09978c4 elementor-widget elementor-widget-text-editor\" data-id=\"09978c4\" data-element_type=\"widget\" data-widget_type=\"text-editor.default\">\n\t\t\t\t\t\t\t\t\t<p>Couleur or<\/p>\t\t\t\t\t\t\t\t<\/div>\n\t\t\t\t<\/div>\n\t\t<div class=\"elementor-element elementor-element-16959d5 e-con-full e-flex e-con e-child\" data-id=\"16959d5\" data-element_type=\"container\">\n\t\t\t\t<div class=\"elementor-element elementor-element-89f4043 elementor-widget elementor-widget-image\" data-id=\"89f4043\" data-element_type=\"widget\" data-widget_type=\"image.default\">\n\t\t\t\t\t\t\t\t\t\t\t\t\t\t\t<img loading=\"lazy\" decoding=\"async\" width=\"292\" height=\"282\" src=\"https:\/\/ko-co.com\/wp-content\/uploads\/2026\/01\/kleur-koper.webp\" class=\"attachment-large size-large wp-image-1105\" alt=\"kleur -koper\" \/>\t\t\t\t\t\t\t\t\t\t\t\t\t\t\t<\/div>\n\t\t\t\t<div class=\"elementor-element elementor-element-9bcf4ea elementor-widget elementor-widget-text-editor\" data-id=\"9bcf4ea\" data-element_type=\"widget\" data-widget_type=\"text-editor.default\">\n\t\t\t\t\t\t\t\t\t<p>Couleur cuivre<\/p>\t\t\t\t\t\t\t\t<\/div>\n\t\t\t\t<\/div>\n\t\t<div class=\"elementor-element elementor-element-5c01af8 e-con-full e-flex e-con e-child\" data-id=\"5c01af8\" data-element_type=\"container\">\n\t\t\t\t<div class=\"elementor-element elementor-element-3472026 elementor-widget elementor-widget-image\" data-id=\"3472026\" data-element_type=\"widget\" data-widget_type=\"image.default\">\n\t\t\t\t\t\t\t\t\t\t\t\t\t\t\t<img loading=\"lazy\" decoding=\"async\" width=\"292\" height=\"282\" src=\"https:\/\/ko-co.com\/wp-content\/uploads\/2026\/01\/kleur-rvs.webp\" class=\"attachment-large size-large wp-image-1106\" alt=\"\" \/>\t\t\t\t\t\t\t\t\t\t\t\t\t\t\t<\/div>\n\t\t\t\t<div class=\"elementor-element elementor-element-f602a20 elementor-widget elementor-widget-text-editor\" data-id=\"f602a20\" data-element_type=\"widget\" data-widget_type=\"text-editor.default\">\n\t\t\t\t\t\t\t\t\t<p>Inox ou galvanis\u00e9<\/p>\t\t\t\t\t\t\t\t<\/div>\n\t\t\t\t<\/div>\n\t\t<div class=\"elementor-element elementor-element-9c249ab e-con-full e-flex e-con e-child\" data-id=\"9c249ab\" data-element_type=\"container\">\n\t\t\t\t<div class=\"elementor-element elementor-element-e9dc79e elementor-widget elementor-widget-image\" data-id=\"e9dc79e\" data-element_type=\"widget\" data-widget_type=\"image.default\">\n\t\t\t\t\t\t\t\t\t\t\t\t\t\t\t<img loading=\"lazy\" decoding=\"async\" width=\"292\" height=\"282\" src=\"https:\/\/ko-co.com\/wp-content\/uploads\/2026\/01\/kleur-zwart.webp\" class=\"attachment-large size-large wp-image-1107\" alt=\"kleur -zwart\" \/>\t\t\t\t\t\t\t\t\t\t\t\t\t\t\t<\/div>\n\t\t\t\t<div class=\"elementor-element elementor-element-88faa53 elementor-widget elementor-widget-text-editor\" data-id=\"88faa53\" data-element_type=\"widget\" data-widget_type=\"text-editor.default\">\n\t\t\t\t\t\t\t\t\t<p>Noir<\/p>\t\t\t\t\t\t\t\t<\/div>\n\t\t\t\t<\/div>\n\t\t\t\t\t<\/div>\n\t\t\t\t<\/div>\n\t\t\t\t<\/div>","protected":false},"excerpt":{"rendered":"<p>KO-SLOT Gelaste roosters Architecturale gelaste roosters combineren functionaliteit, duurzaamheid en esthetiek in \u00e9\u00e9n verfijnd systeem. Deze gelaste roosters worden op maat ontworpen om te voldoen aan zowel technische als architectonische eisen, en bieden een moderne, industri\u00eble uitstraling die perfect past binnen hedendaagse bouwconcepten. Door de nauwkeurige lastechniek ontstaat een solide structuur met een strakke lijnvoering. [&hellip;]<\/p>\n","protected":false},"author":1,"featured_media":0,"parent":0,"menu_order":0,"comment_status":"closed","ping_status":"closed","template":"","meta":{"footnotes":""},"class_list":["post-29","page","type-page","status-publish","hentry"],"blocksy_meta":[],"_links":{"self":[{"href":"https:\/\/ko-co.com\/fr\/wp-json\/wp\/v2\/pages\/29","targetHints":{"allow":["GET"]}}],"collection":[{"href":"https:\/\/ko-co.com\/fr\/wp-json\/wp\/v2\/pages"}],"about":[{"href":"https:\/\/ko-co.com\/fr\/wp-json\/wp\/v2\/types\/page"}],"author":[{"embeddable":true,"href":"https:\/\/ko-co.com\/fr\/wp-json\/wp\/v2\/users\/1"}],"replies":[{"embeddable":true,"href":"https:\/\/ko-co.com\/fr\/wp-json\/wp\/v2\/comments?post=29"}],"version-history":[{"count":103,"href":"https:\/\/ko-co.com\/fr\/wp-json\/wp\/v2\/pages\/29\/revisions"}],"predecessor-version":[{"id":1890,"href":"https:\/\/ko-co.com\/fr\/wp-json\/wp\/v2\/pages\/29\/revisions\/1890"}],"wp:attachment":[{"href":"https:\/\/ko-co.com\/fr\/wp-json\/wp\/v2\/media?parent=29"}],"curies":[{"name":"wp","href":"https:\/\/api.w.org\/{rel}","templated":true}]}}