{"id":61,"date":"2025-11-16T01:55:57","date_gmt":"2025-11-16T00:55:57","guid":{"rendered":"https:\/\/ko-co.com\/?page_id=61"},"modified":"2026-03-17T16:00:22","modified_gmt":"2026-03-17T15:00:22","slug":"home","status":"publish","type":"page","link":"https:\/\/ko-co.com\/fr\/","title":{"rendered":"home"},"content":{"rendered":"<div data-elementor-type=\"wp-page\" data-elementor-id=\"61\" class=\"elementor elementor-61\">\n\t\t\t\t<div class=\"elementor-element elementor-element-32eb694 e-flex e-con-boxed e-con e-parent\" data-id=\"32eb694\" data-element_type=\"container\">\n\t\t\t\t\t<div class=\"e-con-inner\">\n\t\t\t\t<div class=\"elementor-element elementor-element-5ba372c elementor-widget__width-initial elementor-widget elementor-widget-image-carousel\" data-id=\"5ba372c\" data-element_type=\"widget\" data-settings=\"{&quot;slides_to_show&quot;:&quot;1&quot;,&quot;navigation&quot;:&quot;none&quot;,&quot;autoplay_speed&quot;:3000,&quot;effect&quot;:&quot;fade&quot;,&quot;speed&quot;:2000,&quot;slides_to_show_tablet&quot;:&quot;1&quot;,&quot;autoplay&quot;:&quot;yes&quot;,&quot;infinite&quot;:&quot;yes&quot;}\" data-widget_type=\"image-carousel.default\">\n\t\t\t\t\t\t\t<div class=\"elementor-image-carousel-wrapper swiper\" role=\"region\" aria-roledescription=\"carousel\" aria-label=\"Afbeelding carrousel\" dir=\"ltr\">\n\t\t\t<div class=\"elementor-image-carousel swiper-wrapper\" aria-live=\"off\">\n\t\t\t\t\t\t\t\t<div class=\"swiper-slide\" role=\"group\" aria-roledescription=\"slide\" aria-label=\"1 van 3\"><figure class=\"swiper-slide-inner\"><img decoding=\"async\" class=\"swiper-slide-image\" src=\"https:\/\/ko-co.com\/wp-content\/uploads\/2025\/12\/mailienkolder-inox.jpg\" alt=\"maili\u00ebnkolder-inox\" \/><\/figure><\/div><div class=\"swiper-slide\" role=\"group\" aria-roledescription=\"slide\" aria-label=\"2 van 3\"><figure class=\"swiper-slide-inner\"><img decoding=\"async\" class=\"swiper-slide-image\" src=\"https:\/\/ko-co.com\/wp-content\/uploads\/2025\/12\/RVS-gelaste-roosters.jpg\" alt=\"RVS-gelaste-roosters\" \/><\/figure><\/div><div class=\"swiper-slide\" role=\"group\" aria-roledescription=\"slide\" aria-label=\"3 van 3\"><figure class=\"swiper-slide-inner\"><img decoding=\"async\" class=\"swiper-slide-image\" src=\"https:\/\/ko-co.com\/wp-content\/uploads\/2025\/12\/weefsels-vlechtwerken-gaas-.png\" alt=\"weefsels-vlechtwerken-gaas\" \/><\/figure><\/div>\t\t\t<\/div>\n\t\t\t\t\t\t\t\n\t\t\t\t\t\t\t\t\t<\/div>\n\t\t\t\t\t\t<\/div>\n\t\t<div class=\"elementor-element elementor-element-4d5d0db e-con-full e-flex e-con e-child\" data-id=\"4d5d0db\" data-element_type=\"container\" data-settings=\"{&quot;background_background&quot;:&quot;classic&quot;}\">\n\t\t\t\t<div class=\"elementor-element elementor-element-00e2530 elementor-widget__width-initial elementor-widget elementor-widget-heading\" data-id=\"00e2530\" data-element_type=\"widget\" data-widget_type=\"heading.default\">\n\t\t\t\t\t<h2 class=\"elementor-heading-title elementor-size-default\">Architectural Complements:<\/h2>\t\t\t\t<\/div>\n\t\t\t\t<div class=\"elementor-element elementor-element-761a505 elementor-widget__width-initial elementor-widget elementor-widget-heading\" data-id=\"761a505\" data-element_type=\"widget\" data-widget_type=\"heading.default\">\n\t\t\t\t\t<h2 class=\"elementor-heading-title elementor-size-default translation-block\">Tissus, Tissages et Grilles.<br>Acier inoxydable, Bronze, Laiton,<br>Aluminium et\/ou Laqu\u00e9.<\/h2>\t\t\t\t<\/div>\n\t\t\t\t<div class=\"elementor-element elementor-element-2c89aa5 elementor-widget-tablet__width-initial elementor-widget elementor-widget-button\" data-id=\"2c89aa5\" data-element_type=\"widget\" data-widget_type=\"button.default\">\n\t\t\t\t\t\t\t\t\t\t<a class=\"elementor-button elementor-button-link elementor-size-sm\" href=\"#\">\n\t\t\t\t\t\t<span class=\"elementor-button-content-wrapper\">\n\t\t\t\t\t\t\t\t\t<span class=\"elementor-button-text\">contactez-nous<\/span>\n\t\t\t\t\t<\/span>\n\t\t\t\t\t<\/a>\n\t\t\t\t\t\t\t\t<\/div>\n\t\t\t\t<\/div>\n\t\t\t\t\t<\/div>\n\t\t\t\t<\/div>\n\t\t<div class=\"elementor-element elementor-element-21cfa69 e-flex e-con-boxed e-con e-parent\" data-id=\"21cfa69\" data-element_type=\"container\">\n\t\t\t\t\t<div class=\"e-con-inner\">\n\t\t\t\t<div class=\"elementor-element elementor-element-7de548f elementor-position-left elementor-widget-tablet__width-initial elementor-view-default elementor-mobile-position-top elementor-widget elementor-widget-icon-box\" data-id=\"7de548f\" data-element_type=\"widget\" data-widget_type=\"icon-box.default\">\n\t\t\t\t\t\t\t<div class=\"elementor-icon-box-wrapper\">\n\n\t\t\t\t\t\t<div class=\"elementor-icon-box-icon\">\n\t\t\t\t<span  class=\"elementor-icon\">\n\t\t\t\t<svg aria-hidden=\"true\" class=\"e-font-icon-svg e-far-star-half\" viewbox=\"0 0 576 512\" xmlns=\"http:\/\/www.w3.org\/2000\/svg\"><path d=\"M288 385.3l-124.3 65.4 23.7-138.4-100.6-98 139-20.2 62.2-126V0c-11.4 0-22.8 5.9-28.7 17.8L194 150.2 47.9 171.4c-26.2 3.8-36.7 36.1-17.7 54.6l105.7 103-25 145.5c-4.5 26.1 23 46 46.4 33.7L288 439.6v-54.3z\"><\/path><\/svg>\t\t\t\t<\/span>\n\t\t\t<\/div>\n\t\t\t\n\t\t\t\t\t\t<div class=\"elementor-icon-box-content\">\n\n\t\t\t\t\t\t\t\t\t<h3 class=\"elementor-icon-box-title\">\n\t\t\t\t\t\t<span  >\n\t\t\t\t\t\t\tSOLUTIONS SUR MESURE\t\t\t\t\t\t<\/span>\n\t\t\t\t\t<\/h3>\n\t\t\t\t\n\t\t\t\t\t\t\t\t\t<p class=\"elementor-icon-box-description\">\n\t\t\t\t\t\tTissage et tressage en acier inoxydable, bronze, laiton, tressage et aluminium, le tout r\u00e9alis\u00e9 sur mesure selon le design et la vision du cr\u00e9ateur.\t\t\t\t\t<\/p>\n\t\t\t\t\n\t\t\t<\/div>\n\t\t\t\n\t\t<\/div>\n\t\t\t\t\t\t<\/div>\n\t\t\t\t<div class=\"elementor-element elementor-element-1051f87 elementor-position-left elementor-widget__width-initial elementor-view-default elementor-mobile-position-top elementor-widget elementor-widget-icon-box\" data-id=\"1051f87\" data-element_type=\"widget\" data-widget_type=\"icon-box.default\">\n\t\t\t\t\t\t\t<div class=\"elementor-icon-box-wrapper\">\n\n\t\t\t\t\t\t<div class=\"elementor-icon-box-icon\">\n\t\t\t\t<span  class=\"elementor-icon\">\n\t\t\t\t<svg aria-hidden=\"true\" class=\"e-font-icon-svg e-far-star-half\" viewbox=\"0 0 576 512\" xmlns=\"http:\/\/www.w3.org\/2000\/svg\"><path d=\"M288 385.3l-124.3 65.4 23.7-138.4-100.6-98 139-20.2 62.2-126V0c-11.4 0-22.8 5.9-28.7 17.8L194 150.2 47.9 171.4c-26.2 3.8-36.7 36.1-17.7 54.6l105.7 103-25 145.5c-4.5 26.1 23 46 46.4 33.7L288 439.6v-54.3z\"><\/path><\/svg>\t\t\t\t<\/span>\n\t\t\t<\/div>\n\t\t\t\n\t\t\t\t\t\t<div class=\"elementor-icon-box-content\">\n\n\t\t\t\t\t\t\t\t\t<h3 class=\"elementor-icon-box-title\">\n\t\t\t\t\t\t<span  >\n\t\t\t\t\t\t\tmat\u00e9riaux durables\t\t\t\t\t\t<\/span>\n\t\t\t\t\t<\/h3>\n\t\t\t\t\n\t\t\t\t\t\t\t\t\t<p class=\"elementor-icon-box-description\">\n\t\t\t\t\t\tAcier inoxydable, bronze, aluminium et laiton de premi\u00e8re qualit\u00e9, travaill\u00e9s avec pr\u00e9cision pour un aspect raffin\u00e9 et haut de gamme.\t\t\t\t\t<\/p>\n\t\t\t\t\n\t\t\t<\/div>\n\t\t\t\n\t\t<\/div>\n\t\t\t\t\t\t<\/div>\n\t\t\t\t<div class=\"elementor-element elementor-element-2efaff3 elementor-position-left elementor-widget-mobile__width-initial elementor-view-default elementor-mobile-position-top elementor-widget elementor-widget-icon-box\" data-id=\"2efaff3\" data-element_type=\"widget\" data-widget_type=\"icon-box.default\">\n\t\t\t\t\t\t\t<div class=\"elementor-icon-box-wrapper\">\n\n\t\t\t\t\t\t<div class=\"elementor-icon-box-icon\">\n\t\t\t\t<span  class=\"elementor-icon\">\n\t\t\t\t<svg aria-hidden=\"true\" class=\"e-font-icon-svg e-far-star-half\" viewbox=\"0 0 576 512\" xmlns=\"http:\/\/www.w3.org\/2000\/svg\"><path d=\"M288 385.3l-124.3 65.4 23.7-138.4-100.6-98 139-20.2 62.2-126V0c-11.4 0-22.8 5.9-28.7 17.8L194 150.2 47.9 171.4c-26.2 3.8-36.7 36.1-17.7 54.6l105.7 103-25 145.5c-4.5 26.1 23 46 46.4 33.7L288 439.6v-54.3z\"><\/path><\/svg>\t\t\t\t<\/span>\n\t\t\t<\/div>\n\t\t\t\n\t\t\t\t\t\t<div class=\"elementor-icon-box-content\">\n\n\t\t\t\t\t\t\t\t\t<h3 class=\"elementor-icon-box-title\">\n\t\t\t\t\t\t<span  >\n\t\t\t\t\t\t\t+35 ANS D'EXPERTISE\t\t\t\t\t\t<\/span>\n\t\t\t\t\t<\/h3>\n\t\t\t\t\n\t\t\t\t\t\t\t\t\t<p class=\"elementor-icon-box-description\">\n\t\t\t\t\t\tNous fournissons des tissus, des syst\u00e8mes de fixation et des solutions que d'autres ne peuvent offrir \u2014 robustes dans leur fonctionnement et distinctives dans leur architecture.\t\t\t\t\t<\/p>\n\t\t\t\t\n\t\t\t<\/div>\n\t\t\t\n\t\t<\/div>\n\t\t\t\t\t\t<\/div>\n\t\t\t\t\t<\/div>\n\t\t\t\t<\/div>\n\t\t<div class=\"elementor-element elementor-element-6ec1ab9 e-flex e-con-boxed e-con e-parent\" data-id=\"6ec1ab9\" data-element_type=\"container\">\n\t\t\t\t\t<div class=\"e-con-inner\">\n\t\t\t\t<div class=\"elementor-element elementor-element-7c3520e elementor-widget elementor-widget-heading\" data-id=\"7c3520e\" data-element_type=\"widget\" data-widget_type=\"heading.default\">\n\t\t\t\t\t<h2 class=\"elementor-heading-title elementor-size-default\">Tissus m\u00e9tallis\u00e9s: une (R)\u00e9volution dans la conception architecturale<\/h2>\t\t\t\t<\/div>\n\t\t\t\t<div class=\"elementor-element elementor-element-fcc924c elementor-widget elementor-widget-text-editor\" data-id=\"fcc924c\" data-element_type=\"widget\" data-widget_type=\"text-editor.default\">\n\t\t\t\t\t\t\t\t\t<p>Dans le monde de l'architecture moderne, l'esth\u00e9tique est aussi importante que la fonctionnalit\u00e9. Les textiles allient ces deux \u00e9l\u00e9ments de fa\u00e7on unique, ce qui en fait un mat\u00e9riau de pr\u00e9dilection pour les architectes et les designers. Ces mat\u00e9riaux innovants offrent une grande polyvalence d'applications, des fa\u00e7ades \u00e0 l'am\u00e9nagement int\u00e9rieur, et conf\u00e8rent \u00e0 chaque projet une \u00e9l\u00e9gance et une durabilit\u00e9 accrues.<\/p><p><span style=\"text-decoration: underline;\">Pourquoi choisir des tissus m\u00e9talliques ?<\/span><\/p><p>Nos tissus sont des structures tiss\u00e9es \u00e0 partir de fils fins en acier inoxydable, en laiton ou en bronze. Ces mat\u00e9riaux se distinguent par leur durabilit\u00e9, leur r\u00e9sistance et leur flexibilit\u00e9, alliant propri\u00e9t\u00e9s techniques et esth\u00e9tique moderne. R\u00e9sistants aux intemp\u00e9ries, \u00e0 la corrosion et \u00e0 l'usure, ils conviennent parfaitement aux applications int\u00e9rieures et ext\u00e9rieures. De plus, nos tissus sont 100 % recyclables, ce qui en fait un choix durable \u00e0 l'heure o\u00f9 le respect de l'environnement est une priorit\u00e9 croissante.<\/p><p><span style=\"text-decoration: underline;\">Esth\u00e9tique<\/span><br \/>L'aspect raffin\u00e9 des tissus offre aux architectes et aux designers une libert\u00e9 cr\u00e9ative sans pr\u00e9c\u00e9dent. Qu'il s'agisse d'une fa\u00e7ade brillante et r\u00e9fl\u00e9chissante jouant avec la lumi\u00e8re et l'ombre, ou d'un rev\u00eatement transparent subtil pr\u00e9servant l'intimit\u00e9 tout en laissant entrer la lumi\u00e8re naturelle, les tissus concr\u00e9tisent toutes les visions. Disponibles dans une vaste gamme de motifs et de textures, ils simplifient la personnalisation.<\/p><p><span style=\"text-decoration: underline;\">Fonctionnalit\u00e9<\/span><br \/>Outre leur aspect esth\u00e9tique, les textiles offrent de nombreux avantages fonctionnels. Gr\u00e2ce \u00e0 leur souplesse, ils s'adaptent aux surfaces complexes et courbes sans compromettre leur r\u00e9sistance. Ils peuvent servir de protection solaire pour pr\u00e9venir la surchauffe et contribuer \u00e0 l'efficacit\u00e9 \u00e9nerg\u00e9tique en r\u00e9duisant l'apport thermique aux b\u00e2timents. De plus, ils constituent des dispositifs de s\u00e9curit\u00e9, par exemple pour les balustrades et les cl\u00f4tures, sans entraver la perception d'espace.<\/p><p>Les tissus trouvent leur place dans une vaste gamme d'applications:\u00a0 <span style=\"text-decoration: underline;\"><span style=\"color: #993366;\">exemples<\/span><\/span><\/p><p><span style=\"font-family: inherit; font-size: inherit; font-style: inherit; font-variant-ligatures: inherit; font-variant-caps: inherit; font-weight: inherit;\">Un avantage majeur des tissus tiss\u00e9s r\u00e9side dans leur personnalisation. Les fabricants proposent des mod\u00e8les sur mesure, adapt\u00e9s aux exigences sp\u00e9cifiques de chaque projet. Des g\u00e9om\u00e9tries complexes aux finitions de couleurs uniques, les possibilit\u00e9s sont infinies. Ainsi, les tissus tiss\u00e9s constituent non seulement un mat\u00e9riau techniquement avanc\u00e9, mais aussi un support d'expression artistique.<\/span><\/p><p><span style=\"text-decoration: underline;\">Un avenir durable<\/span><br \/>\u00c0 l'heure o\u00f9 le secteur de la construction privil\u00e9gie les solutions \u00e9cologiques, les textiles jouent un r\u00f4le essentiel. Gr\u00e2ce \u00e0 leur longue dur\u00e9e de vie, leur facilit\u00e9 d'entretien et leur recyclabilit\u00e9, ils constituent un choix d'avenir. De plus, ils contribuent \u00e0 r\u00e9duire la consommation d'\u00e9nergie dans les b\u00e2timents, ce qui les rend particuli\u00e8rement attractifs pour les concepteurs soucieux de d\u00e9veloppement durable.<\/p><p><span style=\"text-decoration: underline;\">Conclusion<\/span><br \/>Les tissus allient \u00e0 la perfection fonctionnalit\u00e9, esth\u00e9tique et durabilit\u00e9. Ils offrent aux architectes la possibilit\u00e9 de cr\u00e9er des designs innovants et visuellement \u00e9poustouflants, tout en r\u00e9pondant aux exigences techniques les plus \u00e9lev\u00e9es. Qu'il s'agisse d'un gratte-ciel ultramoderne ou d'un projet d'am\u00e9nagement int\u00e9rieur sophistiqu\u00e9, les tissus apportent la polyvalence et la beaut\u00e9 n\u00e9cessaires pour marquer les esprits. Choisissez vos tissus et d\u00e9couvrez comment ils peuvent donner vie \u00e0 votre vision architecturale.<\/p>\t\t\t\t\t\t\t\t<\/div>\n\t\t\t\t\t<\/div>\n\t\t\t\t<\/div>\n\t\t\t\t<\/div>","protected":false},"excerpt":{"rendered":"<p>Architectural Complements: Weefsels, Vlechtwerken en Roosters. RVS, Brons, Messing, Aluminium en\/of gelakt. neem contact op MAATWERK RVS-gaas, brons- en messingweefsels, aluminium en inox vlechtwerken exact afgestemd op het ontwerp en de visie van de ontwerper duurzame materialen RVS, brons, messing en aluminium van premium kwaliteit, met precisie vervaardigd voor een hoogwaardige, verfijnde uitstraling. +35JAAR EXPERTISE [&hellip;]<\/p>\n","protected":false},"author":1,"featured_media":0,"parent":0,"menu_order":0,"comment_status":"closed","ping_status":"closed","template":"elementor_header_footer","meta":{"footnotes":""},"class_list":["post-61","page","type-page","status-publish","hentry"],"blocksy_meta":[],"_links":{"self":[{"href":"https:\/\/ko-co.com\/fr\/wp-json\/wp\/v2\/pages\/61","targetHints":{"allow":["GET"]}}],"collection":[{"href":"https:\/\/ko-co.com\/fr\/wp-json\/wp\/v2\/pages"}],"about":[{"href":"https:\/\/ko-co.com\/fr\/wp-json\/wp\/v2\/types\/page"}],"author":[{"embeddable":true,"href":"https:\/\/ko-co.com\/fr\/wp-json\/wp\/v2\/users\/1"}],"replies":[{"embeddable":true,"href":"https:\/\/ko-co.com\/fr\/wp-json\/wp\/v2\/comments?post=61"}],"version-history":[{"count":193,"href":"https:\/\/ko-co.com\/fr\/wp-json\/wp\/v2\/pages\/61\/revisions"}],"predecessor-version":[{"id":1950,"href":"https:\/\/ko-co.com\/fr\/wp-json\/wp\/v2\/pages\/61\/revisions\/1950"}],"wp:attachment":[{"href":"https:\/\/ko-co.com\/fr\/wp-json\/wp\/v2\/media?parent=61"}],"curies":[{"name":"wp","href":"https:\/\/api.w.org\/{rel}","templated":true}]}}